{"id":96,"date":"2022-08-16T09:55:08","date_gmt":"2022-08-16T08:55:08","guid":{"rendered":"https:\/\/soluclean.eu\/?page_id=96"},"modified":"2023-01-17T15:25:23","modified_gmt":"2023-01-17T15:25:23","slug":"about-us","status":"publish","type":"page","link":"https:\/\/soluclean.eu\/sk\/o-nas\/","title":{"rendered":"About Us"},"content":{"rendered":"<h2>soluCLEAN N\u00e1\u0161 pr\u00edbeh<\/h2><h3>N\u00e1\u0161 pr\u00edbeh sa za\u010dal pred 8 rokmi, ke\u010f zakladatelia spolo\u010dnosti soluCLEAN vyvinuli a vytvorili rad v\u00fdrobkov, ktor\u00e9 eliminovali jednorazov\u00e9 plasty z cel\u00e9ho dod\u00e1vate\u013esk\u00e9ho a produktov\u00e9ho re\u0165azca. T\u00edm, ktor\u00fd vytvoril sortiment soluCLEAN, u\u017e predt\u00fdm pracoval s PVOH f\u00f3liou rozpustnou vo vode a v\u0161imol si medzeru na trhu, kde sa t\u00e1to technol\u00f3gia vyu\u017e\u00edva na balenie chemick\u00fdch koncentr\u00e1tov, a tak sa zrodil soluCLEAN.<\/h3>\n          <h3>The journey of soluCLEAN is one of many twists; 8 years ago the words &#8216;sustainability&#8217; and &#8216;eco&#8217; were treated with much less vigor and importance as they are now. soluCLEAN was the first single use plastic free cleaning brand In the commercial cleaning sector\u2026 the market place today compared to that of 8 years ago has progressed to having the environment at the forefront.<\/h3>\n          <h3>\u013dudia teraz nakupuj\u00fa a sk\u00famaj\u00fa najudr\u017eate\u013enej\u0161ie a ekologicky zodpovedn\u00e9 produkty nie preto, aby si za\u0161krtli pol\u00ed\u010dko, ale preto, \u017ee im skuto\u010dne z\u00e1le\u017e\u00ed na produktoch, ktor\u00e9 pou\u017e\u00edvaj\u00fa na \u010distenie svojich prev\u00e1dzok.<\/h3>\n          <h3><strong>Our story has recently taken it&#8217;s latest twist, soluCLEAN has been given a whole new look: a new brand concept, a firmly defined tone and messaging that sums up the benefits and ethos of the brand. As sustainable products become more and more in demand, we thought it best to evolve with the times too.<\/strong><\/h3><h2>&nbsp;<\/h2><h2>soluCLEAN is simple, straight forward and does what it says on the recyclable bottle! \ud83d\ude09<\/h2>\n<h2>\n\t\tPozrite si na\u0161e nov\u00e9 firemn\u00e9 video t\u00edmu tu!\n\t<\/h2>\n\t<iframe width=\"560\" height=\"315\" src=\"https:\/\/www.youtube.com\/embed\/hu9jj8cgAvI\" title=\"Prehr\u00e1va\u010d vide\u00ed YouTube\" frameborder=\"0\" allow=\"accelerometer; autoplay; clipboard-write; encrypted-media; gyroscope; picture-in-picture\" allowfullscreen=\"\"><\/iframe>\n<h2>\n\t\tSk\u00fasenosti\n\t<\/h2>\n              <img decoding=\"async\" src=\"\/wp-content\/uploads\/2022\/08\/Speech-Mark.png\">\n            <p>Najv\u00e4\u010d\u0161\u00edm pr\u00ednosom pre koncov\u00e9ho pou\u017e\u00edvate\u013ea je obrovsk\u00e9 zn\u00ed\u017eenie mno\u017estva jednorazov\u00e9ho plastov\u00e9ho odpadu, odhadujeme, \u017ee sme u\u0161etrili viac ako 6000 kg plastov, ktor\u00e9 sa dostali do odpadov\u00fdch tokov v priestoroch na\u0161ich klientov.<\/p>          \n                <strong>Danny Gostt<\/strong>\n                Prev\u00e1dzkov\u00fd riadite\u013e TSS\n              <img decoding=\"async\" src=\"\/wp-content\/uploads\/2022\/08\/Speech-Mark.png\">\n            <p>\"Ako rodinn\u00e9 a uzn\u00e1van\u00e9 komer\u010dn\u00e9 \u010distenie a podpora, ktor\u00fa treba pou\u017e\u00edva\u0165, a preto bolo na\u0161e partnerstvo so spolo\u010dnos\u0165ou Solupak \u00faspe\u0161n\u00e9... produkty Solupak sme za\u010dali zav\u00e1dza\u0165 v roku 2018 a tento prechod sa uskuto\u010dnil \u013eahko v\u010faka cenn\u00fdm \u0161koliacim materi\u00e1lom a slu\u017eb\u00e1m, ktor\u00e9 poskytol ich t\u00edm. Produkty Solupak n\u00e1m be\u017eali tak hladko, ako to len bolo mo\u017en\u00e9.\"<\/p>          \n                <strong>Mike Rowley<\/strong>\n                Prev\u00e1dzkov\u00fd riadite\u013e\n              <img decoding=\"async\" src=\"\/wp-content\/uploads\/2022\/08\/Speech-Mark.png\">\n            <p>\"Produkty Solupak sme za\u010dali pou\u017e\u00edva\u0165 v roku 2018 po tom, \u010do sme mali probl\u00e9my s predch\u00e1dzaj\u00facimi dod\u00e1vate\u013emi, ktor\u00ed sa uk\u00e1zali ako nespo\u013eahliv\u00ed. Nikdy sme nemali probl\u00e9m so z\u00edskan\u00edm z\u00e1sob od spolo\u010dnosti Solupak a v\u00fdrobky boli naj\u00fa\u010dinnej\u0161ie, ak\u00e9 sme vysk\u00fa\u0161ali.\"<\/p>          \n                <strong>Eoin O'Brien<\/strong>\n                Prev\u00e1dzkov\u00fd riadite\u013e\n              <img decoding=\"async\" src=\"\/wp-content\/uploads\/2022\/08\/Speech-Mark.png\">\n            <p>Odozva na\u0161ich kolegov z maloobchodu bola vynikaj\u00faca, r\u00fdchlo si toto inovat\u00edvne rie\u0161enie osvojili a ve\u013emi si ho pochva\u013eovali.<\/p>          \n                <strong>Ally Stephensonov\u00e1<\/strong>\n                Ved\u00faci n\u00e1kupu (GNFR)","protected":false},"excerpt":{"rendered":"<p>soluCLEAN Our Story Our story begins 8 years ago, when the soluCLEAN founders developed and created a range of products that eliminated single use plastics from the entire supply and product chain. The team who created the soluCLEAN range had already been working with the PVOH water-soluble film and noticed a gap in the market&hellip;<\/p>","protected":false},"author":4,"featured_media":0,"parent":0,"menu_order":0,"comment_status":"closed","ping_status":"closed","template":"","meta":{"footnotes":""},"class_list":["post-96","page","type-page","status-publish","hentry"],"_links":{"self":[{"href":"https:\/\/soluclean.eu\/sk\/wp-json\/wp\/v2\/pages\/96","targetHints":{"allow":["GET"]}}],"collection":[{"href":"https:\/\/soluclean.eu\/sk\/wp-json\/wp\/v2\/pages"}],"about":[{"href":"https:\/\/soluclean.eu\/sk\/wp-json\/wp\/v2\/types\/page"}],"author":[{"embeddable":true,"href":"https:\/\/soluclean.eu\/sk\/wp-json\/wp\/v2\/users\/4"}],"replies":[{"embeddable":true,"href":"https:\/\/soluclean.eu\/sk\/wp-json\/wp\/v2\/comments?post=96"}],"version-history":[{"count":20,"href":"https:\/\/soluclean.eu\/sk\/wp-json\/wp\/v2\/pages\/96\/revisions"}],"predecessor-version":[{"id":1652,"href":"https:\/\/soluclean.eu\/sk\/wp-json\/wp\/v2\/pages\/96\/revisions\/1652"}],"wp:attachment":[{"href":"https:\/\/soluclean.eu\/sk\/wp-json\/wp\/v2\/media?parent=96"}],"curies":[{"name":"wp","href":"https:\/\/api.w.org\/{rel}","templated":true}]}}