{"id":728,"date":"2022-10-11T11:48:44","date_gmt":"2022-10-11T10:48:44","guid":{"rendered":"https:\/\/soluclean.eu\/?page_id=728"},"modified":"2023-01-17T15:27:58","modified_gmt":"2023-01-17T15:27:58","slug":"training","status":"publish","type":"page","link":"https:\/\/soluclean.eu\/sk\/skolenie\/","title":{"rendered":"\u0160kolenie soluCLEAN"},"content":{"rendered":"<p>We&#8217;ve created this 3 minute video guide to provide viewers with an overview of our soluCLEAN eco-responsible cleaning products. Watch the video to explore the product range and learn about its various applications around the workplace and the easy 4 step Fill, Add, Shake &amp; Go! product usage process. The video also highlights some of the many features and safety benefits soluCLEAN users enjoy every day by choosing our products.<\/p>\n          <p>Pozrite si na\u0161u nov\u00fa bro\u017e\u00faru tu.<\/p><h1><a href=\"https:\/\/soluclean.eu\/wp-content\/uploads\/2022\/11\/soluCLEAN_brochure_OCT_22.pdf\">2022 Bro\u017e\u00fara<\/a><\/h1>\n              <img decoding=\"async\" src=\"\/wp-content\/uploads\/2022\/08\/Speech-Mark.png\">\n            <p>Najv\u00e4\u010d\u0161\u00edm pr\u00ednosom pre koncov\u00e9ho pou\u017e\u00edvate\u013ea je obrovsk\u00e9 zn\u00ed\u017eenie mno\u017estva jednorazov\u00e9ho plastov\u00e9ho odpadu, odhadujeme, \u017ee sme u\u0161etrili viac ako 6000 kg plastov, ktor\u00e9 sa dostali do odpadov\u00fdch tokov v priestoroch na\u0161ich klientov.<\/p>          \n                <strong>Danny Gostt<\/strong>\n                Prev\u00e1dzkov\u00fd riadite\u013e TSS\n              <img decoding=\"async\" src=\"\/wp-content\/uploads\/2022\/08\/Speech-Mark.png\">\n            <p>\"Ako rodinn\u00e9 a uzn\u00e1van\u00e9 komer\u010dn\u00e9 \u010distenie a podpora, ktor\u00fa treba pou\u017e\u00edva\u0165, a preto bolo na\u0161e partnerstvo so spolo\u010dnos\u0165ou Solupak \u00faspe\u0161n\u00e9... produkty Solupak sme za\u010dali zav\u00e1dza\u0165 v roku 2018 a tento prechod sa uskuto\u010dnil \u013eahko v\u010faka cenn\u00fdm \u0161koliacim materi\u00e1lom a slu\u017eb\u00e1m, ktor\u00e9 poskytol ich t\u00edm. Produkty Solupak n\u00e1m be\u017eali tak hladko, ako to len bolo mo\u017en\u00e9.\"<\/p>          \n                <strong>Mike Rowley<\/strong>\n                Prev\u00e1dzkov\u00fd riadite\u013e\n              <img decoding=\"async\" src=\"\/wp-content\/uploads\/2022\/08\/Speech-Mark.png\">\n            <p>\"Produkty Solupak sme za\u010dali pou\u017e\u00edva\u0165 v roku 2018 po tom, \u010do sme mali probl\u00e9my s predch\u00e1dzaj\u00facimi dod\u00e1vate\u013emi, ktor\u00ed sa uk\u00e1zali ako nespo\u013eahliv\u00ed. Nikdy sme nemali probl\u00e9m so z\u00edskan\u00edm z\u00e1sob od spolo\u010dnosti Solupak a v\u00fdrobky boli naj\u00fa\u010dinnej\u0161ie, ak\u00e9 sme vysk\u00fa\u0161ali.\"<\/p>          \n                <strong>Eoin O'Brien<\/strong>\n                Prev\u00e1dzkov\u00fd riadite\u013e\n              <img decoding=\"async\" src=\"\/wp-content\/uploads\/2022\/08\/Speech-Mark.png\">\n            <p>Odozva na\u0161ich kolegov z maloobchodu bola vynikaj\u00faca, r\u00fdchlo si toto inovat\u00edvne rie\u0161enie osvojili a ve\u013emi si ho pochva\u013eovali.<\/p>          \n                <strong>Ally Stephensonov\u00e1<\/strong>\n                Ved\u00faci n\u00e1kupu (GNFR)","protected":false},"excerpt":{"rendered":"<p>We&#8217;ve created this 3 minute video guide to provide viewers with an overview of our soluCLEAN eco-responsible cleaning products. Watch the video to explore the product range and learn about its various applications around the workplace and the easy 4 step Fill, Add, Shake &amp; Go! product usage process. The video also highlights some of&hellip;<\/p>","protected":false},"author":4,"featured_media":0,"parent":0,"menu_order":0,"comment_status":"closed","ping_status":"closed","template":"","meta":{"footnotes":""},"class_list":["post-728","page","type-page","status-publish","hentry"],"_links":{"self":[{"href":"https:\/\/soluclean.eu\/sk\/wp-json\/wp\/v2\/pages\/728","targetHints":{"allow":["GET"]}}],"collection":[{"href":"https:\/\/soluclean.eu\/sk\/wp-json\/wp\/v2\/pages"}],"about":[{"href":"https:\/\/soluclean.eu\/sk\/wp-json\/wp\/v2\/types\/page"}],"author":[{"embeddable":true,"href":"https:\/\/soluclean.eu\/sk\/wp-json\/wp\/v2\/users\/4"}],"replies":[{"embeddable":true,"href":"https:\/\/soluclean.eu\/sk\/wp-json\/wp\/v2\/comments?post=728"}],"version-history":[{"count":18,"href":"https:\/\/soluclean.eu\/sk\/wp-json\/wp\/v2\/pages\/728\/revisions"}],"predecessor-version":[{"id":1055,"href":"https:\/\/soluclean.eu\/sk\/wp-json\/wp\/v2\/pages\/728\/revisions\/1055"}],"wp:attachment":[{"href":"https:\/\/soluclean.eu\/sk\/wp-json\/wp\/v2\/media?parent=728"}],"curies":[{"name":"wp","href":"https:\/\/api.w.org\/{rel}","templated":true}]}}