{"id":431,"date":"2022-08-29T16:40:30","date_gmt":"2022-08-29T15:40:30","guid":{"rendered":"https:\/\/soluclean.eu\/?page_id=431"},"modified":"2023-01-17T15:26:56","modified_gmt":"2023-01-17T15:26:56","slug":"case-studies","status":"publish","type":"page","link":"https:\/\/soluclean.eu\/sk\/pripadove-studie\/","title":{"rendered":"Pr\u00edpadov\u00e9 \u0161t\u00fadie"},"content":{"rendered":"<img decoding=\"async\" src=\"https:\/\/soluclean.eu\/wp-content\/uploads\/2022\/08\/logo-Greggs.png\">\n        <h2>Pr\u00edpadov\u00e1 \u0161t\u00fadia<\/h2>\n        <p>Greggs are the most successful high street bakery chain in the UK with a presence in virtually every major UK town and city and around 2200 retail outlets\u2026 even more than McDonalds UK!<\/p>\n        <a href=\"https:\/\/soluclean.eu\/sk\/pripadove-studie\/\">Pre\u010d\u00edtajte si viac<\/a>\n      <img decoding=\"async\" src=\"https:\/\/soluclean.eu\/wp-content\/uploads\/2022\/08\/Total-Support-Services-full-logo-png.png\">\n        <h2>Pr\u00edpadov\u00e1 \u0161t\u00fadia<\/h2>\n        Spolo\u010dnos\u0165 TSS (Toil Support Services) je nez\u00e1visl\u00fdm dod\u00e1vate\u013eom upratovac\u00edch slu\u017eieb. S filozofiou poskytova\u0165 konzistentn\u00e9, kvalitn\u00e9, n\u00e1kladovo efekt\u00edvne a<br>\ninnovative services.\nTSS has built long standing relationships and continues to foster new partnerships with businesses across varying industries and sectors.<br>\nMisia TSS: poskytova\u0165 kvalitn\u00e9, n\u00e1kladovo efekt\u00edvne, inovat\u00edvne a z\u00e1kazn\u00edcky orientovan\u00e9 slu\u017eby v\u0161etk\u00fdm na\u0161im klientom.\n        <a href=\"https:\/\/soluclean.eu\/sk\/pripadove-studie\/\">Pre\u010d\u00edtajte si viac<\/a>\n      <img decoding=\"async\" src=\"https:\/\/soluclean.eu\/wp-content\/uploads\/2022\/08\/Pear-Tree.png\">\n        <h2>Pr\u00edpadov\u00e1 \u0161t\u00fadia<\/h2>\n        <p>Spolo\u010dnos\u0165 Peartree Cleaning Services je \u0161pecializovan\u00e1 na komer\u010dn\u00e9 upratovacie a podporn\u00e9 slu\u017eby. Spolo\u010dnos\u0165 Peartree bola zalo\u017een\u00e1 v roku 1986 a zamestn\u00e1va viac ako 1400 plne vy\u0161kolen\u00fdch upratovac\u00edch a podporn\u00fdch pracovn\u00edkov v celom Spojenom kr\u00e1\u013eovstve.<\/p>\nIch slu\u017eby, ktor\u00e9 s\u00fa uzn\u00e1van\u00e9 ako vybran\u00fd partner s neuverite\u013ene vysok\u00fdmi \u0161tandardmi a vynikaj\u00facou reput\u00e1ciou, poskytuj\u00fa sk\u00fasen\u00e9 t\u00edmy, ktor\u00e9<br>\nniektor\u00e9 z najzn\u00e1mej\u0161\u00edch spolo\u010dnost\u00ed v Spojenom kr\u00e1\u013eovstve\n        <a href=\"https:\/\/soluclean.eu\/sk\/pripadove-studie\/\">Pre\u010d\u00edtajte si viac<\/a>\n      <img decoding=\"async\" src=\"https:\/\/soluclean.eu\/wp-content\/uploads\/2022\/08\/Cleaning_contractors_PNG.png\">\n        <h2>Pr\u00edpadov\u00e1 \u0161t\u00fadia<\/h2>\n        <p>Broadfords je medzin\u00e1rodn\u00e1 spolo\u010dnos\u0165 zaoberaj\u00faca sa upratovan\u00edm, ktor\u00e1 p\u00f4sob\u00ed na trhu u\u017e 25 rokov.<\/p>\n<p>Broadfords je r\u00fdchla, priate\u013esk\u00e1 a plne funk\u010dn\u00e1 profesion\u00e1lna upratovacia spolo\u010dnos\u0165, ktor\u00e1 p\u00f4sob\u00ed preva\u017ene v podnikate\u013eskom a maloobchodnom sektore. Spolo\u010dnos\u0165 Broadfords je zn\u00e1ma v celej \u00cdrskej republike a stala sa vlajkovou lo\u010fou spolo\u010dnosti Soluclean v tejto krajine.<\/p>\n        <a href=\"https:\/\/soluclean.eu\/sk\/pripadove-studie\/\">Pre\u010d\u00edtajte si viac<\/a>\n          <img decoding=\"async\" src=\"\/wp-content\/uploads\/2022\/08\/wavey-line-e1661186613779.png\">\n            <h2>Pre\u010do Solupak<\/h2>\n<p>In 2014 Ally Stephenson, Head of Purchasing at Greggs, approached us with the following challenge\u2026<\/p>\n<p>Dodanie nov\u00e9ho a inovat\u00edvneho syst\u00e9mu d\u00e1vkovania chemik\u00e1li\u00ed, ktor\u00fd zni\u017euje objem vody obsiahnutej v pr\u00edpravkoch pou\u017e\u00edvan\u00fdch v 2200 predajniach v Spojenom kr\u00e1\u013eovstve.<\/p>\n<p>Na\u0161a odpove\u010f bola jednoduch\u00e1: na\u0161e produkty sa dokonale hodili na tento kr\u00e1tky projekt.<\/p>\n<p>Spolo\u010dnos\u0165 SoluPak ako \u0161pecializovan\u00fd v\u00fdrobca pon\u00fakla sortiment jednod\u00e1vkov\u00fdch rozpustn\u00fdch vrec\u00fa\u0161ok na v\u00e4\u010d\u0161inu \u010distiacich a dezinfek\u010dn\u00fdch \u010dinnost\u00ed v predajniach Greggs a uskuto\u010dnili sa rozsiahle sk\u00fa\u0161ky.<\/p>\n          <img decoding=\"async\" src=\"\/wp-content\/uploads\/2022\/08\/wavey-line-e1661186613779.png\">\n            <h2>Pr\u00edbeh<\/h2>\n<p>With our help\u2026 As part of this Greggs project, the SoluPak technology has prevented over 3 tonnes of plastic per year from entering the waste stream, with further product development projected to increase this to over 6 tonnes per year with the roll out of the dish-wash and rinse-aid products. Before SoluPak stepped in, Greggs had to empty the local bins 3 times per week to remove the packaging waste. With our help, this has now been reduced to just once per week. Following extensive trials across over 30 retail outlets, on the 1st June 2017 the new regime rolled out in one \u201cbig bang\u2019, with an unprecedented level of user acceptance without the need for additional training or site visits.<\/p>\n          <img decoding=\"async\" src=\"\/wp-content\/uploads\/2022\/08\/wavey-line-e1661186613779.png\">\n            <h2>Pre\u010do soluCLEAN<\/h2>\n<p>Poslanie TSS sa hod\u00ed k sortimentu v\u00fdrobkov Solupak.e....<br>Na\u0161e v\u00fdrobky s\u00fa najvy\u0161\u0161ej kvality, balen\u00e9 a navrhnut\u00e9 v dome, do ktor\u00e9ho sme vlo\u017eili \u010das a trpezlivos\u0165.<br>zabezpe\u010duje, \u017ee na\u0161e v\u00fdrobky s\u00fa \u0161pi\u010dkov\u00e9.<\/p>\n<p>N\u00e1kladov\u00e1 efekt\u00edvnos\u0165 je v popred\u00ed sortimentu v\u00fdrobkov Solupak; s trojro\u010dnou trvanlivos\u0165ou a n\u00e1kladmi a<br>d\u00e1vkovanie istotu, \u017ee \u017eiadny produkt (ani peniaze) nepr\u00edde nazmar.<\/p>\n<p>Inov\u00e1cie s\u00fa hnac\u00edm motorom spolo\u010dnosti Solupak od sam\u00e9ho za\u010diatku. Poskytujeme pozit\u00edvne zmeny bez zvy\u0161ovania n\u00e1kladov<br>ALEBO po\u0161kodenie \u017eivotn\u00e9ho prostredia.<\/p>\n          <img decoding=\"async\" src=\"\/wp-content\/uploads\/2022\/08\/wavey-line-e1661186613779.png\">\n            <h2>Pr\u00edbeh<\/h2>\n<p>Spolo\u010dnos\u0165 TSS za\u010dala pou\u017e\u00edva\u0165 produkty SoluPak v roku 2016 ako novovymenovan\u00fd dod\u00e1vate\u013e spolo\u010dnosti John Lewis Partnership.<\/p>\n<p>Sortiment v\u00fdrobkov SoluClean je schv\u00e1len\u00fd spolo\u010dnos\u0165ou JLP na pou\u017e\u00edvanie v jej obchodn\u00fdch domoch, supermarketoch, kancel\u00e1ri\u00e1ch a distribu\u010dn\u00fdch centr\u00e1ch.<\/p>\n<p>Spolo\u010dnos\u0165 TSS sa presved\u010dila o v\u00fdhod\u00e1ch syst\u00e9mu SoluPak a implementovala ho na viacer\u00fdch svetozn\u00e1mych, ikonick\u00fdch pamiatkach.<\/p>\n          <img decoding=\"async\" src=\"\/wp-content\/uploads\/2022\/08\/wavey-line-e1661186613779.png\">\n            <h2>Pre\u010do soluCLEAN<\/h2>\n<p><strong>The Solupak product range supports Peartree\u2019s strategy and vision<\/strong><\/p>\n<p>Our products are manufactured in line with Peartree\u2019s sustainable supply chain strategy.<\/p>\n<p>N\u00e1kladov\u00e1 efekt\u00edvnos\u0165 je skuto\u010dn\u00fdm vrcholom sortimentu v\u00fdrobkov Solupak. So spolo\u010dnos\u0165ou Peartree sme sa dohodli na r\u00e1mci n\u00e1kladov, ktor\u00fd dokonale zodpoved\u00e1 ich pl\u00e1nu v\u00fddavkov.<\/p>\n<p>Nulov\u00fd odpad a zni\u017eovanie mno\u017estva plastov je pre spolo\u010dnosti Peartree a Solupak v\u00fdznamn\u00fdm hnac\u00edm motorom. V prvom roku n\u00e1\u0161ho partnerstva spolo\u010dnos\u0165 Peartree zn\u00ed\u017eila spotrebu sp\u00fa\u0161\u0165ac\u00edch sprejov o 22 000 kusov. V\u00fdvoj v\u00fdrobkov prebieha vo vlastnej r\u00e9\u017eii, \u010do spolo\u010dnosti Peartree poskytuje flexibilitu, pokia\u013e ide o farbu v\u00fdrobku, ve\u013ekos\u0165 balenia a v\u00f4ne.<\/p>\n          <img decoding=\"async\" src=\"\/wp-content\/uploads\/2022\/08\/wavey-line-e1661186613779.png\">\n            <h2>Pr\u00edbeh<\/h2>\n<p>V roku 2018 boli dokon\u010den\u00e9 sk\u00fa\u0161ky produktu na k\u013e\u00fa\u010dov\u00fdch z\u00e1kazn\u00edckych miestach a zozbieran\u00e1 kritick\u00e1 sp\u00e4tn\u00e1 v\u00e4zba od v\u0161etk\u00fdch zainteresovan\u00fdch str\u00e1n, aby bolo mo\u017en\u00e9 od\u00f4vodni\u0165 zaradenie spolo\u010dnosti Solupak do obchodnej verejnej s\u00fa\u0165a\u017ee.<\/p>\n<p>Po v\u00fdberovom konan\u00ed spolo\u010dnos\u0165 Solupak pod\u013ea potreby podporovala spolo\u010dnos\u0165 Peartree prezent\u00e1ciami t\u00edmu, vzorkami v\u00fdrobkov, n\u00e1v\u0161tevami na mieste, \u00fadajmi o BOZP, n\u00e1stenn\u00fdmi sch\u00e9mami a \u0161koliacimi materi\u00e1lmi, ktor\u00e9 boli prisp\u00f4soben\u00e9 schv\u00e1len\u00e9mu sortimentu v\u00fdrobkov spolo\u010dnosti Peartree.<\/p>\n<p>Po\u010das pand\u00e9mie COVID-19 spolo\u010dnos\u0165 Solupak vyvinula a otestovala viruc\u00eddny dezinfek\u010dn\u00fd prostriedok, ktor\u00fd spolo\u010dnos\u0165 Peartree \u00faspe\u0161ne implementovala v r\u00e1mci cel\u00e9ho podniku na praktick\u00e9 \u010distenie aj na ochranu povrchov rozpra\u0161ovan\u00edm.<\/p>\n          <img decoding=\"async\" src=\"\/wp-content\/uploads\/2022\/08\/wavey-line-e1661186613779.png\">\n            <h2>Pre\u010do soluCLEAN<\/h2>\n<p>The Solupak range lends itself to the requirements of Broadfords International- they had a problem, and we provided the solution\u2026<\/p>\n<p>Po\u017eiadavky spolo\u010dnosti Broadfords: \u00faspora miesta, ve\u013ekosti dod\u00e1vky a n\u00e1kladov na palivo.<\/p>\n<p>1. Save on space\u2026 the Solupak product range is packaged in watersoluble film, with no single use plastic involved and the products take up minimal space. Through implementing our products, a whole pallet of 5 litre liquid concentrate can be replaced with 4 packets of our product.<\/p>\n<p>2. Delivery size\u2026 as water is added after transportation, and the products are distributed in water-soluble sachets, the size of deliveries is relatively small, meaning that greater amounts of product can be ordered.<\/p>\n<p>3. Fuel costs\u2026 the weight of the load is consequently lighter due to having zero liquid to transport to customers; meaning that the cost of delivering our products to you and your distributors is considerably reduced.<\/p>\n          <img decoding=\"async\" src=\"\/wp-content\/uploads\/2022\/08\/wavey-line-e1661186613779.png\">\n            <h2>Pr\u00edbeh<\/h2>\n<p>Spolupr\u00e1ca medzi spolo\u010dnos\u0165ami Broadfords a Solupak sa za\u010dala v roku 2018 po tom, ako mala spolo\u010dnos\u0165 Broadfords probl\u00e9my s n\u00e1jden\u00edm dod\u00e1vate\u013eov kvalitn\u00fdch \u010distiacich prostriedkov rozpustn\u00fdch vo vode.<\/p>\n<p>Po sk\u00fasenostiach s nespo\u013eahliv\u00fdmi dod\u00e1vate\u013emi a neuspokojiv\u00fdmi v\u00fdrobkami mohla spolo\u010dnos\u0165 Broadfords zastavi\u0165 h\u013eadanie rozpustn\u00fdch \u010distiacich prostriedkov, ke\u010f objavila rad Solupak.<\/p>\n<p>Po nadviazan\u00ed siln\u00e9ho vz\u0165ahu po\u010das dvojro\u010dn\u00e9ho partnerstva si spolo\u010dnos\u0165 Broadfords teraz objedn\u00e1va \u0161tyri v\u00fdrobky z tohto sortimentu. Ide o \u010distiaci prostriedok na podlahy s odmas\u0165ova\u010dom, ktor\u00fd je bezpe\u010dn\u00fd pre potraviny, \u010distiaci prostriedok na such\u00e9 drhnutie, \u010distiaci prostriedok na sklo a dezinfek\u010dn\u00fd prostriedok na povrchy.<\/p>\n<h2>\n\t\tSvedectvo z\u00e1kazn\u00edka\n\t<\/h2>\n          <img decoding=\"async\" src=\"\/wp-content\/uploads\/2022\/08\/Speech-Mark.png\">\n        <p>&nbsp;<\/p>\n<p>\u201cAs a fast moving consumer-led business with over 1700 shops, Greggs is always looking for<br>ako u\u013eah\u010di\u0165 \u017eivot na\u0161im zamestnancom, aby mohli str\u00e1vi\u0165 viac \u010dasu poskytovan\u00edm vynikaj\u00facich<br>slu\u017eby pre na\u0161ich z\u00e1kazn\u00edkov. Spolo\u010dnos\u0165 Greggs berie v\u00e1\u017ene aj svoju soci\u00e1lnu zodpovednos\u0165 a v r\u00e1mci<br>neust\u00e1le h\u013ead\u00e1 mo\u017enosti, ako zn\u00ed\u017ei\u0165 n\u00e1\u0161 vplyv na \u017eivotn\u00e9 prostredie. V roku 2015 sme<br>oslovila n\u00e1\u0161ho s\u00fa\u010dasn\u00e9ho dod\u00e1vate\u013ea chemik\u00e1li\u00ed, spolo\u010dnos\u0165 Christens Food Hygiene, a vyzvala ho, aby<br>aby n\u00e1m poskytli jednoduch\u00fd sp\u00f4sob dod\u00e1vania \u010distiacich prostriedkov do na\u0161ich predajn\u00ed,<br>pou\u017e\u00edvate\u013esky pr\u00edvetiv\u00fd sp\u00f4sob, ktor\u00fd odstra\u0148uje potrebu skladova\u0165 a prepravova\u0165 \u0165a\u017ek\u00e9 v\u00fdrobky po<br>krajiny bez toho, aby boli poru\u0161en\u00e9 po\u017eadovan\u00e9 vysok\u00e9 normy mikrobiologickej a alerg\u00e9nnej bezpe\u010dnosti.<br>kontrola. Spolo\u010dnos\u0165 Christeyns Food Hygiene prijala t\u00fato v\u00fdzvu a \u00fazko s nami spolupracovala na<br>come up with a solution that we are delighted with \u2013 soluble, single dose sachets in small,<br>\u013eahk\u00e9 prepravn\u00e9 obaly, ktor\u00e9 sa jednoducho a \u013eahko pou\u017e\u00edvaj\u00fa a s\u00fa bezpe\u010dn\u00e9 pre n\u00e1\u0161 person\u00e1l. K dispoz\u00edcii s\u00fa<br>viacero v\u00fdhod vr\u00e1tane jednoduch\u00e9ho pou\u017e\u00edvania, preto\u017ee form\u00e1t vrec\u00fa\u0161ka s jednou d\u00e1vkou je jednoducho<br>s\u00fa bezpe\u010dn\u00e9 na manipul\u00e1ciu, nevy\u017eaduj\u00fa si \u017eiadne osobn\u00e9 ochrann\u00e9 prostriedky a s\u00fa \u0161etrn\u00e9 k \u017eivotn\u00e9mu prostrediu.<br>S\u00fa tie\u017e prepravovan\u00e9 v kompaktn\u00fdch vreck\u00e1ch, ktor\u00e9 sa daj\u00fa znovu uzavrie\u0165 a \u013eahko uskladni\u0165.<br>doplni\u0165. Po rozsiahlych testoch v troch regi\u00f3noch sme hrd\u00ed na to, \u017ee sme prv\u00fdm n\u00e1rodn\u00fdm<br>maloobchodn\u00fd predajca potrav\u00edn, ktor\u00fd t\u00fato technol\u00f3giu zaviedol v celom na\u0161om maloobchode. Reakcia na\u0161ich<br>Maloobchodn\u00ed kolegovia boli vynikaj\u00faci s r\u00fdchlym prijat\u00edm a vysokou chv\u00e1lou pre tento inovat\u00edvny<br>solution. We are pleased to support Christens Food Hygiene\u2019s application for \u201cProduct of the<br>Year\u201d at the 2017 SOFHT awards.\u201d<\/p>\n<p>&nbsp;<\/p>\n            <strong>Ally Stephensonov\u00e1<\/strong>\n            Ved\u00faci n\u00e1kupu (GNFR)\n          <img decoding=\"async\" src=\"\/wp-content\/uploads\/2022\/08\/Speech-Mark.png\">\n        <p>\u201cWe started using the SoluPak products in 2016 as they are the approved range for John Lewis and Waitrose. It was quickly obvious to me that the system has many benefits that would be appreciated by our other clients for contribution to their CSR and Environmental objectives. Ethical accreditations are becoming more and more important to our clients and to us as an organisation, the Cruelty Free, Vegan and EcoFlower certifications give confidence<br>\u017ee SoluPak je etick\u00e1 organiz\u00e1cia.<\/p>\n<p>The biggest benefit for the end-user is the huge reduction in single use plastic waste, we estimate that we\u2019ve saved over 6000 KGS of plastic from entering the waste streams in our client premises. With the space saving, the simplicity in use, the ethical accreditations and the huge volume reductions for our distributors there are many great reasons for partnering with SoluPak.\u201d<\/p>\n            <strong>Danny Gostt<\/strong>\n            Prev\u00e1dzkov\u00fd riadite\u013e TSS\n          <img decoding=\"async\" src=\"\/wp-content\/uploads\/2022\/08\/Speech-Mark.png\">\n        <p>\u201cAs a family and well respected commercial cleaning and support to use, which is why our partnership with Solupak has been a success\u2026 we started rolling out the Solupak products in 2018, and this transition was done with ease, thanks to the valuable training materials and services that were provided by their team. We have the Solupak products ran as smoothly as possible.\u201d<\/p>\n            <strong>Mike Rowley<\/strong>\n            Prev\u00e1dzkov\u00fd riadite\u013e\n          <img decoding=\"async\" src=\"\/wp-content\/uploads\/2022\/08\/Speech-Mark.png\">\n        <p>\u201cWe started using the Solupak products in 2018 after having some trouble with previous suppliers who turned out to be unreliable. We have never had an issue with obtaining stock from Solupak, and the products have been the most effective that we have tried. The values and ethos of Solupak set them apart from companies that we have worked with in the past, with their vegan and cruelty free accreditations being key to our initial and continued involvement with them. We restrict our stock lists overall, but order 4 products from Solupak, and would not say no to advancing on this in the future due to the reliability of the company!<\/p>\n<p>We look forward to maintaining our relationship with the Solupak brand.\u201d<\/p>\n            <strong>Eoin O'Brien<\/strong>\n            Prev\u00e1dzkov\u00fd riadite\u013e","protected":false},"excerpt":{"rendered":"<p>Case Study Greggs are the most successful high street bakery chain in the UK with a presence in virtually every major UK town and city and around 2200 retail outlets\u2026 even more than McDonalds UK! Read more Case Study TSS, or Toil Support Services, is an independent cleaning contractor. With a philosophy to provide a&hellip;<\/p>","protected":false},"author":4,"featured_media":0,"parent":0,"menu_order":0,"comment_status":"closed","ping_status":"closed","template":"","meta":{"footnotes":""},"class_list":["post-431","page","type-page","status-publish","hentry"],"_links":{"self":[{"href":"https:\/\/soluclean.eu\/sk\/wp-json\/wp\/v2\/pages\/431","targetHints":{"allow":["GET"]}}],"collection":[{"href":"https:\/\/soluclean.eu\/sk\/wp-json\/wp\/v2\/pages"}],"about":[{"href":"https:\/\/soluclean.eu\/sk\/wp-json\/wp\/v2\/types\/page"}],"author":[{"embeddable":true,"href":"https:\/\/soluclean.eu\/sk\/wp-json\/wp\/v2\/users\/4"}],"replies":[{"embeddable":true,"href":"https:\/\/soluclean.eu\/sk\/wp-json\/wp\/v2\/comments?post=431"}],"version-history":[{"count":11,"href":"https:\/\/soluclean.eu\/sk\/wp-json\/wp\/v2\/pages\/431\/revisions"}],"predecessor-version":[{"id":1654,"href":"https:\/\/soluclean.eu\/sk\/wp-json\/wp\/v2\/pages\/431\/revisions\/1654"}],"wp:attachment":[{"href":"https:\/\/soluclean.eu\/sk\/wp-json\/wp\/v2\/media?parent=431"}],"curies":[{"name":"wp","href":"https:\/\/api.w.org\/{rel}","templated":true}]}}