{"id":2,"date":"2022-08-04T09:47:42","date_gmt":"2022-08-04T08:47:42","guid":{"rendered":"https:\/\/soluclean.eu\/?page_id=2"},"modified":"2023-01-17T15:27:22","modified_gmt":"2023-01-17T15:27:22","slug":"home","status":"publish","type":"page","link":"https:\/\/soluclean.eu\/sk\/","title":{"rendered":"Domov"},"content":{"rendered":"<img decoding=\"async\" src=\"https:\/\/soluclean.eu\/wp-content\/uploads\/2022\/08\/Banner-Image.png\" alt=\"Banner-obr\u00e1zok\" itemprop=\"image\" height=\"830\" width=\"2000\" title=\"Banner-obr\u00e1zok\" onerror=\"this.style.display='none'\">\n    Udr\u017eate\u013ene z\u00edskan\u00e9 -\n    \u010cistenie bez plastov\n<h2>\n\t\tNa\u0161e poslanie\n\t<\/h2>\n\t<p>By\u0165 popredn\u00fdm v\u00fdrobcom \u00fa\u010dinn\u00fdch a cenovo v\u00fdhodn\u00fdch \u010distiacich koncentr\u00e1tov balen\u00fdch do vo vode rozpustn\u00fdch f\u00f3liov\u00fdch kaps\u00fal, vyroben\u00fdch pod\u013ea najvy\u0161\u0161\u00edch mo\u017en\u00fdch etick\u00fdch noriem.<\/p>\n  <a href=\"https:\/\/soluclean.eu\/sk\/o-nas\/\" target=\"_self\" rel=\"noopener\">\n    Zistite viac\n  <\/a>\n<h2>\n\t\tU\u0161etrite viac ako len peniaze\n\t<\/h2>\n      <img decoding=\"async\" src=\"https:\/\/soluclean.eu\/wp-content\/uploads\/2022\/08\/Ballon-1.png\">\n      99% \u013dah\u0161ie\n\n      <img decoding=\"async\" src=\"https:\/\/soluclean.eu\/wp-content\/uploads\/2022\/08\/magnify-glass.png\">\n      70% Menej obalov\n\n      <img decoding=\"async\" src=\"https:\/\/soluclean.eu\/wp-content\/uploads\/2022\/08\/world.png\">\n      90% \u00daspora CO2\n\n      <img decoding=\"async\" src=\"https:\/\/soluclean.eu\/wp-content\/uploads\/2022\/08\/box.png\">\n      96% viac \u00falo\u017en\u00e9ho priestoru\n\n      <img decoding=\"async\" src=\"https:\/\/soluclean.eu\/wp-content\/uploads\/2022\/08\/piggy-bank-1.png\">\n      60% \u00faspora v porovnan\u00ed s hotov\u00fdmi pr\u00edpravkami\n\n      <img decoding=\"async\" src=\"https:\/\/soluclean.eu\/wp-content\/uploads\/2022\/08\/sachet.png\">\n      3 235 560 predan\u00fdch kaps\u00fal v roku 2021\n\n\t<h2>Pozrite si na\u0161u anim\u00e1ciu a dozviete sa viac!<\/h2>\n\t<iframe width=\"560\" height=\"315\" src=\"https:\/\/www.youtube.com\/embed\/MpsmykF4PlI\" title=\"Prehr\u00e1va\u010d vide\u00ed YouTube\" frameborder=\"0\" allow=\"accelerometer; autoplay; clipboard-write; encrypted-media; gyroscope; picture-in-picture\" allowfullscreen=\"\"><\/iframe>\n<h2>\n\t\tProdukty\n\t<\/h2>\n      <a href=\"https:\/\/soluclean.eu\/sk\/product\/heavy-duty-degreaser\/\">\n          \t<img decoding=\"async\" src=\"https:\/\/soluclean.eu\/wp-content\/uploads\/2022\/08\/Heavy-duty-degreaser-Transparent-background.png\">\n            <h3>Heavy Duty Degreaser<\/h3>\n      <\/a>\n      <a href=\"https:\/\/soluclean.eu\/sk\/product\/automaticke-umyvanie-riadu\/\">\n          \t<img decoding=\"async\" src=\"https:\/\/soluclean.eu\/wp-content\/uploads\/2022\/08\/Auto-Dishwash-Transparent-background.png\">\n            <h3>Auto Dishwash<\/h3>\n      <\/a>\n      <a href=\"https:\/\/soluclean.eu\/sk\/product\/surface-sanitiser-food-safe\/\">\n          \t<img decoding=\"async\" src=\"https:\/\/soluclean.eu\/wp-content\/uploads\/2022\/08\/Surface-sanitiser-Transparent-background.png\">\n            <h3>Surface Sanitiser Food Safe<\/h3>\n      <\/a>\n      <a href=\"https:\/\/soluclean.eu\/sk\/product\/osviezovac-vzduchu\/\">\n          \t<img decoding=\"async\" src=\"https:\/\/soluclean.eu\/wp-content\/uploads\/2022\/09\/Air-Freshener-Bottle-Transparent-background.png\">\n            <h3>Air Freshener<\/h3>\n      <\/a>\n      <a href=\"https:\/\/soluclean.eu\/sk\/product\/biologicky-cistic-umyvarni\/\">\n          \t<img decoding=\"async\" src=\"https:\/\/soluclean.eu\/wp-content\/uploads\/2022\/08\/Bio-washroom-cleaner-transparent-background.png\">\n            <h3>Biological Washroom Cleaner<\/h3>\n      <\/a>\n      <a href=\"https:\/\/soluclean.eu\/sk\/product\/univerzalny-cistiaci-prostriedok-2\/\">\n          \t<img decoding=\"async\" src=\"https:\/\/soluclean.eu\/wp-content\/uploads\/2022\/08\/All-purpose-Cleaner-Transparent-Background.png\">\n            <h3>All Purpose Cleaner<\/h3>\n      <\/a>\n      <a href=\"https:\/\/soluclean.eu\/sk\/product\/cistic-umyvarni-2\/\">\n          \t<img decoding=\"async\" src=\"https:\/\/soluclean.eu\/wp-content\/uploads\/2022\/08\/Washroom-cleaner-Transparent-background.png\">\n            <h3>Washroom Cleaner<\/h3>\n      <\/a>\n      <a href=\"https:\/\/soluclean.eu\/sk\/product\/odmastovac-cistic\/\">\n          \t<img decoding=\"async\" src=\"https:\/\/soluclean.eu\/wp-content\/uploads\/2022\/08\/Degreaser-cleaner-transparent-background-1.png\">\n            <h3>Degreaser Cleaner<\/h3>\n      <\/a>\n  <a href=\"\/sk\/products\/\" target=\"_self\" rel=\"noopener\">\n    Zobrazi\u0165 v\u0161etky produkty\n  <\/a>\n<h2>\n\t\tSk\u00fasenosti\n\t<\/h2>\n              <img decoding=\"async\" src=\"\/wp-content\/uploads\/2022\/08\/Speech-Mark.png\">\n            <p>Najv\u00e4\u010d\u0161\u00edm pr\u00ednosom pre koncov\u00e9ho pou\u017e\u00edvate\u013ea je obrovsk\u00e9 zn\u00ed\u017eenie mno\u017estva jednorazov\u00e9ho plastov\u00e9ho odpadu, odhadujeme, \u017ee sme u\u0161etrili viac ako 6000 kg plastov, ktor\u00e9 sa dostali do odpadov\u00fdch tokov v priestoroch na\u0161ich klientov.<\/p>          \n                <strong>Danny Gostt<\/strong>\n                Prev\u00e1dzkov\u00fd riadite\u013e TSS\n              <img decoding=\"async\" src=\"\/wp-content\/uploads\/2022\/08\/Speech-Mark.png\">\n            <p>\"Ako rodinn\u00e9 a uzn\u00e1van\u00e9 komer\u010dn\u00e9 \u010distenie a podpora, ktor\u00fa treba pou\u017e\u00edva\u0165, a preto bolo na\u0161e partnerstvo so spolo\u010dnos\u0165ou Solupak \u00faspe\u0161n\u00e9... produkty Solupak sme za\u010dali zav\u00e1dza\u0165 v roku 2018 a tento prechod sa uskuto\u010dnil \u013eahko v\u010faka cenn\u00fdm \u0161koliacim materi\u00e1lom a slu\u017eb\u00e1m, ktor\u00e9 poskytol ich t\u00edm. Produkty Solupak n\u00e1m be\u017eali tak hladko, ako to len bolo mo\u017en\u00e9.\"<\/p>          \n                <strong>Mike Rowley<\/strong>\n                Prev\u00e1dzkov\u00fd riadite\u013e\n              <img decoding=\"async\" src=\"\/wp-content\/uploads\/2022\/08\/Speech-Mark.png\">\n            <p>\"Produkty Solupak sme za\u010dali pou\u017e\u00edva\u0165 v roku 2018 po tom, \u010do sme mali probl\u00e9my s predch\u00e1dzaj\u00facimi dod\u00e1vate\u013emi, ktor\u00ed sa uk\u00e1zali ako nespo\u013eahliv\u00ed. Nikdy sme nemali probl\u00e9m so z\u00edskan\u00edm z\u00e1sob od spolo\u010dnosti Solupak a v\u00fdrobky boli naj\u00fa\u010dinnej\u0161ie, ak\u00e9 sme vysk\u00fa\u0161ali.\"<\/p>          \n                <strong>Eoin O'Brien<\/strong>\n                Prev\u00e1dzkov\u00fd riadite\u013e\n              <img decoding=\"async\" src=\"\/wp-content\/uploads\/2022\/08\/Speech-Mark.png\">\n            <p>Odozva na\u0161ich kolegov z maloobchodu bola vynikaj\u00faca, r\u00fdchlo si toto inovat\u00edvne rie\u0161enie osvojili a ve\u013emi si ho pochva\u013eovali.<\/p>          \n                <strong>Ally Stephensonov\u00e1<\/strong>\n                Ved\u00faci n\u00e1kupu (GNFR)\n<h2>\n\t\tSoci\u00e1lne siete\n\t<\/h2>\nhttps:\/\/www.linkedin.com\/embed\/feed\/update\/urn:li:share:6962340683923742720\n<iframe src=\"https:\/\/www.linkedin.com\/embed\/feed\/update\/urn:li:share:6962340683923742720\" height=\"725\" width=\"504\" frameborder=\"0\" allowfullscreen=\"\" title=\"Vlo\u017een\u00fd pr\u00edspevok\"><\/iframe>https:\/\/www.linkedin.com\/embed\/feed\/update\/urn:li:share:6958711703815520256\n<iframe src=\"https:\/\/www.linkedin.com\/embed\/feed\/update\/urn:li:share:6958711703815520256\" height=\"725\" width=\"504\" frameborder=\"0\" allowfullscreen=\"\" title=\"Vlo\u017een\u00fd pr\u00edspevok\"><\/iframe>","protected":false},"excerpt":{"rendered":"<p>Udr\u017eate\u013ene z\u00edskan\u00e9 - \u010distenie bez plastov Na\u0161a misia By\u0165 popredn\u00fdm v\u00fdrobcom \u00fa\u010dinn\u00e9ho a cenovo v\u00fdhodn\u00e9ho \u010distiaceho koncentr\u00e1tu, balen\u00e9ho do vo vode rozpustn\u00fdch f\u00f3liov\u00fdch vreciek, vyroben\u00e9ho pod\u013ea najvy\u0161\u0161\u00edch mo\u017en\u00fdch etick\u00fdch noriem. Zistite viac U\u0161etrite viac ako len peniaze 99% \u013dah\u0161ie 70% Menej obalov 90% \u00daspora CO2 96% Viac skladovac\u00edch priestorov 60% \u00daspora...<\/p>","protected":false},"author":4,"featured_media":0,"parent":0,"menu_order":0,"comment_status":"closed","ping_status":"closed","template":"","meta":{"footnotes":""},"class_list":["post-2","page","type-page","status-publish","hentry"],"_links":{"self":[{"href":"https:\/\/soluclean.eu\/sk\/wp-json\/wp\/v2\/pages\/2","targetHints":{"allow":["GET"]}}],"collection":[{"href":"https:\/\/soluclean.eu\/sk\/wp-json\/wp\/v2\/pages"}],"about":[{"href":"https:\/\/soluclean.eu\/sk\/wp-json\/wp\/v2\/types\/page"}],"author":[{"embeddable":true,"href":"https:\/\/soluclean.eu\/sk\/wp-json\/wp\/v2\/users\/4"}],"replies":[{"embeddable":true,"href":"https:\/\/soluclean.eu\/sk\/wp-json\/wp\/v2\/comments?post=2"}],"version-history":[{"count":42,"href":"https:\/\/soluclean.eu\/sk\/wp-json\/wp\/v2\/pages\/2\/revisions"}],"predecessor-version":[{"id":861,"href":"https:\/\/soluclean.eu\/sk\/wp-json\/wp\/v2\/pages\/2\/revisions\/861"}],"wp:attachment":[{"href":"https:\/\/soluclean.eu\/sk\/wp-json\/wp\/v2\/media?parent=2"}],"curies":[{"name":"wp","href":"https:\/\/api.w.org\/{rel}","templated":true}]}}