{"id":111,"date":"2022-08-16T11:38:48","date_gmt":"2022-08-16T10:38:48","guid":{"rendered":"https:\/\/soluclean.eu\/?page_id=111"},"modified":"2023-03-23T10:04:01","modified_gmt":"2023-03-23T10:04:01","slug":"get-in-touch","status":"publish","type":"page","link":"https:\/\/soluclean.eu\/sk\/kontakt-na\/","title":{"rendered":"Kontaktujte n\u00e1s"},"content":{"rendered":"<p>Zavolajte n\u00e1m na +421 905 293 716<br>alebo n\u00e1m zanechajte ot\u00e1zku a my sa v\u00e1m ozveme<\/p>\n      <form id=\"cred_form_116_1_1\" action=\"https:\/\/soluclean.eu\/sk\/kontakt-na\/\" data-form=\"{&quot;form_id&quot;:&quot;cred_form_116_1_1&quot;,&quot;use_ajax&quot;:&quot;1&quot;,&quot;wpv_page&quot;:1}\" data-conditionals=\"[]\" method=\"post\" data-trp-original-action=\"\/?page_id=111&amp;fl_builder=&amp;_tt=1673969717\">\n<input type=\"text\" id=\"cred_form_116_1_1_post_title\" name=\"post_title\" value=\"\" output=\"bootstrap\" preset_value=\"\" urlparam=\"\" value_escape=\"\" make_readonly=\"\" placeholder=\"\" select_text=\"\" data-wpt-validate=\"{&quot;required&quot;:{&quot;args&quot;:{&quot;1&quot;:true},&quot;message&quot;:&quot;This field is required&quot;}}\" data-wpt-field-title=\"Website Contact Title\" data-parsley-required=\"true\" data-parsley-required-message=\"This field is required\" data-parsley-credfilesize=\"67108864\" data-wpt-type=\"textfield\" data-wpt-id=\"cred_form_116_1_1_cred_form_116_1_1_post_title\" data-wpt-name=\"post_title\">\n<input type=\"text\" id=\"cred_form_116_1_1_first-name\" name=\"wpcf-first-name\" value=\"\" output=\"bootstrap\" preset_value=\"\" urlparam=\"\" preview=\"\" previewsize=\"\" select_label=\"\" edit_label=\"\" value_escape=\"\" make_readonly=\"\" placeholder=\"Krstn\u00e9 meno\" select_text=\"\" data-wpt-validate=\"{&quot;required&quot;:{&quot;args&quot;:{&quot;1&quot;:true},&quot;message&quot;:&quot;This field is required.&quot;}}\" data-wpt-field-title=\"First Name\" data-parsley-required=\"true\" data-parsley-required-message=\"This field is required.\" data-parsley-credfilesize=\"67108864\" data-wpt-type=\"textfield\" data-wpt-id=\"cred_form_116_1_1_cred_form_116_1_1_first-name\" data-wpt-name=\"wpcf-first-name\">\n<input type=\"text\" id=\"cred_form_116_1_1_last-name\" name=\"wpcf-last-name\" value=\"\" output=\"bootstrap\" preset_value=\"\" urlparam=\"\" preview=\"\" previewsize=\"\" select_label=\"\" edit_label=\"\" value_escape=\"\" make_readonly=\"\" placeholder=\"Priezvisko\" select_text=\"\" data-wpt-validate=\"{&quot;required&quot;:{&quot;args&quot;:{&quot;1&quot;:true},&quot;message&quot;:&quot;This field is required.&quot;}}\" data-wpt-field-title=\"Last Name\" data-parsley-required=\"true\" data-parsley-required-message=\"This field is required.\" data-parsley-credfilesize=\"67108864\" data-wpt-type=\"textfield\" data-wpt-id=\"cred_form_116_1_1_cred_form_116_1_1_last-name\" data-wpt-name=\"wpcf-last-name\">\n<input type=\"text\" id=\"cred_form_116_1_1_email\" name=\"wpcf-email\" value=\"\" output=\"bootstrap\" preset_value=\"\" urlparam=\"\" preview=\"\" previewsize=\"\" select_label=\"\" edit_label=\"\" value_escape=\"\" make_readonly=\"\" placeholder=\"E-mail\" select_text=\"\" data-wpt-validate=\"{&quot;required&quot;:{&quot;args&quot;:{&quot;1&quot;:true},&quot;message&quot;:&quot;This field is required.&quot;},&quot;email&quot;:{&quot;args&quot;:{&quot;1&quot;:true},&quot;message&quot;:&quot;Please enter a valid email address.&quot;}}\" data-wpt-field-title=\"Email\" data-parsley-required=\"true\" data-parsley-required-message=\"This field is required.\" data-parsley-credfilesize=\"67108864\" data-parsley-type=\"email\" data-parsley-error-message=\"Please enter a valid email address.\" data-wpt-type=\"textfield\" data-wpt-id=\"cred_form_116_1_1_cred_form_116_1_1_email\" data-wpt-name=\"wpcf-email\">\n<input type=\"text\" id=\"cred_form_116_1_1_phone\" name=\"wpcf-phone\" value=\"\" output=\"bootstrap\" preset_value=\"\" urlparam=\"\" preview=\"\" previewsize=\"\" select_label=\"\" edit_label=\"\" value_escape=\"\" make_readonly=\"\" placeholder=\"Telef\u00f3n\" select_text=\"\" data-wpt-validate=\"{&quot;required&quot;:{&quot;args&quot;:{&quot;1&quot;:true},&quot;message&quot;:&quot;This field is required.&quot;}}\" data-wpt-field-title=\"Phone\" data-parsley-required=\"true\" data-parsley-required-message=\"This field is required.\" data-parsley-credfilesize=\"67108864\" data-wpt-type=\"textfield\" data-wpt-id=\"cred_form_116_1_1_cred_form_116_1_1_phone\" data-wpt-name=\"wpcf-phone\">\n<textarea id=\"cred_form_116_1_1_message\" name=\"wpcf-message\" output=\"bootstrap\" preset_value=\"\" urlparam=\"\" preview=\"\" previewsize=\"\" select_label=\"\" edit_label=\"\" value_escape=\"\" make_readonly=\"\" placeholder=\"Spr\u00e1va\" select_text=\"\" data-wpt-validate=\"{&quot;required&quot;:{&quot;args&quot;:{&quot;1&quot;:true},&quot;message&quot;:&quot;This field is required.&quot;}}\" data-wpt-field-title=\"Message\" data-parsley-required=\"true\" data-parsley-required-message=\"This field is required.\" data-parsley-credfilesize=\"67108864\" rows=\"5\" cols=\"1\" data-wpt-type=\"textarea\" data-wpt-id=\"cred_form_116_1_1_cred_form_116_1_1_message\" data-wpt-name=\"wpcf-message\"><\/textarea>\n    Please validate reCAPTCHA\n<input type=\"text\" id=\"cred_form_116_1_1__recaptcha\" name=\"_recaptcha\" value=\"\" data-wpt-type=\"textfield\" data-wpt-id=\"cred_form_116_1_1_cred_form_116_1_1__recaptcha\" data-wpt-name=\"_recaptcha\">\n    <input type=\"submit\" id=\"cred_form_116_1_1_form_submit_1\" name=\"form_submit_1\" value=\"Send Message\">\n<input type=\"hidden\" id=\"cred_form_116_1_1__cred_cred_wpnonce_cred_form_116_1\" name=\"_cred_cred_wpnonce_cred_form_116_1\" value=\"267b03632c\" data-wpt-id=\"cred_form_116_1_1_cred_form_116_1_1__cred_cred_wpnonce_cred_form_116_1\" data-wpt-name=\"_cred_cred_wpnonce_cred_form_116_1\"><input type=\"hidden\" id=\"cred_form_116_1_1__cred_cred_prefix_post_id\" name=\"_cred_cred_prefix_post_id\" value=\"1650\" data-wpt-id=\"cred_form_116_1_1_cred_form_116_1_1__cred_cred_prefix_post_id\" data-wpt-name=\"_cred_cred_prefix_post_id\"><input type=\"hidden\" id=\"cred_form_116_1_1__cred_cred_prefix_cred_container_id\" name=\"_cred_cred_prefix_cred_container_id\" value=\"111\" data-wpt-id=\"cred_form_116_1_1_cred_form_116_1_1__cred_cred_prefix_cred_container_id\" data-wpt-name=\"_cred_cred_prefix_cred_container_id\"><input type=\"hidden\" id=\"cred_form_116_1_1__cred_cred_prefix_form_id\" name=\"_cred_cred_prefix_form_id\" value=\"116\" data-wpt-id=\"cred_form_116_1_1_cred_form_116_1_1__cred_cred_prefix_form_id\" data-wpt-name=\"_cred_cred_prefix_form_id\"><input type=\"hidden\" id=\"cred_form_116_1_1__cred_cred_prefix_form_count\" name=\"_cred_cred_prefix_form_count\" value=\"1\" data-wpt-id=\"cred_form_116_1_1_cred_form_116_1_1__cred_cred_prefix_form_count\" data-wpt-name=\"_cred_cred_prefix_form_count\"><input type=\"hidden\" name=\"trp-form-language\" value=\"sk\"\/><\/form>\n\t<p>Soluclean opening hours are Monday to Friday 8:00 &#8211; 18:00<\/p>\n<h2>\n\t\tSk\u00fasenosti\n\t<\/h2>\n              <img decoding=\"async\" src=\"\/wp-content\/uploads\/2022\/08\/Speech-Mark.png\">\n            <p>Najv\u00e4\u010d\u0161\u00edm pr\u00ednosom pre koncov\u00e9ho pou\u017e\u00edvate\u013ea je obrovsk\u00e9 zn\u00ed\u017eenie mno\u017estva jednorazov\u00e9ho plastov\u00e9ho odpadu, odhadujeme, \u017ee sme u\u0161etrili viac ako 6000 kg plastov, ktor\u00e9 sa dostali do odpadov\u00fdch tokov v priestoroch na\u0161ich klientov.<\/p>          \n                <strong>Danny Gostt<\/strong>\n                Prev\u00e1dzkov\u00fd riadite\u013e TSS\n              <img decoding=\"async\" src=\"\/wp-content\/uploads\/2022\/08\/Speech-Mark.png\">\n            <p>\"Ako rodinn\u00e9 a uzn\u00e1van\u00e9 komer\u010dn\u00e9 \u010distenie a podpora, ktor\u00fa treba pou\u017e\u00edva\u0165, a preto bolo na\u0161e partnerstvo so spolo\u010dnos\u0165ou Solupak \u00faspe\u0161n\u00e9... produkty Solupak sme za\u010dali zav\u00e1dza\u0165 v roku 2018 a tento prechod sa uskuto\u010dnil \u013eahko v\u010faka cenn\u00fdm \u0161koliacim materi\u00e1lom a slu\u017eb\u00e1m, ktor\u00e9 poskytol ich t\u00edm. Produkty Solupak n\u00e1m be\u017eali tak hladko, ako to len bolo mo\u017en\u00e9.\"<\/p>          \n                <strong>Mike Rowley<\/strong>\n                Prev\u00e1dzkov\u00fd riadite\u013e\n              <img decoding=\"async\" src=\"\/wp-content\/uploads\/2022\/08\/Speech-Mark.png\">\n            <p>\"Produkty Solupak sme za\u010dali pou\u017e\u00edva\u0165 v roku 2018 po tom, \u010do sme mali probl\u00e9my s predch\u00e1dzaj\u00facimi dod\u00e1vate\u013emi, ktor\u00ed sa uk\u00e1zali ako nespo\u013eahliv\u00ed. Nikdy sme nemali probl\u00e9m so z\u00edskan\u00edm z\u00e1sob od spolo\u010dnosti Solupak a v\u00fdrobky boli naj\u00fa\u010dinnej\u0161ie, ak\u00e9 sme vysk\u00fa\u0161ali.\"<\/p>          \n                <strong>Eoin O'Brien<\/strong>\n                Prev\u00e1dzkov\u00fd riadite\u013e\n              <img decoding=\"async\" src=\"\/wp-content\/uploads\/2022\/08\/Speech-Mark.png\">\n            <p>Odozva na\u0161ich kolegov z maloobchodu bola vynikaj\u00faca, r\u00fdchlo si toto inovat\u00edvne rie\u0161enie osvojili a ve\u013emi si ho pochva\u013eovali.<\/p>          \n                <strong>Ally Stephensonov\u00e1<\/strong>\n                Ved\u00faci n\u00e1kupu (GNFR)","protected":false},"excerpt":{"rendered":"<p>Call us now on or leave us an enquiry and we will get back to you Please validate reCAPTCHA Soluclean opening hours are Monday to Friday 8:00 &#8211; 18:00 Testimonials The biggest benefit for the end-user is the huge reduction in single use plastic waste, we estimate that we&#8217;ve saved over 6000 KGS of plastic&hellip;<\/p>","protected":false},"author":4,"featured_media":0,"parent":0,"menu_order":0,"comment_status":"closed","ping_status":"closed","template":"","meta":{"footnotes":""},"class_list":["post-111","page","type-page","status-publish","hentry"],"_links":{"self":[{"href":"https:\/\/soluclean.eu\/sk\/wp-json\/wp\/v2\/pages\/111","targetHints":{"allow":["GET"]}}],"collection":[{"href":"https:\/\/soluclean.eu\/sk\/wp-json\/wp\/v2\/pages"}],"about":[{"href":"https:\/\/soluclean.eu\/sk\/wp-json\/wp\/v2\/types\/page"}],"author":[{"embeddable":true,"href":"https:\/\/soluclean.eu\/sk\/wp-json\/wp\/v2\/users\/4"}],"replies":[{"embeddable":true,"href":"https:\/\/soluclean.eu\/sk\/wp-json\/wp\/v2\/comments?post=111"}],"version-history":[{"count":4,"href":"https:\/\/soluclean.eu\/sk\/wp-json\/wp\/v2\/pages\/111\/revisions"}],"predecessor-version":[{"id":1670,"href":"https:\/\/soluclean.eu\/sk\/wp-json\/wp\/v2\/pages\/111\/revisions\/1670"}],"wp:attachment":[{"href":"https:\/\/soluclean.eu\/sk\/wp-json\/wp\/v2\/media?parent=111"}],"curies":[{"name":"wp","href":"https:\/\/api.w.org\/{rel}","templated":true}]}}