{"id":1059,"date":"2022-11-30T14:21:46","date_gmt":"2022-11-30T14:21:46","guid":{"rendered":"https:\/\/soluclean.eu\/?page_id=1059"},"modified":"2023-01-17T15:27:50","modified_gmt":"2023-01-17T15:27:50","slug":"keycards","status":"publish","type":"page","link":"https:\/\/soluclean.eu\/sk\/karty-s-klucmi\/","title":{"rendered":"K\u013e\u00fa\u010dov\u00e9 karty"},"content":{"rendered":"<p><a href=\"https:\/\/soluclean.eu\/wp-content\/uploads\/2022\/11\/Key_cards_-_All_cards_for_web.pdf\">KLIKNITE TU a z\u00edskajte pr\u00edstup k na\u0161ej kompletnej ponuke produktov\u00fdch k\u013e\u00fa\u010dov\u00fdch kariet. V\u0161etky inform\u00e1cie a n\u00e1vody k jednotliv\u00fdm produktom soluCLEAN.<\/a><\/p>\n<h2>\n\t\tSk\u00fasenosti\n\t<\/h2>\n              <img decoding=\"async\" src=\"\/wp-content\/uploads\/2022\/08\/Speech-Mark.png\">\n            <p>Najv\u00e4\u010d\u0161\u00edm pr\u00ednosom pre koncov\u00e9ho pou\u017e\u00edvate\u013ea je obrovsk\u00e9 zn\u00ed\u017eenie mno\u017estva jednorazov\u00e9ho plastov\u00e9ho odpadu, odhadujeme, \u017ee sme u\u0161etrili viac ako 6000 kg plastov, ktor\u00e9 sa dostali do odpadov\u00fdch tokov v priestoroch na\u0161ich klientov.<\/p>          \n                <strong>Danny Gostt<\/strong>\n                Prev\u00e1dzkov\u00fd riadite\u013e TSS\n              <img decoding=\"async\" src=\"\/wp-content\/uploads\/2022\/08\/Speech-Mark.png\">\n            <p>\"Ako rodinn\u00e9 a uzn\u00e1van\u00e9 komer\u010dn\u00e9 \u010distenie a podpora, ktor\u00fa treba pou\u017e\u00edva\u0165, a preto bolo na\u0161e partnerstvo so spolo\u010dnos\u0165ou Solupak \u00faspe\u0161n\u00e9... produkty Solupak sme za\u010dali zav\u00e1dza\u0165 v roku 2018 a tento prechod sa uskuto\u010dnil \u013eahko v\u010faka cenn\u00fdm \u0161koliacim materi\u00e1lom a slu\u017eb\u00e1m, ktor\u00e9 poskytol ich t\u00edm. Produkty Solupak n\u00e1m be\u017eali tak hladko, ako to len bolo mo\u017en\u00e9.\"<\/p>          \n                <strong>Mike Rowley<\/strong>\n                Prev\u00e1dzkov\u00fd riadite\u013e\n              <img decoding=\"async\" src=\"\/wp-content\/uploads\/2022\/08\/Speech-Mark.png\">\n            <p>\"Produkty Solupak sme za\u010dali pou\u017e\u00edva\u0165 v roku 2018 po tom, \u010do sme mali probl\u00e9my s predch\u00e1dzaj\u00facimi dod\u00e1vate\u013emi, ktor\u00ed sa uk\u00e1zali ako nespo\u013eahliv\u00ed. Nikdy sme nemali probl\u00e9m so z\u00edskan\u00edm z\u00e1sob od spolo\u010dnosti Solupak a v\u00fdrobky boli naj\u00fa\u010dinnej\u0161ie, ak\u00e9 sme vysk\u00fa\u0161ali.\"<\/p>          \n                <strong>Eoin O'Brien<\/strong>\n                Prev\u00e1dzkov\u00fd riadite\u013e\n              <img decoding=\"async\" src=\"\/wp-content\/uploads\/2022\/08\/Speech-Mark.png\">\n            <p>Odozva na\u0161ich kolegov z maloobchodu bola vynikaj\u00faca, r\u00fdchlo si toto inovat\u00edvne rie\u0161enie osvojili a ve\u013emi si ho pochva\u013eovali.<\/p>          \n                <strong>Ally Stephensonov\u00e1<\/strong>\n                Ved\u00faci n\u00e1kupu (GNFR)","protected":false},"excerpt":{"rendered":"<p>CLICK HERE to access our full range of product Key cards. For all the information and Instructions for each individual soluCLEAN product. Testimonials The biggest benefit for the end-user is the huge reduction in single use plastic waste, we estimate that we&#8217;ve saved over 6000 KGS of plastic from entering the waste streams in our&hellip;<\/p>","protected":false},"author":4,"featured_media":0,"parent":0,"menu_order":0,"comment_status":"closed","ping_status":"closed","template":"","meta":{"footnotes":""},"class_list":["post-1059","page","type-page","status-publish","hentry"],"_links":{"self":[{"href":"https:\/\/soluclean.eu\/sk\/wp-json\/wp\/v2\/pages\/1059","targetHints":{"allow":["GET"]}}],"collection":[{"href":"https:\/\/soluclean.eu\/sk\/wp-json\/wp\/v2\/pages"}],"about":[{"href":"https:\/\/soluclean.eu\/sk\/wp-json\/wp\/v2\/types\/page"}],"author":[{"embeddable":true,"href":"https:\/\/soluclean.eu\/sk\/wp-json\/wp\/v2\/users\/4"}],"replies":[{"embeddable":true,"href":"https:\/\/soluclean.eu\/sk\/wp-json\/wp\/v2\/comments?post=1059"}],"version-history":[{"count":4,"href":"https:\/\/soluclean.eu\/sk\/wp-json\/wp\/v2\/pages\/1059\/revisions"}],"predecessor-version":[{"id":1657,"href":"https:\/\/soluclean.eu\/sk\/wp-json\/wp\/v2\/pages\/1059\/revisions\/1657"}],"wp:attachment":[{"href":"https:\/\/soluclean.eu\/sk\/wp-json\/wp\/v2\/media?parent=1059"}],"curies":[{"name":"wp","href":"https:\/\/api.w.org\/{rel}","templated":true}]}}