{"id":96,"date":"2022-08-16T09:55:08","date_gmt":"2022-08-16T08:55:08","guid":{"rendered":"https:\/\/soluclean.eu\/?page_id=96"},"modified":"2023-01-17T15:25:23","modified_gmt":"2023-01-17T15:25:23","slug":"about-us","status":"publish","type":"page","link":"https:\/\/soluclean.eu\/pl\/o-nas\/","title":{"rendered":"About Us"},"content":{"rendered":"<h2>soluCLEAN Nasza historia<\/h2><h3>Nasza historia rozpocz\u0119\u0142a si\u0119 8 lat temu, kiedy za\u0142o\u017cyciele soluCLEAN opracowali i stworzyli gam\u0119 produkt\u00f3w, kt\u00f3re wyeliminowa\u0142y jednorazowe tworzywa sztuczne z ca\u0142ego \u0142a\u0144cucha dostaw i produkt\u00f3w. Zesp\u00f3\u0142, kt\u00f3ry stworzy\u0142 gam\u0119 produkt\u00f3w soluCLEAN pracowa\u0142 ju\u017c z foli\u0105 rozpuszczaln\u0105 w wodzie PVOH i zauwa\u017cy\u0142 luk\u0119 na rynku, aby wykorzysta\u0107 t\u0119 technologi\u0119 do pakowania koncentrat\u00f3w chemicznych i tak narodzi\u0142 si\u0119 soluCLEAN.<\/h3>\n          <h3>The journey of soluCLEAN is one of many twists; 8 years ago the words &#8216;sustainability&#8217; and &#8216;eco&#8217; were treated with much less vigor and importance as they are now. soluCLEAN was the first single use plastic free cleaning brand In the commercial cleaning sector\u2026 the market place today compared to that of 8 years ago has progressed to having the environment at the forefront.<\/h3>\n          <h3>Teraz ludzie kupuj\u0105 i badaj\u0105 najbardziej zr\u00f3wnowa\u017cone i ekologiczne produkty, nie po to, by zaznaczy\u0107 jakie\u015b pole, ale dlatego, \u017ce naprawd\u0119 dbaj\u0105 o produkty, kt\u00f3re s\u0105 u\u017cywane do czyszczenia ich miejsc.<\/h3>\n          <h3><strong>Our story has recently taken it&#8217;s latest twist, soluCLEAN has been given a whole new look: a new brand concept, a firmly defined tone and messaging that sums up the benefits and ethos of the brand. As sustainable products become more and more in demand, we thought it best to evolve with the times too.<\/strong><\/h3><h2>&nbsp;<\/h2><h2>soluCLEAN is simple, straight forward and does what it says on the recyclable bottle! \ud83d\ude09<\/h2>\n<h2>\n\t\tSprawd\u017a nasze nowe korporacyjne wideo zespo\u0142u tutaj!\n\t<\/h2>\n\t<iframe width=\"560\" height=\"315\" src=\"https:\/\/www.youtube.com\/embed\/hu9jj8cgAvI\" title=\"Odtwarzacz wideo YouTube\" frameborder=\"0\" allow=\"accelerometer; autoplay; clipboard-write; encrypted-media; gyroscope; picture-in-picture\" allowfullscreen=\"\"><\/iframe>\n<h2>\n\t\tTestimonials\n\t<\/h2>\n              <img decoding=\"async\" src=\"\/wp-content\/uploads\/2022\/08\/Speech-Mark.png\">\n            <p>Najwi\u0119ksz\u0105 korzy\u015bci\u0105 dla u\u017cytkownika ko\u0144cowego jest ogromna redukcja jednorazowych odpad\u00f3w z tworzyw sztucznych, szacujemy, \u017ce zaoszcz\u0119dzili\u015bmy ponad 6000 KGS plastiku przed przedostaniem si\u0119 do strumieni odpad\u00f3w w obiektach naszych klient\u00f3w.<\/p>          \n                <strong>Danny Gostt<\/strong>\n                Dyrektor operacyjny TSS\n              <img decoding=\"async\" src=\"\/wp-content\/uploads\/2022\/08\/Speech-Mark.png\">\n            <p>\"Jako rodzinna i szanowana firma zajmuj\u0105ca si\u0119 sprz\u0105taniem i wsparciem komercyjnym, dlatego nasza wsp\u00f3\u0142praca z Solupak okaza\u0142a si\u0119 sukcesem... rozpocz\u0119li\u015bmy wdra\u017canie produkt\u00f3w Solupak w 2018 roku, a przej\u015bcie to odby\u0142o si\u0119 z \u0142atwo\u015bci\u0105 dzi\u0119ki cennym materia\u0142om szkoleniowym i us\u0142ugom \u015bwiadczonym przez ich zesp\u00f3\u0142. Produkty Solupak dzia\u0142aj\u0105 tak p\u0142ynnie, jak to tylko mo\u017cliwe\".<\/p>          \n                <strong>Mike Rowley<\/strong>\n                Dyrektor operacyjny\n              <img decoding=\"async\" src=\"\/wp-content\/uploads\/2022\/08\/Speech-Mark.png\">\n            <p>\"Zacz\u0119li\u015bmy korzysta\u0107 z produkt\u00f3w Solupak w 2018 roku po k\u0142opotach z poprzednimi dostawcami, kt\u00f3rzy okazali si\u0119 niewiarygodni. Nigdy nie mieli\u015bmy problemu z uzyskaniem zapas\u00f3w od Solupak, a produkty okaza\u0142y si\u0119 najskuteczniejsze, jakie wypr\u00f3bowali\u015bmy\".<\/p>          \n                <strong>Eoin O'Brien<\/strong>\n                Dyrektor operacyjny\n              <img decoding=\"async\" src=\"\/wp-content\/uploads\/2022\/08\/Speech-Mark.png\">\n            <p>Reakcja naszych koleg\u00f3w z bran\u017cy detalicznej by\u0142a znakomita - szybko si\u0119 przyj\u0119li i bardzo chwalili to innowacyjne rozwi\u0105zanie.<\/p>          \n                <strong>Ally Stephenson<\/strong>\n                Kierownik dzia\u0142u zakup\u00f3w (GNFR)","protected":false},"excerpt":{"rendered":"<p>soluCLEAN Our Story Our story begins 8 years ago, when the soluCLEAN founders developed and created a range of products that eliminated single use plastics from the entire supply and product chain. The team who created the soluCLEAN range had already been working with the PVOH water-soluble film and noticed a gap in the market&hellip;<\/p>","protected":false},"author":4,"featured_media":0,"parent":0,"menu_order":0,"comment_status":"closed","ping_status":"closed","template":"","meta":{"footnotes":""},"class_list":["post-96","page","type-page","status-publish","hentry"],"_links":{"self":[{"href":"https:\/\/soluclean.eu\/pl\/wp-json\/wp\/v2\/pages\/96","targetHints":{"allow":["GET"]}}],"collection":[{"href":"https:\/\/soluclean.eu\/pl\/wp-json\/wp\/v2\/pages"}],"about":[{"href":"https:\/\/soluclean.eu\/pl\/wp-json\/wp\/v2\/types\/page"}],"author":[{"embeddable":true,"href":"https:\/\/soluclean.eu\/pl\/wp-json\/wp\/v2\/users\/4"}],"replies":[{"embeddable":true,"href":"https:\/\/soluclean.eu\/pl\/wp-json\/wp\/v2\/comments?post=96"}],"version-history":[{"count":20,"href":"https:\/\/soluclean.eu\/pl\/wp-json\/wp\/v2\/pages\/96\/revisions"}],"predecessor-version":[{"id":1652,"href":"https:\/\/soluclean.eu\/pl\/wp-json\/wp\/v2\/pages\/96\/revisions\/1652"}],"wp:attachment":[{"href":"https:\/\/soluclean.eu\/pl\/wp-json\/wp\/v2\/media?parent=96"}],"curies":[{"name":"wp","href":"https:\/\/api.w.org\/{rel}","templated":true}]}}