{"id":431,"date":"2022-08-29T16:40:30","date_gmt":"2022-08-29T15:40:30","guid":{"rendered":"https:\/\/soluclean.eu\/?page_id=431"},"modified":"2023-01-17T15:26:56","modified_gmt":"2023-01-17T15:26:56","slug":"case-studies","status":"publish","type":"page","link":"https:\/\/soluclean.eu\/pl\/studia-przypadkow\/","title":{"rendered":"Studia przypadk\u00f3w"},"content":{"rendered":"<img decoding=\"async\" src=\"https:\/\/soluclean.eu\/wp-content\/uploads\/2022\/08\/logo-Greggs.png\">\n        <h2>Studium przypadku<\/h2>\n        <p>Greggs are the most successful high street bakery chain in the UK with a presence in virtually every major UK town and city and around 2200 retail outlets\u2026 even more than McDonalds UK!<\/p>\n        <a href=\"https:\/\/soluclean.eu\/pl\/studia-przypadkow\/\">Czytaj wi\u0119cej<\/a>\n      <img decoding=\"async\" src=\"https:\/\/soluclean.eu\/wp-content\/uploads\/2022\/08\/Total-Support-Services-full-logo-png.png\">\n        <h2>Studium przypadku<\/h2>\n        TSS, czyli Toil Support Services, jest niezale\u017cnym wykonawc\u0105 us\u0142ug sprz\u0105tania. Filozofi\u0105 firmy jest dostarczanie sp\u00f3jnych, wysokiej jako\u015bci, efektywnych kosztowo i<br>\ninnovative services.\nTSS has built long standing relationships and continues to foster new partnerships with businesses across varying industries and sectors.<br>\nMisja TSS: Zapewnienie wysokiej jako\u015bci, efektywnych kosztowo, innowacyjnych i zorientowanych na klienta us\u0142ug wszystkim naszym klientom\n        <a href=\"https:\/\/soluclean.eu\/pl\/studia-przypadkow\/\">Czytaj wi\u0119cej<\/a>\n      <img decoding=\"async\" src=\"https:\/\/soluclean.eu\/wp-content\/uploads\/2022\/08\/Pear-Tree.png\">\n        <h2>Studium przypadku<\/h2>\n        <p>Peartree Cleaning Services to specjalistyczna firma \u015bwiadcz\u0105ca us\u0142ugi w zakresie sprz\u0105tania i obs\u0142ugi obiekt\u00f3w komercyjnych. Za\u0142o\u017cona w 1986 roku, Peartree zatrudnia ponad 1400 w pe\u0142ni przeszkolonych pracownik\u00f3w sprz\u0105taj\u0105cych i pomocniczych w ca\u0142ej Wielkiej Brytanii.<\/p>\nUznawani za partnera z wyboru, o niezwykle wysokich standardach i doskona\u0142ej reputacji, ich us\u0142ugi s\u0105 \u015bwiadczone przez do\u015bwiadczone zespo\u0142y w celu<br>\nniekt\u00f3re z najbardziej znanych firm w Wielkiej Brytanii\n        <a href=\"https:\/\/soluclean.eu\/pl\/studia-przypadkow\/\">Czytaj wi\u0119cej<\/a>\n      <img decoding=\"async\" src=\"https:\/\/soluclean.eu\/wp-content\/uploads\/2022\/08\/Cleaning_contractors_PNG.png\">\n        <h2>Studium przypadku<\/h2>\n        <p>Broadfords to mi\u0119dzynarodowa firma sprz\u0105taj\u0105ca dzia\u0142aj\u0105ca na rynku od 25 lat.<\/p>\n<p>Broadfords to szybka, przyjazna i w pe\u0142ni funkcjonalna profesjonalna firma sprz\u0105taj\u0105ca, dzia\u0142aj\u0105ca g\u0142\u00f3wnie w sektorze biznesowym i detalicznym. Znana w ca\u0142ej Republice Irlandii, firma Broadfords sta\u0142a si\u0119 flagowym operatorem gamy produkt\u00f3w Soluclean w tym kraju.<\/p>\n        <a href=\"https:\/\/soluclean.eu\/pl\/studia-przypadkow\/\">Czytaj wi\u0119cej<\/a>\n          <img decoding=\"async\" src=\"\/wp-content\/uploads\/2022\/08\/wavey-line-e1661186613779.png\">\n            <h2>Dlaczego Solupak<\/h2>\n<p>In 2014 Ally Stephenson, Head of Purchasing at Greggs, approached us with the following challenge\u2026<\/p>\n<p>Dostarczenie nowego i innowacyjnego systemu dozowania chemikali\u00f3w, zmniejszaj\u0105cego obj\u0119to\u015b\u0107 wody zawartej w preparatach stosowanych w 2200 sklepach w Wielkiej Brytanii.<\/p>\n<p>Nasza odpowied\u017a by\u0142a prosta: nasze produkty idealnie pasowa\u0142y do tego kr\u00f3tkiego...<\/p>\n<p>Jako wyspecjalizowany producent, SoluPak zaoferowa\u0142 gam\u0119 rozpuszczalnych produkt\u00f3w w saszetkach w pojedynczych dawkach, aby poradzi\u0107 sobie z wi\u0119kszo\u015bci\u0105 czynno\u015bci zwi\u0105zanych z czyszczeniem i dezynfekcj\u0105 w sklepach Greggs.<\/p>\n          <img decoding=\"async\" src=\"\/wp-content\/uploads\/2022\/08\/wavey-line-e1661186613779.png\">\n            <h2>Historia<\/h2>\n<p>With our help\u2026 As part of this Greggs project, the SoluPak technology has prevented over 3 tonnes of plastic per year from entering the waste stream, with further product development projected to increase this to over 6 tonnes per year with the roll out of the dish-wash and rinse-aid products. Before SoluPak stepped in, Greggs had to empty the local bins 3 times per week to remove the packaging waste. With our help, this has now been reduced to just once per week. Following extensive trials across over 30 retail outlets, on the 1st June 2017 the new regime rolled out in one \u201cbig bang\u2019, with an unprecedented level of user acceptance without the need for additional training or site visits.<\/p>\n          <img decoding=\"async\" src=\"\/wp-content\/uploads\/2022\/08\/wavey-line-e1661186613779.png\">\n            <h2>Dlaczego soluCLEAN<\/h2>\n<p>Misja TSS pasuje do gamy produkt\u00f3w Solupak.e....<br>Nasze produkty s\u0105 najwy\u017cszej jako\u015bci, pakowane i projektowane w domu, w kt\u00f3ry wk\u0142adamy czas i cierpliwo\u015b\u0107.<br>zapewniaj\u0105c, \u017ce nasze produkty s\u0105 najwy\u017cszej klasy.<\/p>\n<p>Efektywno\u015b\u0107 kosztowa znajduje si\u0119 w czo\u0142\u00f3wce gamy produkt\u00f3w Solupak; z trzyletnim okresem przydatno\u015bci do spo\u017cycia oraz kosztami i wydajno\u015bci\u0105.<br>pewno\u015b\u0107, \u017ce \u017caden produkt (ani pieni\u0105dze) nie p\u00f3jd\u0105 na marne.<\/p>\n<p>Innowacja jest tym, co nap\u0119dza Solupak od samego pocz\u0105tku. Zapewniamy pozytywne zmiany bez zwi\u0119kszania koszt\u00f3w<br>LUB szkody dla \u015brodowiska.<\/p>\n          <img decoding=\"async\" src=\"\/wp-content\/uploads\/2022\/08\/wavey-line-e1661186613779.png\">\n            <h2>Historia<\/h2>\n<p>Firma TSS zacz\u0119\u0142a korzysta\u0107 z produkt\u00f3w SoluPak w 2016 roku jako nowo mianowany wykonawca dla John Lewis Partnership.<\/p>\n<p>Gama produkt\u00f3w SoluClean zosta\u0142a zatwierdzona przez JLP do u\u017cytku w ich domach towarowych, supermarketach, biurach i centrach dystrybucyjnych.<\/p>\n<p>Widz\u0105c zalety systemu SoluPak, firma TSS wdro\u017cy\u0142a SoluClean w wielu znanych na ca\u0142ym \u015bwiecie, kultowych obiektach dziedzictwa kulturowego.<\/p>\n          <img decoding=\"async\" src=\"\/wp-content\/uploads\/2022\/08\/wavey-line-e1661186613779.png\">\n            <h2>Dlaczego soluCLEAN<\/h2>\n<p><strong>The Solupak product range supports Peartree\u2019s strategy and vision<\/strong><\/p>\n<p>Our products are manufactured in line with Peartree\u2019s sustainable supply chain strategy.<\/p>\n<p>Op\u0142acalno\u015b\u0107 jest prawdziw\u0105 zalet\u0105 produkt\u00f3w Solupak. Uzgodnili\u015bmy ramy koszt\u00f3w z Peartree, aby idealnie dopasowa\u0107 je do ich planu wydatk\u00f3w.<\/p>\n<p>Zerowa ilo\u015b\u0107 odpad\u00f3w i redukcja zu\u017cycia plastiku jest wa\u017cnym czynnikiem dla Peartree i Solupak. W pierwszym roku wsp\u00f3\u0142pracy Peartree zmniejszy\u0142o zu\u017cycie butelek ze spustem o 22 000 sztuk. Rozw\u00f3j produktu odbywa si\u0119 we w\u0142asnym zakresie, co daje Peartree elastyczno\u015b\u0107 w zakresie koloru produktu, rozmiaru opakowania i zapach\u00f3w.<\/p>\n          <img decoding=\"async\" src=\"\/wp-content\/uploads\/2022\/08\/wavey-line-e1661186613779.png\">\n            <h2>Historia<\/h2>\n<p>Testy produktu zosta\u0142y zako\u0144czone w kluczowych lokalizacjach klient\u00f3w w 2018 r., a krytyczne informacje zwrotne zebrane od wszystkich zainteresowanych stron dostarczy\u0142y uzasadnienia dla w\u0142\u0105czenia Solupak do komercyjnego przetargu.<\/p>\n<p>Po zako\u0144czeniu przetargu Solupak wspiera\u0142 Peartree w zakresie prezentacji zespo\u0142u, pr\u00f3bek produkt\u00f3w, wizyt na miejscu, danych BHP, wykres\u00f3w \u015bciennych i materia\u0142\u00f3w szkoleniowych, z kt\u00f3rych wszystkie by\u0142y dostosowane do zatwierdzonej gamy produkt\u00f3w Peartree.<\/p>\n<p>Podczas pandemii COVID-19 firma Solupak opracowa\u0142a i przetestowa\u0142a wirusob\u00f3jczy \u015brodek dezynfekuj\u0105cy, kt\u00f3ry Peartree z powodzeniem wdro\u017cy\u0142a w ca\u0142ej firmie zar\u00f3wno do czyszczenia r\u0119cznego, jak i rozpylanej ochrony powierzchni.<\/p>\n          <img decoding=\"async\" src=\"\/wp-content\/uploads\/2022\/08\/wavey-line-e1661186613779.png\">\n            <h2>Dlaczego soluCLEAN<\/h2>\n<p>The Solupak range lends itself to the requirements of Broadfords International- they had a problem, and we provided the solution\u2026<\/p>\n<p>Wymagania Broadfords: oszcz\u0119dno\u015b\u0107 miejsca, wielko\u015bci dostawy i koszt\u00f3w paliwa.<\/p>\n<p>1. Save on space\u2026 the Solupak product range is packaged in watersoluble film, with no single use plastic involved and the products take up minimal space. Through implementing our products, a whole pallet of 5 litre liquid concentrate can be replaced with 4 packets of our product.<\/p>\n<p>2. Delivery size\u2026 as water is added after transportation, and the products are distributed in water-soluble sachets, the size of deliveries is relatively small, meaning that greater amounts of product can be ordered.<\/p>\n<p>3. Fuel costs\u2026 the weight of the load is consequently lighter due to having zero liquid to transport to customers; meaning that the cost of delivering our products to you and your distributors is considerably reduced.<\/p>\n          <img decoding=\"async\" src=\"\/wp-content\/uploads\/2022\/08\/wavey-line-e1661186613779.png\">\n            <h2>Historia<\/h2>\n<p>Wsp\u00f3\u0142praca mi\u0119dzy Broadfords i Solupak rozpocz\u0119\u0142a si\u0119 w 2018 roku, po tym jak Broadfords mia\u0142 trudno\u015bci ze znalezieniem dostawc\u00f3w najwy\u017cszej jako\u015bci rozpuszczalnych w wodzie \u015brodk\u00f3w czyszcz\u0105cych.<\/p>\n<p>Po do\u015bwiadczeniach z nierzetelnymi dostawcami i niezadowalaj\u0105cymi produktami, firma Broadfords by\u0142a w stanie zaprzesta\u0107 poszukiwa\u0144 rozpuszczalnych \u015brodk\u00f3w czyszcz\u0105cych, gdy odkry\u0142a gam\u0119 Solupak.<\/p>\n<p>Po wypracowaniu silnych relacji w ramach dwuletniego partnerstwa, Broadfords zamawia obecnie cztery produkty z tej gamy. S\u0105 to odt\u0142uszczacz do pod\u0142\u00f3g bezpieczny dla \u017cywno\u015bci, \u015brodek czyszcz\u0105cy do szorowarek do du\u017cych obci\u0105\u017ce\u0144, \u015brodek do czyszczenia szk\u0142a i \u015brodek do dezynfekcji powierzchni.<\/p>\n<h2>\n\t\tOpinia klienta\n\t<\/h2>\n          <img decoding=\"async\" src=\"\/wp-content\/uploads\/2022\/08\/Speech-Mark.png\">\n        <p>&nbsp;<\/p>\n<p>\u201cAs a fast moving consumer-led business with over 1700 shops, Greggs is always looking for<br>sposoby na u\u0142atwienie \u017cycia naszym pracownikom, aby mogli po\u015bwi\u0119ci\u0107 wi\u0119cej czasu na dostarczanie doskona\u0142ych<br>us\u0142ugi dla naszych klient\u00f3w. Greggs powa\u017cnie traktuje r\u00f3wnie\u017c swoj\u0105 odpowiedzialno\u015b\u0107 spo\u0142eczn\u0105 i w ramach<br>Nieustannie poszukujemy mo\u017cliwo\u015bci zmniejszenia naszego wp\u0142ywu na \u015brodowisko. W 2015 r.<br>zwr\u00f3ci\u0142 si\u0119 do naszego obecnego dostawcy chemikali\u00f3w, Christens Food Hygiene, i rzuci\u0142 wyzwanie<br>aby zapewni\u0107 nam spos\u00f3b dostarczania \u015brodk\u00f3w czyszcz\u0105cych do naszych sklep\u00f3w w prosty spos\u00f3b,<br>przyjazny dla u\u017cytkownika spos\u00f3b, kt\u00f3ry eliminuje potrzeb\u0119 przechowywania i wysy\u0142ania ci\u0119\u017ckich produkt\u00f3w wok\u00f3\u0142<br>kraju, bez uszczerbku dla wymaganych wysokich standard\u00f3w mikrobiologicznych i alergenowych.<br>kontrola. Christeyns Food Hygiene podj\u0119\u0142a to wyzwanie i \u015bci\u015ble z nami wsp\u00f3\u0142pracowa\u0142a, aby<br>come up with a solution that we are delighted with \u2013 soluble, single dose sachets in small,<br>Lekkie opakowania transportowe, kt\u00f3re s\u0105 proste i \u0142atwe w u\u017cyciu oraz bezpieczne dla naszego personelu. Dost\u0119pne s\u0105<br>Maj\u0105 one wiele zalet, w tym \u0142atwo\u015b\u0107 u\u017cycia, poniewa\u017c format saszetki z pojedyncz\u0105 dawk\u0105 jest po prostu<br>Uzupe\u0142niane wod\u0105, s\u0105 bezpieczne w obs\u0142udze, nie wymagaj\u0105 \u015brodk\u00f3w ochrony indywidualnej i s\u0105 przyjazne dla \u015brodowiska.<br>S\u0105 one r\u00f3wnie\u017c transportowane w kompaktowych woreczkach, kt\u00f3re mo\u017cna ponownie zamkn\u0105\u0107 i \u0142atwo przechowywa\u0107.<br>replenish. Po szeroko zakrojonych testach w trzech regionach jeste\u015bmy dumni z tego, \u017ce jako pierwsi w kraju<br>sprzedawca detaliczny \u017cywno\u015bci, aby wdro\u017cy\u0107 t\u0119 technologi\u0119 w ca\u0142ej naszej sieci detalicznej. Odpowied\u017a z naszej strony<br>Wsp\u00f3\u0142pracownicy z bran\u017cy detalicznej byli bardzo zadowoleni z szybkiego przyj\u0119cia tego innowacyjnego rozwi\u0105zania i bardzo je chwalili.<br>solution. We are pleased to support Christens Food Hygiene\u2019s application for \u201cProduct of the<br>Year\u201d at the 2017 SOFHT awards.\u201d<\/p>\n<p>&nbsp;<\/p>\n            <strong>Ally Stephenson<\/strong>\n            Kierownik dzia\u0142u zakup\u00f3w (GNFR)\n          <img decoding=\"async\" src=\"\/wp-content\/uploads\/2022\/08\/Speech-Mark.png\">\n        <p>\u201cWe started using the SoluPak products in 2016 as they are the approved range for John Lewis and Waitrose. It was quickly obvious to me that the system has many benefits that would be appreciated by our other clients for contribution to their CSR and Environmental objectives. Ethical accreditations are becoming more and more important to our clients and to us as an organisation, the Cruelty Free, Vegan and EcoFlower certifications give confidence<br>\u017ce SoluPak jest organizacj\u0105 etyczn\u0105.<\/p>\n<p>The biggest benefit for the end-user is the huge reduction in single use plastic waste, we estimate that we\u2019ve saved over 6000 KGS of plastic from entering the waste streams in our client premises. With the space saving, the simplicity in use, the ethical accreditations and the huge volume reductions for our distributors there are many great reasons for partnering with SoluPak.\u201d<\/p>\n            <strong>Danny Gostt<\/strong>\n            Dyrektor operacyjny TSS\n          <img decoding=\"async\" src=\"\/wp-content\/uploads\/2022\/08\/Speech-Mark.png\">\n        <p>\u201cAs a family and well respected commercial cleaning and support to use, which is why our partnership with Solupak has been a success\u2026 we started rolling out the Solupak products in 2018, and this transition was done with ease, thanks to the valuable training materials and services that were provided by their team. We have the Solupak products ran as smoothly as possible.\u201d<\/p>\n            <strong>Mike Rowley<\/strong>\n            Dyrektor operacyjny\n          <img decoding=\"async\" src=\"\/wp-content\/uploads\/2022\/08\/Speech-Mark.png\">\n        <p>\u201cWe started using the Solupak products in 2018 after having some trouble with previous suppliers who turned out to be unreliable. We have never had an issue with obtaining stock from Solupak, and the products have been the most effective that we have tried. The values and ethos of Solupak set them apart from companies that we have worked with in the past, with their vegan and cruelty free accreditations being key to our initial and continued involvement with them. We restrict our stock lists overall, but order 4 products from Solupak, and would not say no to advancing on this in the future due to the reliability of the company!<\/p>\n<p>We look forward to maintaining our relationship with the Solupak brand.\u201d<\/p>\n            <strong>Eoin O'Brien<\/strong>\n            Dyrektor operacyjny","protected":false},"excerpt":{"rendered":"<p>Case Study Greggs are the most successful high street bakery chain in the UK with a presence in virtually every major UK town and city and around 2200 retail outlets\u2026 even more than McDonalds UK! Read more Case Study TSS, or Toil Support Services, is an independent cleaning contractor. With a philosophy to provide a&hellip;<\/p>","protected":false},"author":4,"featured_media":0,"parent":0,"menu_order":0,"comment_status":"closed","ping_status":"closed","template":"","meta":{"footnotes":""},"class_list":["post-431","page","type-page","status-publish","hentry"],"_links":{"self":[{"href":"https:\/\/soluclean.eu\/pl\/wp-json\/wp\/v2\/pages\/431","targetHints":{"allow":["GET"]}}],"collection":[{"href":"https:\/\/soluclean.eu\/pl\/wp-json\/wp\/v2\/pages"}],"about":[{"href":"https:\/\/soluclean.eu\/pl\/wp-json\/wp\/v2\/types\/page"}],"author":[{"embeddable":true,"href":"https:\/\/soluclean.eu\/pl\/wp-json\/wp\/v2\/users\/4"}],"replies":[{"embeddable":true,"href":"https:\/\/soluclean.eu\/pl\/wp-json\/wp\/v2\/comments?post=431"}],"version-history":[{"count":11,"href":"https:\/\/soluclean.eu\/pl\/wp-json\/wp\/v2\/pages\/431\/revisions"}],"predecessor-version":[{"id":1654,"href":"https:\/\/soluclean.eu\/pl\/wp-json\/wp\/v2\/pages\/431\/revisions\/1654"}],"wp:attachment":[{"href":"https:\/\/soluclean.eu\/pl\/wp-json\/wp\/v2\/media?parent=431"}],"curies":[{"name":"wp","href":"https:\/\/api.w.org\/{rel}","templated":true}]}}