{"id":419,"date":"2022-08-26T17:54:14","date_gmt":"2022-08-26T16:54:14","guid":{"rendered":"https:\/\/soluclean.eu\/?page_id=419"},"modified":"2023-01-30T21:44:56","modified_gmt":"2023-01-30T21:44:56","slug":"carbon-calculator","status":"publish","type":"page","link":"https:\/\/soluclean.eu\/pl\/kalkulator-emisji-dwutlenku-wegla\/","title":{"rendered":"Kalkulator w\u0119gla"},"content":{"rendered":"<!-- \n          <img decoding=\"async\" src=\"https:\/\/solupak.com\/wp-content\/uploads\/2021\/07\/yellow-green-bottle.png\" \/>\n         -->\n          \t<h2>Ile plastiku m\u00f3g\u0142by\u015b zaoszcz\u0119dzi\u0107?<\/h2>\n        <!-- \n          <img decoding=\"async\" src=\"https:\/\/solupak.com\/wp-content\/uploads\/2021\/07\/blue-red-bottle.png\" \/>\n         -->\n          <form action=\"\">\n                      <input name=\"bottle-count\" id=\"sp-bottle-count\" type=\"text\" value=\"0\"><label for=\"sp-bottle-count\">Liczba zu\u017cytych butelek plastikowych w miesi\u0105cu<\/label>\n                        <select name=\"bottle-size\" id=\"sp-bottle-size\">\n                          <option value=\"\"><\/option>\n                          <option value=\"750ml\">750ml<\/option>\n                          <option value=\"1l\">1l<\/option>\n                          <option value=\"5l\">5l<\/option>\n                          <option value=\"10l\">10l<\/option>\n                          <option value=\"25l\">25l<\/option>\n                        <\/select>\n                      <label for=\"sp-bottle-size\">Prosz\u0119 wybra\u0107 wielko\u015b\u0107 pojemnika<\/label>\n                    <button type=\"button\" onclick=\"proceed();\">Oblicz<\/button> \n                  <input name=\"email-address\" id=\"sp-email-address\" type=\"email\" placeholder=\"Wpisz sw\u00f3j adres e-mail, aby zobaczy\u0107 wyniki\">\n                    <button type=\"button\" onclick=\"submitWithEmail();\">Zg\u0142o\u015b<\/button> \n          <input type=\"hidden\" name=\"trp-form-language\" value=\"pl\"\/><\/form>\n            <video id=\"sp-calc-video\">\n              <source src=\"https:\/\/solupak.com\/wp-content\/uploads\/2021\/07\/Solupak-Falling-Items-White-1.m4v\" type=\"video\/mp4\">\n            <\/video>\n              You could save\n               tonnes of plastic every year\n              call today to start saving!\n              +44 (0) 1924 565120\n                  <button type=\"button\" onclick=\"reset();\">Zacznij od nowa<\/button> \n              <img decoding=\"async\" src=\"\/wp-content\/uploads\/2022\/08\/Speech-Mark.png\">\n            <p>Najwi\u0119ksz\u0105 korzy\u015bci\u0105 dla u\u017cytkownika ko\u0144cowego jest ogromna redukcja jednorazowych odpad\u00f3w z tworzyw sztucznych, szacujemy, \u017ce zaoszcz\u0119dzili\u015bmy ponad 6000 KGS plastiku przed przedostaniem si\u0119 do strumieni odpad\u00f3w w obiektach naszych klient\u00f3w.<\/p>          \n                <strong>Danny Gostt<\/strong>\n                Dyrektor operacyjny TSS\n              <img decoding=\"async\" src=\"\/wp-content\/uploads\/2022\/08\/Speech-Mark.png\">\n            <p>\"Jako rodzinna i szanowana firma zajmuj\u0105ca si\u0119 sprz\u0105taniem i wsparciem komercyjnym, dlatego nasza wsp\u00f3\u0142praca z Solupak okaza\u0142a si\u0119 sukcesem... rozpocz\u0119li\u015bmy wdra\u017canie produkt\u00f3w Solupak w 2018 roku, a przej\u015bcie to odby\u0142o si\u0119 z \u0142atwo\u015bci\u0105 dzi\u0119ki cennym materia\u0142om szkoleniowym i us\u0142ugom \u015bwiadczonym przez ich zesp\u00f3\u0142. Produkty Solupak dzia\u0142aj\u0105 tak p\u0142ynnie, jak to tylko mo\u017cliwe\".<\/p>          \n                <strong>Mike Rowley<\/strong>\n                Dyrektor operacyjny\n              <img decoding=\"async\" src=\"\/wp-content\/uploads\/2022\/08\/Speech-Mark.png\">\n            <p>\"Zacz\u0119li\u015bmy korzysta\u0107 z produkt\u00f3w Solupak w 2018 roku po k\u0142opotach z poprzednimi dostawcami, kt\u00f3rzy okazali si\u0119 niewiarygodni. Nigdy nie mieli\u015bmy problemu z uzyskaniem zapas\u00f3w od Solupak, a produkty okaza\u0142y si\u0119 najskuteczniejsze, jakie wypr\u00f3bowali\u015bmy\".<\/p>          \n                <strong>Eoin O'Brien<\/strong>\n                Dyrektor operacyjny\n              <img decoding=\"async\" src=\"\/wp-content\/uploads\/2022\/08\/Speech-Mark.png\">\n            <p>Reakcja naszych koleg\u00f3w z bran\u017cy detalicznej by\u0142a znakomita - szybko si\u0119 przyj\u0119li i bardzo chwalili to innowacyjne rozwi\u0105zanie.<\/p>          \n                <strong>Ally Stephenson<\/strong>\n                Kierownik dzia\u0142u zakup\u00f3w (GNFR)","protected":false},"excerpt":{"rendered":"<p>How much plastic could you save? Number of plastic bottles used per month 750ml1l5l10l25l Please select container size Calculate Submit You could save tonnes of plastic every year call today to start saving! +44 (0) 1924 565120 Start again The biggest benefit for the end-user is the huge reduction in single use plastic waste, we&hellip;<\/p>","protected":false},"author":4,"featured_media":0,"parent":0,"menu_order":0,"comment_status":"closed","ping_status":"closed","template":"","meta":{"footnotes":""},"class_list":["post-419","page","type-page","status-publish","hentry"],"_links":{"self":[{"href":"https:\/\/soluclean.eu\/pl\/wp-json\/wp\/v2\/pages\/419","targetHints":{"allow":["GET"]}}],"collection":[{"href":"https:\/\/soluclean.eu\/pl\/wp-json\/wp\/v2\/pages"}],"about":[{"href":"https:\/\/soluclean.eu\/pl\/wp-json\/wp\/v2\/types\/page"}],"author":[{"embeddable":true,"href":"https:\/\/soluclean.eu\/pl\/wp-json\/wp\/v2\/users\/4"}],"replies":[{"embeddable":true,"href":"https:\/\/soluclean.eu\/pl\/wp-json\/wp\/v2\/comments?post=419"}],"version-history":[{"count":11,"href":"https:\/\/soluclean.eu\/pl\/wp-json\/wp\/v2\/pages\/419\/revisions"}],"predecessor-version":[{"id":1653,"href":"https:\/\/soluclean.eu\/pl\/wp-json\/wp\/v2\/pages\/419\/revisions\/1653"}],"wp:attachment":[{"href":"https:\/\/soluclean.eu\/pl\/wp-json\/wp\/v2\/media?parent=419"}],"curies":[{"name":"wp","href":"https:\/\/api.w.org\/{rel}","templated":true}]}}