{"id":2,"date":"2022-08-04T09:47:42","date_gmt":"2022-08-04T08:47:42","guid":{"rendered":"https:\/\/soluclean.eu\/?page_id=2"},"modified":"2023-01-17T15:27:22","modified_gmt":"2023-01-17T15:27:22","slug":"home","status":"publish","type":"page","link":"https:\/\/soluclean.eu\/pl\/","title":{"rendered":"Strona g\u0142\u00f3wna"},"content":{"rendered":"<img decoding=\"async\" src=\"https:\/\/soluclean.eu\/wp-content\/uploads\/2022\/08\/Banner-Image.png\" alt=\"Banner-Image\" itemprop=\"image\" height=\"830\" width=\"2000\" title=\"Banner-Image\" onerror=\"this.style.display='none'\">\n    Pochodz\u0105ce ze zr\u00f3wnowa\u017conych \u017ar\u00f3de\u0142 -\n    Czyszczenie bez u\u017cycia plastiku\n<h2>\n\t\tNasza misja\n\t<\/h2>\n\t<p>By\u0107 wiod\u0105cym producentem skutecznego i korzystnego cenowo koncentratu czyszcz\u0105cego, pakowanego w rozpuszczalne w wodzie saszetki foliowe, wytwarzanego przy zachowaniu najwy\u017cszych mo\u017cliwych standard\u00f3w etycznych.<\/p>\n  <a href=\"https:\/\/soluclean.eu\/pl\/o-nas\/\" target=\"_self\" rel=\"noopener\">\n    Dowiedz si\u0119 wi\u0119cej\n  <\/a>\n<h2>\n\t\tOszcz\u0119dzaj nie tylko pieni\u0105dze\n\t<\/h2>\n      <img decoding=\"async\" src=\"https:\/\/soluclean.eu\/wp-content\/uploads\/2022\/08\/Ballon-1.png\">\n      Zapalniczka 99%\n\n      <img decoding=\"async\" src=\"https:\/\/soluclean.eu\/wp-content\/uploads\/2022\/08\/magnify-glass.png\">\n      70% Mniej opakowa\u0144\n\n      <img decoding=\"async\" src=\"https:\/\/soluclean.eu\/wp-content\/uploads\/2022\/08\/world.png\">\n      90% Oszcz\u0119dno\u015b\u0107 CO2\n\n      <img decoding=\"async\" src=\"https:\/\/soluclean.eu\/wp-content\/uploads\/2022\/08\/box.png\">\n      96% wi\u0119cej miejsca do przechowywania\n\n      <img decoding=\"async\" src=\"https:\/\/soluclean.eu\/wp-content\/uploads\/2022\/08\/piggy-bank-1.png\">\n      60% oszcz\u0119dno\u015bci w por\u00f3wnaniu z Ready To Use\n\n      <img decoding=\"async\" src=\"https:\/\/soluclean.eu\/wp-content\/uploads\/2022\/08\/sachet.png\">\n      3 235 560 saszetek sprzedanych w 2021 r.\n\n\t<h2>Obejrzyj nasz\u0105 animacj\u0119, aby dowiedzie\u0107 si\u0119 wi\u0119cej!<\/h2>\n\t<iframe width=\"560\" height=\"315\" src=\"https:\/\/www.youtube.com\/embed\/MpsmykF4PlI\" title=\"Odtwarzacz wideo YouTube\" frameborder=\"0\" allow=\"accelerometer; autoplay; clipboard-write; encrypted-media; gyroscope; picture-in-picture\" allowfullscreen=\"\"><\/iframe>\n<h2>\n\t\tNasze produkty\n\t<\/h2>\n      <a href=\"https:\/\/soluclean.eu\/pl\/product\/heavy-duty-degreaser\/\">\n          \t<img decoding=\"async\" src=\"https:\/\/soluclean.eu\/wp-content\/uploads\/2022\/08\/Heavy-duty-degreaser-Transparent-background.png\">\n            <h3>Heavy Duty Degreaser<\/h3>\n      <\/a>\n      <a href=\"https:\/\/soluclean.eu\/pl\/product\/auto-dishwash\/\">\n          \t<img decoding=\"async\" src=\"https:\/\/soluclean.eu\/wp-content\/uploads\/2022\/08\/Auto-Dishwash-Transparent-background.png\">\n            <h3>Auto Dishwash<\/h3>\n      <\/a>\n      <a href=\"https:\/\/soluclean.eu\/pl\/product\/dezynfektor-powierzchniowy-bezpieczny-dla-zywnosci\/\">\n          \t<img decoding=\"async\" src=\"https:\/\/soluclean.eu\/wp-content\/uploads\/2022\/08\/Surface-sanitiser-Transparent-background.png\">\n            <h3>Surface Sanitiser Food Safe<\/h3>\n      <\/a>\n      <a href=\"https:\/\/soluclean.eu\/pl\/product\/air-freshener\/\">\n          \t<img decoding=\"async\" src=\"https:\/\/soluclean.eu\/wp-content\/uploads\/2022\/09\/Air-Freshener-Bottle-Transparent-background.png\">\n            <h3>Air Freshener<\/h3>\n      <\/a>\n      <a href=\"https:\/\/soluclean.eu\/pl\/product\/biological-washroom-cleaner\/\">\n          \t<img decoding=\"async\" src=\"https:\/\/soluclean.eu\/wp-content\/uploads\/2022\/08\/Bio-washroom-cleaner-transparent-background.png\">\n            <h3>Biological Washroom Cleaner<\/h3>\n      <\/a>\n      <a href=\"https:\/\/soluclean.eu\/pl\/product\/all-purpose-cleaner-2\/\">\n          \t<img decoding=\"async\" src=\"https:\/\/soluclean.eu\/wp-content\/uploads\/2022\/08\/All-purpose-Cleaner-Transparent-Background.png\">\n            <h3>All Purpose Cleaner<\/h3>\n      <\/a>\n      <a href=\"https:\/\/soluclean.eu\/pl\/product\/washroom-cleaner-2\/\">\n          \t<img decoding=\"async\" src=\"https:\/\/soluclean.eu\/wp-content\/uploads\/2022\/08\/Washroom-cleaner-Transparent-background.png\">\n            <h3>Washroom Cleaner<\/h3>\n      <\/a>\n      <a href=\"https:\/\/soluclean.eu\/pl\/product\/degreaser-cleaner\/\">\n          \t<img decoding=\"async\" src=\"https:\/\/soluclean.eu\/wp-content\/uploads\/2022\/08\/Degreaser-cleaner-transparent-background-1.png\">\n            <h3>Degreaser Cleaner<\/h3>\n      <\/a>\n  <a href=\"\/pl\/products\/\" target=\"_self\" rel=\"noopener\">\n    Wy\u015bwietl wszystkie produkty\n  <\/a>\n<h2>\n\t\tTestimonials\n\t<\/h2>\n              <img decoding=\"async\" src=\"\/wp-content\/uploads\/2022\/08\/Speech-Mark.png\">\n            <p>Najwi\u0119ksz\u0105 korzy\u015bci\u0105 dla u\u017cytkownika ko\u0144cowego jest ogromna redukcja jednorazowych odpad\u00f3w z tworzyw sztucznych, szacujemy, \u017ce zaoszcz\u0119dzili\u015bmy ponad 6000 KGS plastiku przed przedostaniem si\u0119 do strumieni odpad\u00f3w w obiektach naszych klient\u00f3w.<\/p>          \n                <strong>Danny Gostt<\/strong>\n                Dyrektor operacyjny TSS\n              <img decoding=\"async\" src=\"\/wp-content\/uploads\/2022\/08\/Speech-Mark.png\">\n            <p>\"Jako rodzinna i szanowana firma zajmuj\u0105ca si\u0119 sprz\u0105taniem i wsparciem komercyjnym, dlatego nasza wsp\u00f3\u0142praca z Solupak okaza\u0142a si\u0119 sukcesem... rozpocz\u0119li\u015bmy wdra\u017canie produkt\u00f3w Solupak w 2018 roku, a przej\u015bcie to odby\u0142o si\u0119 z \u0142atwo\u015bci\u0105 dzi\u0119ki cennym materia\u0142om szkoleniowym i us\u0142ugom \u015bwiadczonym przez ich zesp\u00f3\u0142. Produkty Solupak dzia\u0142aj\u0105 tak p\u0142ynnie, jak to tylko mo\u017cliwe\".<\/p>          \n                <strong>Mike Rowley<\/strong>\n                Dyrektor operacyjny\n              <img decoding=\"async\" src=\"\/wp-content\/uploads\/2022\/08\/Speech-Mark.png\">\n            <p>\"Zacz\u0119li\u015bmy korzysta\u0107 z produkt\u00f3w Solupak w 2018 roku po k\u0142opotach z poprzednimi dostawcami, kt\u00f3rzy okazali si\u0119 niewiarygodni. Nigdy nie mieli\u015bmy problemu z uzyskaniem zapas\u00f3w od Solupak, a produkty okaza\u0142y si\u0119 najskuteczniejsze, jakie wypr\u00f3bowali\u015bmy\".<\/p>          \n                <strong>Eoin O'Brien<\/strong>\n                Dyrektor operacyjny\n              <img decoding=\"async\" src=\"\/wp-content\/uploads\/2022\/08\/Speech-Mark.png\">\n            <p>Reakcja naszych koleg\u00f3w z bran\u017cy detalicznej by\u0142a znakomita - szybko si\u0119 przyj\u0119li i bardzo chwalili to innowacyjne rozwi\u0105zanie.<\/p>          \n                <strong>Ally Stephenson<\/strong>\n                Kierownik dzia\u0142u zakup\u00f3w (GNFR)\n<h2>\n\t\tSpo\u0142eczny\n\t<\/h2>\nhttps:\/\/www.linkedin.com\/embed\/feed\/update\/urn:li:share:6962340683923742720\n<iframe src=\"https:\/\/www.linkedin.com\/embed\/feed\/update\/urn:li:share:6962340683923742720\" height=\"725\" width=\"504\" frameborder=\"0\" allowfullscreen=\"\" title=\"Osadzony post\"><\/iframe>https:\/\/www.linkedin.com\/embed\/feed\/update\/urn:li:share:6958711703815520256\n<iframe src=\"https:\/\/www.linkedin.com\/embed\/feed\/update\/urn:li:share:6958711703815520256\" height=\"725\" width=\"504\" frameborder=\"0\" allowfullscreen=\"\" title=\"Osadzony post\"><\/iframe>","protected":false},"excerpt":{"rendered":"<p>Zr\u00f3wnowa\u017cone pochodzenie - czyszczenie bez plastiku Nasza misja By\u0107 wiod\u0105cym producentem skutecznych i atrakcyjnych cenowo koncentrat\u00f3w czyszcz\u0105cych, pakowanych w rozpuszczalne w wodzie saszetki foliowe, wytwarzanych zgodnie z najwy\u017cszymi mo\u017cliwymi standardami etycznymi. Dowiedz si\u0119 wi\u0119cej Oszcz\u0119dno\u015b\u0107 nie tylko pieni\u0119dzy 99% L\u017cejszy 70% Mniej opakowa\u0144 90% Oszcz\u0119dno\u015b\u0107 CO2 96% Wi\u0119cej miejsca do przechowywania 60% Oszcz\u0119dno\u015b\u0107...<\/p>","protected":false},"author":4,"featured_media":0,"parent":0,"menu_order":0,"comment_status":"closed","ping_status":"closed","template":"","meta":{"footnotes":""},"class_list":["post-2","page","type-page","status-publish","hentry"],"_links":{"self":[{"href":"https:\/\/soluclean.eu\/pl\/wp-json\/wp\/v2\/pages\/2","targetHints":{"allow":["GET"]}}],"collection":[{"href":"https:\/\/soluclean.eu\/pl\/wp-json\/wp\/v2\/pages"}],"about":[{"href":"https:\/\/soluclean.eu\/pl\/wp-json\/wp\/v2\/types\/page"}],"author":[{"embeddable":true,"href":"https:\/\/soluclean.eu\/pl\/wp-json\/wp\/v2\/users\/4"}],"replies":[{"embeddable":true,"href":"https:\/\/soluclean.eu\/pl\/wp-json\/wp\/v2\/comments?post=2"}],"version-history":[{"count":42,"href":"https:\/\/soluclean.eu\/pl\/wp-json\/wp\/v2\/pages\/2\/revisions"}],"predecessor-version":[{"id":861,"href":"https:\/\/soluclean.eu\/pl\/wp-json\/wp\/v2\/pages\/2\/revisions\/861"}],"wp:attachment":[{"href":"https:\/\/soluclean.eu\/pl\/wp-json\/wp\/v2\/media?parent=2"}],"curies":[{"name":"wp","href":"https:\/\/api.w.org\/{rel}","templated":true}]}}