{"id":1478,"date":"2023-01-09T12:43:10","date_gmt":"2023-01-09T12:43:10","guid":{"rendered":"https:\/\/soluclean.eu\/?page_id=1478"},"modified":"2023-01-17T15:28:04","modified_gmt":"2023-01-17T15:28:04","slug":"sustainability-report","status":"publish","type":"page","link":"https:\/\/soluclean.eu\/pl\/raport-zrownowazonego-rozwoju\/","title":{"rendered":"Raport o zr\u00f3wnowa\u017conym rozwoju"},"content":{"rendered":"<h3><a href=\"https:\/\/soluclean.eu\/wp-content\/uploads\/2023\/01\/Solupak-Sustainability-report-2022.pdf\">KLIKNIJ TUTAJ, aby przeczyta\u0107 nasz raport zr\u00f3wnowa\u017conego rozwoju na lata 2021\/2022.<\/a><\/h3><p>Niniejszy raport zosta\u0142 opracowany we wsp\u00f3\u0142pracy z ca\u0142ym zespo\u0142em Solupak. Udowodnili\u015bmy nasze wyniki w odniesieniu do wcze\u015bniej wyznaczonych cel\u00f3w i przedstawili\u015bmy nasze zobowi\u0105zanie do osi\u0105gni\u0119cia przysz\u0142ych wymiernych cel\u00f3w na rok 2023 i kolejne lata.<\/p>\n<h2>\n\t\tTestimonials\n\t<\/h2>\n              <img decoding=\"async\" src=\"\/wp-content\/uploads\/2022\/08\/Speech-Mark.png\">\n            <p>Najwi\u0119ksz\u0105 korzy\u015bci\u0105 dla u\u017cytkownika ko\u0144cowego jest ogromna redukcja jednorazowych odpad\u00f3w z tworzyw sztucznych, szacujemy, \u017ce zaoszcz\u0119dzili\u015bmy ponad 6000 KGS plastiku przed przedostaniem si\u0119 do strumieni odpad\u00f3w w obiektach naszych klient\u00f3w.<\/p>          \n                <strong>Danny Gostt<\/strong>\n                Dyrektor operacyjny TSS\n              <img decoding=\"async\" src=\"\/wp-content\/uploads\/2022\/08\/Speech-Mark.png\">\n            <p>\"Jako rodzinna i szanowana firma zajmuj\u0105ca si\u0119 sprz\u0105taniem i wsparciem komercyjnym, dlatego nasza wsp\u00f3\u0142praca z Solupak okaza\u0142a si\u0119 sukcesem... rozpocz\u0119li\u015bmy wdra\u017canie produkt\u00f3w Solupak w 2018 roku, a przej\u015bcie to odby\u0142o si\u0119 z \u0142atwo\u015bci\u0105 dzi\u0119ki cennym materia\u0142om szkoleniowym i us\u0142ugom \u015bwiadczonym przez ich zesp\u00f3\u0142. Produkty Solupak dzia\u0142aj\u0105 tak p\u0142ynnie, jak to tylko mo\u017cliwe\".<\/p>          \n                <strong>Mike Rowley<\/strong>\n                Dyrektor operacyjny\n              <img decoding=\"async\" src=\"\/wp-content\/uploads\/2022\/08\/Speech-Mark.png\">\n            <p>\"Zacz\u0119li\u015bmy korzysta\u0107 z produkt\u00f3w Solupak w 2018 roku po k\u0142opotach z poprzednimi dostawcami, kt\u00f3rzy okazali si\u0119 niewiarygodni. Nigdy nie mieli\u015bmy problemu z uzyskaniem zapas\u00f3w od Solupak, a produkty okaza\u0142y si\u0119 najskuteczniejsze, jakie wypr\u00f3bowali\u015bmy\".<\/p>          \n                <strong>Eoin O'Brien<\/strong>\n                Dyrektor operacyjny\n              <img decoding=\"async\" src=\"\/wp-content\/uploads\/2022\/08\/Speech-Mark.png\">\n            <p>Reakcja naszych koleg\u00f3w z bran\u017cy detalicznej by\u0142a znakomita - szybko si\u0119 przyj\u0119li i bardzo chwalili to innowacyjne rozwi\u0105zanie.<\/p>          \n                <strong>Ally Stephenson<\/strong>\n                Kierownik dzia\u0142u zakup\u00f3w (GNFR)","protected":false},"excerpt":{"rendered":"<p>CLICK HERE to read our sustainability report for 2021\/2022. This report has been compiled in collaboration with the entire Solupak team. We have evidenced our performance in relation to previous targets set and outlined our commitment to achieve future measurable goals for 2023 and beyond. Testimonials The biggest benefit for the end-user is the huge&hellip;<\/p>","protected":false},"author":4,"featured_media":0,"parent":0,"menu_order":0,"comment_status":"closed","ping_status":"closed","template":"","meta":{"footnotes":""},"class_list":["post-1478","page","type-page","status-publish","hentry"],"_links":{"self":[{"href":"https:\/\/soluclean.eu\/pl\/wp-json\/wp\/v2\/pages\/1478","targetHints":{"allow":["GET"]}}],"collection":[{"href":"https:\/\/soluclean.eu\/pl\/wp-json\/wp\/v2\/pages"}],"about":[{"href":"https:\/\/soluclean.eu\/pl\/wp-json\/wp\/v2\/types\/page"}],"author":[{"embeddable":true,"href":"https:\/\/soluclean.eu\/pl\/wp-json\/wp\/v2\/users\/4"}],"replies":[{"embeddable":true,"href":"https:\/\/soluclean.eu\/pl\/wp-json\/wp\/v2\/comments?post=1478"}],"version-history":[{"count":5,"href":"https:\/\/soluclean.eu\/pl\/wp-json\/wp\/v2\/pages\/1478\/revisions"}],"predecessor-version":[{"id":1658,"href":"https:\/\/soluclean.eu\/pl\/wp-json\/wp\/v2\/pages\/1478\/revisions\/1658"}],"wp:attachment":[{"href":"https:\/\/soluclean.eu\/pl\/wp-json\/wp\/v2\/media?parent=1478"}],"curies":[{"name":"wp","href":"https:\/\/api.w.org\/{rel}","templated":true}]}}