{"id":111,"date":"2022-08-16T11:38:48","date_gmt":"2022-08-16T10:38:48","guid":{"rendered":"https:\/\/soluclean.eu\/?page_id=111"},"modified":"2023-03-23T10:04:01","modified_gmt":"2023-03-23T10:04:01","slug":"get-in-touch","status":"publish","type":"page","link":"https:\/\/soluclean.eu\/pl\/get-in-touch\/","title":{"rendered":"Skontaktuj si\u0119 z nami"},"content":{"rendered":"<p>Zadzwo\u0144 do nas teraz pod numer +421 905 293 716<br>lub zostaw nam zapytanie, a my skontaktujemy si\u0119 z Tob\u0105<\/p>\n      <form id=\"cred_form_116_1_1\" action=\"https:\/\/soluclean.eu\/pl\/get-in-touch\/\" data-form=\"{&quot;form_id&quot;:&quot;cred_form_116_1_1&quot;,&quot;use_ajax&quot;:&quot;1&quot;,&quot;wpv_page&quot;:1}\" data-conditionals=\"[]\" method=\"post\" data-trp-original-action=\"\/?page_id=111&amp;fl_builder=&amp;_tt=1673969717\">\n<input type=\"text\" id=\"cred_form_116_1_1_post_title\" name=\"post_title\" value=\"\" output=\"bootstrap\" preset_value=\"\" urlparam=\"\" value_escape=\"\" make_readonly=\"\" placeholder=\"\" select_text=\"\" data-wpt-validate=\"{&quot;required&quot;:{&quot;args&quot;:{&quot;1&quot;:true},&quot;message&quot;:&quot;This field is required&quot;}}\" data-wpt-field-title=\"Website Contact Title\" data-parsley-required=\"true\" data-parsley-required-message=\"This field is required\" data-parsley-credfilesize=\"67108864\" data-wpt-type=\"textfield\" data-wpt-id=\"cred_form_116_1_1_cred_form_116_1_1_post_title\" data-wpt-name=\"post_title\">\n<input type=\"text\" id=\"cred_form_116_1_1_first-name\" name=\"wpcf-first-name\" value=\"\" output=\"bootstrap\" preset_value=\"\" urlparam=\"\" preview=\"\" previewsize=\"\" select_label=\"\" edit_label=\"\" value_escape=\"\" make_readonly=\"\" placeholder=\"Imi\u0119\" select_text=\"\" data-wpt-validate=\"{&quot;required&quot;:{&quot;args&quot;:{&quot;1&quot;:true},&quot;message&quot;:&quot;This field is required.&quot;}}\" data-wpt-field-title=\"First Name\" data-parsley-required=\"true\" data-parsley-required-message=\"This field is required.\" data-parsley-credfilesize=\"67108864\" data-wpt-type=\"textfield\" data-wpt-id=\"cred_form_116_1_1_cred_form_116_1_1_first-name\" data-wpt-name=\"wpcf-first-name\">\n<input type=\"text\" id=\"cred_form_116_1_1_last-name\" name=\"wpcf-last-name\" value=\"\" output=\"bootstrap\" preset_value=\"\" urlparam=\"\" preview=\"\" previewsize=\"\" select_label=\"\" edit_label=\"\" value_escape=\"\" make_readonly=\"\" placeholder=\"Nazwisko\" select_text=\"\" data-wpt-validate=\"{&quot;required&quot;:{&quot;args&quot;:{&quot;1&quot;:true},&quot;message&quot;:&quot;This field is required.&quot;}}\" data-wpt-field-title=\"Last Name\" data-parsley-required=\"true\" data-parsley-required-message=\"This field is required.\" data-parsley-credfilesize=\"67108864\" data-wpt-type=\"textfield\" data-wpt-id=\"cred_form_116_1_1_cred_form_116_1_1_last-name\" data-wpt-name=\"wpcf-last-name\">\n<input type=\"text\" id=\"cred_form_116_1_1_email\" name=\"wpcf-email\" value=\"\" output=\"bootstrap\" preset_value=\"\" urlparam=\"\" preview=\"\" previewsize=\"\" select_label=\"\" edit_label=\"\" value_escape=\"\" make_readonly=\"\" placeholder=\"E-mail\" select_text=\"\" data-wpt-validate=\"{&quot;required&quot;:{&quot;args&quot;:{&quot;1&quot;:true},&quot;message&quot;:&quot;This field is required.&quot;},&quot;email&quot;:{&quot;args&quot;:{&quot;1&quot;:true},&quot;message&quot;:&quot;Please enter a valid email address.&quot;}}\" data-wpt-field-title=\"Email\" data-parsley-required=\"true\" data-parsley-required-message=\"This field is required.\" data-parsley-credfilesize=\"67108864\" data-parsley-type=\"email\" data-parsley-error-message=\"Please enter a valid email address.\" data-wpt-type=\"textfield\" data-wpt-id=\"cred_form_116_1_1_cred_form_116_1_1_email\" data-wpt-name=\"wpcf-email\">\n<input type=\"text\" id=\"cred_form_116_1_1_phone\" name=\"wpcf-phone\" value=\"\" output=\"bootstrap\" preset_value=\"\" urlparam=\"\" preview=\"\" previewsize=\"\" select_label=\"\" edit_label=\"\" value_escape=\"\" make_readonly=\"\" placeholder=\"Telefon\" select_text=\"\" data-wpt-validate=\"{&quot;required&quot;:{&quot;args&quot;:{&quot;1&quot;:true},&quot;message&quot;:&quot;This field is required.&quot;}}\" data-wpt-field-title=\"Phone\" data-parsley-required=\"true\" data-parsley-required-message=\"This field is required.\" data-parsley-credfilesize=\"67108864\" data-wpt-type=\"textfield\" data-wpt-id=\"cred_form_116_1_1_cred_form_116_1_1_phone\" data-wpt-name=\"wpcf-phone\">\n<textarea id=\"cred_form_116_1_1_message\" name=\"wpcf-message\" output=\"bootstrap\" preset_value=\"\" urlparam=\"\" preview=\"\" previewsize=\"\" select_label=\"\" edit_label=\"\" value_escape=\"\" make_readonly=\"\" placeholder=\"Wiadomo\u015b\u0107\" select_text=\"\" data-wpt-validate=\"{&quot;required&quot;:{&quot;args&quot;:{&quot;1&quot;:true},&quot;message&quot;:&quot;This field is required.&quot;}}\" data-wpt-field-title=\"Message\" data-parsley-required=\"true\" data-parsley-required-message=\"This field is required.\" data-parsley-credfilesize=\"67108864\" rows=\"5\" cols=\"1\" data-wpt-type=\"textarea\" data-wpt-id=\"cred_form_116_1_1_cred_form_116_1_1_message\" data-wpt-name=\"wpcf-message\"><\/textarea>\n    Please validate reCAPTCHA\n<input type=\"text\" id=\"cred_form_116_1_1__recaptcha\" name=\"_recaptcha\" value=\"\" data-wpt-type=\"textfield\" data-wpt-id=\"cred_form_116_1_1_cred_form_116_1_1__recaptcha\" data-wpt-name=\"_recaptcha\">\n    <input type=\"submit\" id=\"cred_form_116_1_1_form_submit_1\" name=\"form_submit_1\" value=\"Send Message\">\n<input type=\"hidden\" id=\"cred_form_116_1_1__cred_cred_wpnonce_cred_form_116_1\" name=\"_cred_cred_wpnonce_cred_form_116_1\" value=\"267b03632c\" data-wpt-id=\"cred_form_116_1_1_cred_form_116_1_1__cred_cred_wpnonce_cred_form_116_1\" data-wpt-name=\"_cred_cred_wpnonce_cred_form_116_1\"><input type=\"hidden\" id=\"cred_form_116_1_1__cred_cred_prefix_post_id\" name=\"_cred_cred_prefix_post_id\" value=\"1650\" data-wpt-id=\"cred_form_116_1_1_cred_form_116_1_1__cred_cred_prefix_post_id\" data-wpt-name=\"_cred_cred_prefix_post_id\"><input type=\"hidden\" id=\"cred_form_116_1_1__cred_cred_prefix_cred_container_id\" name=\"_cred_cred_prefix_cred_container_id\" value=\"111\" data-wpt-id=\"cred_form_116_1_1_cred_form_116_1_1__cred_cred_prefix_cred_container_id\" data-wpt-name=\"_cred_cred_prefix_cred_container_id\"><input type=\"hidden\" id=\"cred_form_116_1_1__cred_cred_prefix_form_id\" name=\"_cred_cred_prefix_form_id\" value=\"116\" data-wpt-id=\"cred_form_116_1_1_cred_form_116_1_1__cred_cred_prefix_form_id\" data-wpt-name=\"_cred_cred_prefix_form_id\"><input type=\"hidden\" id=\"cred_form_116_1_1__cred_cred_prefix_form_count\" name=\"_cred_cred_prefix_form_count\" value=\"1\" data-wpt-id=\"cred_form_116_1_1_cred_form_116_1_1__cred_cred_prefix_form_count\" data-wpt-name=\"_cred_cred_prefix_form_count\"><input type=\"hidden\" name=\"trp-form-language\" value=\"pl\"\/><\/form>\n\t<p>Soluclean opening hours are Monday to Friday 8:00 &#8211; 18:00<\/p>\n<h2>\n\t\tTestimonials\n\t<\/h2>\n              <img decoding=\"async\" src=\"\/wp-content\/uploads\/2022\/08\/Speech-Mark.png\">\n            <p>Najwi\u0119ksz\u0105 korzy\u015bci\u0105 dla u\u017cytkownika ko\u0144cowego jest ogromna redukcja jednorazowych odpad\u00f3w z tworzyw sztucznych, szacujemy, \u017ce zaoszcz\u0119dzili\u015bmy ponad 6000 KGS plastiku przed przedostaniem si\u0119 do strumieni odpad\u00f3w w obiektach naszych klient\u00f3w.<\/p>          \n                <strong>Danny Gostt<\/strong>\n                Dyrektor operacyjny TSS\n              <img decoding=\"async\" src=\"\/wp-content\/uploads\/2022\/08\/Speech-Mark.png\">\n            <p>\"Jako rodzinna i szanowana firma zajmuj\u0105ca si\u0119 sprz\u0105taniem i wsparciem komercyjnym, dlatego nasza wsp\u00f3\u0142praca z Solupak okaza\u0142a si\u0119 sukcesem... rozpocz\u0119li\u015bmy wdra\u017canie produkt\u00f3w Solupak w 2018 roku, a przej\u015bcie to odby\u0142o si\u0119 z \u0142atwo\u015bci\u0105 dzi\u0119ki cennym materia\u0142om szkoleniowym i us\u0142ugom \u015bwiadczonym przez ich zesp\u00f3\u0142. Produkty Solupak dzia\u0142aj\u0105 tak p\u0142ynnie, jak to tylko mo\u017cliwe\".<\/p>          \n                <strong>Mike Rowley<\/strong>\n                Dyrektor operacyjny\n              <img decoding=\"async\" src=\"\/wp-content\/uploads\/2022\/08\/Speech-Mark.png\">\n            <p>\"Zacz\u0119li\u015bmy korzysta\u0107 z produkt\u00f3w Solupak w 2018 roku po k\u0142opotach z poprzednimi dostawcami, kt\u00f3rzy okazali si\u0119 niewiarygodni. Nigdy nie mieli\u015bmy problemu z uzyskaniem zapas\u00f3w od Solupak, a produkty okaza\u0142y si\u0119 najskuteczniejsze, jakie wypr\u00f3bowali\u015bmy\".<\/p>          \n                <strong>Eoin O'Brien<\/strong>\n                Dyrektor operacyjny\n              <img decoding=\"async\" src=\"\/wp-content\/uploads\/2022\/08\/Speech-Mark.png\">\n            <p>Reakcja naszych koleg\u00f3w z bran\u017cy detalicznej by\u0142a znakomita - szybko si\u0119 przyj\u0119li i bardzo chwalili to innowacyjne rozwi\u0105zanie.<\/p>          \n                <strong>Ally Stephenson<\/strong>\n                Kierownik dzia\u0142u zakup\u00f3w (GNFR)","protected":false},"excerpt":{"rendered":"<p>Call us now on or leave us an enquiry and we will get back to you Please validate reCAPTCHA Soluclean opening hours are Monday to Friday 8:00 &#8211; 18:00 Testimonials The biggest benefit for the end-user is the huge reduction in single use plastic waste, we estimate that we&#8217;ve saved over 6000 KGS of plastic&hellip;<\/p>","protected":false},"author":4,"featured_media":0,"parent":0,"menu_order":0,"comment_status":"closed","ping_status":"closed","template":"","meta":{"footnotes":""},"class_list":["post-111","page","type-page","status-publish","hentry"],"_links":{"self":[{"href":"https:\/\/soluclean.eu\/pl\/wp-json\/wp\/v2\/pages\/111","targetHints":{"allow":["GET"]}}],"collection":[{"href":"https:\/\/soluclean.eu\/pl\/wp-json\/wp\/v2\/pages"}],"about":[{"href":"https:\/\/soluclean.eu\/pl\/wp-json\/wp\/v2\/types\/page"}],"author":[{"embeddable":true,"href":"https:\/\/soluclean.eu\/pl\/wp-json\/wp\/v2\/users\/4"}],"replies":[{"embeddable":true,"href":"https:\/\/soluclean.eu\/pl\/wp-json\/wp\/v2\/comments?post=111"}],"version-history":[{"count":4,"href":"https:\/\/soluclean.eu\/pl\/wp-json\/wp\/v2\/pages\/111\/revisions"}],"predecessor-version":[{"id":1670,"href":"https:\/\/soluclean.eu\/pl\/wp-json\/wp\/v2\/pages\/111\/revisions\/1670"}],"wp:attachment":[{"href":"https:\/\/soluclean.eu\/pl\/wp-json\/wp\/v2\/media?parent=111"}],"curies":[{"name":"wp","href":"https:\/\/api.w.org\/{rel}","templated":true}]}}