{"id":96,"date":"2022-08-16T09:55:08","date_gmt":"2022-08-16T08:55:08","guid":{"rendered":"https:\/\/soluclean.eu\/?page_id=96"},"modified":"2023-01-17T15:25:23","modified_gmt":"2023-01-17T15:25:23","slug":"about-us","status":"publish","type":"page","link":"https:\/\/soluclean.eu\/hu\/rolunk\/","title":{"rendered":"About Us"},"content":{"rendered":"<h2>soluCLEAN T\u00f6rt\u00e9net\u00fcnk<\/h2><h3>T\u00f6rt\u00e9net\u00fcnk 8 \u00e9vvel ezel\u0151tt kezd\u0151d\u00f6tt, amikor a soluCLEAN alap\u00edt\u00f3i kifejlesztettek \u00e9s l\u00e9trehoztak egy olyan term\u00e9kcsal\u00e1dot, amely kik\u00fcsz\u00f6b\u00f6lte az egyszer haszn\u00e1latos m\u0171anyagokat a teljes ell\u00e1t\u00e1si \u00e9s term\u00e9kl\u00e1ncb\u00f3l. A soluCLEAN term\u00e9kcsal\u00e1dot l\u00e9trehoz\u00f3 csapat m\u00e1r kor\u00e1bban is dolgozott a PVOH v\u00edzben old\u00f3d\u00f3 f\u00f3li\u00e1val, \u00e9s \u00e9szrevett\u00e9k, hogy a piacon hi\u00e1ny van a vegyszer-koncentr\u00e1tumok becsomagol\u00e1s\u00e1ra szolg\u00e1l\u00f3 technol\u00f3gia haszn\u00e1lat\u00e1ban, \u00edgy sz\u00fcletett meg a soluCLEAN.<\/h3>\n          <h3>The journey of soluCLEAN is one of many twists; 8 years ago the words &#8216;sustainability&#8217; and &#8216;eco&#8217; were treated with much less vigor and importance as they are now. soluCLEAN was the first single use plastic free cleaning brand In the commercial cleaning sector\u2026 the market place today compared to that of 8 years ago has progressed to having the environment at the forefront.<\/h3>\n          <h3>Az emberek most m\u00e1r nem az\u00e9rt v\u00e1s\u00e1rolnak \u00e9s kutatnak a legink\u00e1bb fenntarthat\u00f3 \u00e9s \u00f6kol\u00f3giailag felel\u0151s term\u00e9kek ut\u00e1n, hogy kipip\u00e1lhassanak valamilyen jel\u00f6l\u0151n\u00e9gyzetet, hanem az\u00e9rt, mert val\u00f3ban t\u00f6r\u0151dnek azokkal a term\u00e9kekkel, amelyeket a telephelyeik tiszt\u00edt\u00e1s\u00e1ra haszn\u00e1lnak.<\/h3>\n          <h3><strong>Our story has recently taken it&#8217;s latest twist, soluCLEAN has been given a whole new look: a new brand concept, a firmly defined tone and messaging that sums up the benefits and ethos of the brand. As sustainable products become more and more in demand, we thought it best to evolve with the times too.<\/strong><\/h3><h2>&nbsp;<\/h2><h2>soluCLEAN is simple, straight forward and does what it says on the recyclable bottle! \ud83d\ude09<\/h2>\n<h2>\n\t\tN\u00e9zze meg a csapat \u00faj v\u00e1llalati vide\u00f3j\u00e1t itt!\n\t<\/h2>\n\t<iframe width=\"560\" height=\"315\" src=\"https:\/\/www.youtube.com\/embed\/hu9jj8cgAvI\" title=\"YouTube vide\u00f3 lej\u00e1tsz\u00f3\" frameborder=\"0\" allow=\"accelerometer; autoplay; clipboard-write; encrypted-media; gyroscope; picture-in-picture\" allowfullscreen=\"\"><\/iframe>\n<h2>\n\t\tAj\u00e1nl\u00e1sok\n\t<\/h2>\n              <img decoding=\"async\" src=\"\/wp-content\/uploads\/2022\/08\/Speech-Mark.png\">\n            <p>The biggest benefit for the end-user is the huge reduction in single use plastic waste, we estimate that we&#8217;ve saved over 6000 KGS of plastic from entering the waste streams in our client premises.<\/p>          \n                <strong>Danny Gostt<\/strong>\n                A TSS \u00fczemeltet\u00e9si igazgat\u00f3ja\n              <img decoding=\"async\" src=\"\/wp-content\/uploads\/2022\/08\/Speech-Mark.png\">\n            <p>&#8220;As a family and well respected commercial cleaning and support to use, which is why our partnership with Solupak has been a success&#8230; we started rolling out the Solupak products in 2018, and this transition was done with ease, thanks to the valuable training materials and services that were provided by their team. We have the Solupak products ran as smoothly as possible.&#8221;<\/p>          \n                <strong>Mike Rowley<\/strong>\n                M\u0171veleti igazgat\u00f3\n              <img decoding=\"async\" src=\"\/wp-content\/uploads\/2022\/08\/Speech-Mark.png\">\n            <p>&#8220;We started using the Solupak products in 2018 after having some trouble with previous suppliers who turned out to be unreliable. We have never had an issue with obtaining stock from Solupak, and the products have been the most effective that we have tried.&#8221;<\/p>          \n                <strong>Eoin O&#8217;Brien<\/strong>\n                M\u0171veleti igazgat\u00f3\n              <img decoding=\"async\" src=\"\/wp-content\/uploads\/2022\/08\/Speech-Mark.png\">\n            <p>A kiskereskedelmi koll\u00e9g\u00e1ink kiv\u00e1l\u00f3an reag\u00e1ltak, gyorsan elfogadt\u00e1k \u00e9s nagyra \u00e9rt\u00e9kelt\u00e9k ezt az innovat\u00edv megold\u00e1st.<\/p>          \n                <strong>Ally Stephenson<\/strong>\n                Beszerz\u00e9si vezet\u0151 (GNFR)","protected":false},"excerpt":{"rendered":"<p>soluCLEAN Our Story Our story begins 8 years ago, when the soluCLEAN founders developed and created a range of products that eliminated single use plastics from the entire supply and product chain. The team who created the soluCLEAN range had already been working with the PVOH water-soluble film and noticed a gap in the market&hellip;<\/p>","protected":false},"author":4,"featured_media":0,"parent":0,"menu_order":0,"comment_status":"closed","ping_status":"closed","template":"","meta":{"footnotes":""},"class_list":["post-96","page","type-page","status-publish","hentry"],"_links":{"self":[{"href":"https:\/\/soluclean.eu\/hu\/wp-json\/wp\/v2\/pages\/96","targetHints":{"allow":["GET"]}}],"collection":[{"href":"https:\/\/soluclean.eu\/hu\/wp-json\/wp\/v2\/pages"}],"about":[{"href":"https:\/\/soluclean.eu\/hu\/wp-json\/wp\/v2\/types\/page"}],"author":[{"embeddable":true,"href":"https:\/\/soluclean.eu\/hu\/wp-json\/wp\/v2\/users\/4"}],"replies":[{"embeddable":true,"href":"https:\/\/soluclean.eu\/hu\/wp-json\/wp\/v2\/comments?post=96"}],"version-history":[{"count":20,"href":"https:\/\/soluclean.eu\/hu\/wp-json\/wp\/v2\/pages\/96\/revisions"}],"predecessor-version":[{"id":1652,"href":"https:\/\/soluclean.eu\/hu\/wp-json\/wp\/v2\/pages\/96\/revisions\/1652"}],"wp:attachment":[{"href":"https:\/\/soluclean.eu\/hu\/wp-json\/wp\/v2\/media?parent=96"}],"curies":[{"name":"wp","href":"https:\/\/api.w.org\/{rel}","templated":true}]}}