{"id":728,"date":"2022-10-11T11:48:44","date_gmt":"2022-10-11T10:48:44","guid":{"rendered":"https:\/\/soluclean.eu\/?page_id=728"},"modified":"2023-01-17T15:27:58","modified_gmt":"2023-01-17T15:27:58","slug":"training","status":"publish","type":"page","link":"https:\/\/soluclean.eu\/hu\/kepzes\/","title":{"rendered":"soluCLEAN k\u00e9pz\u00e9s"},"content":{"rendered":"<p>We&#8217;ve created this 3 minute video guide to provide viewers with an overview of our soluCLEAN eco-responsible cleaning products. Watch the video to explore the product range and learn about its various applications around the workplace and the easy 4 step Fill, Add, Shake &amp; Go! product usage process. The video also highlights some of the many features and safety benefits soluCLEAN users enjoy every day by choosing our products.<\/p>\n          <p>Tekintse meg \u00faj bros\u00far\u00e1nkat itt..<\/p><h1><a href=\"https:\/\/soluclean.eu\/wp-content\/uploads\/2022\/11\/soluCLEAN_brochure_OCT_22.pdf\">2022-es bros\u00fara<\/a><\/h1>\n              <img decoding=\"async\" src=\"\/wp-content\/uploads\/2022\/08\/Speech-Mark.png\">\n            <p>The biggest benefit for the end-user is the huge reduction in single use plastic waste, we estimate that we&#8217;ve saved over 6000 KGS of plastic from entering the waste streams in our client premises.<\/p>          \n                <strong>Danny Gostt<\/strong>\n                A TSS \u00fczemeltet\u00e9si igazgat\u00f3ja\n              <img decoding=\"async\" src=\"\/wp-content\/uploads\/2022\/08\/Speech-Mark.png\">\n            <p>&#8220;As a family and well respected commercial cleaning and support to use, which is why our partnership with Solupak has been a success&#8230; we started rolling out the Solupak products in 2018, and this transition was done with ease, thanks to the valuable training materials and services that were provided by their team. We have the Solupak products ran as smoothly as possible.&#8221;<\/p>          \n                <strong>Mike Rowley<\/strong>\n                M\u0171veleti igazgat\u00f3\n              <img decoding=\"async\" src=\"\/wp-content\/uploads\/2022\/08\/Speech-Mark.png\">\n            <p>&#8220;We started using the Solupak products in 2018 after having some trouble with previous suppliers who turned out to be unreliable. We have never had an issue with obtaining stock from Solupak, and the products have been the most effective that we have tried.&#8221;<\/p>          \n                <strong>Eoin O&#8217;Brien<\/strong>\n                M\u0171veleti igazgat\u00f3\n              <img decoding=\"async\" src=\"\/wp-content\/uploads\/2022\/08\/Speech-Mark.png\">\n            <p>A kiskereskedelmi koll\u00e9g\u00e1ink kiv\u00e1l\u00f3an reag\u00e1ltak, gyorsan elfogadt\u00e1k \u00e9s nagyra \u00e9rt\u00e9kelt\u00e9k ezt az innovat\u00edv megold\u00e1st.<\/p>          \n                <strong>Ally Stephenson<\/strong>\n                Beszerz\u00e9si vezet\u0151 (GNFR)","protected":false},"excerpt":{"rendered":"<p>We&#8217;ve created this 3 minute video guide to provide viewers with an overview of our soluCLEAN eco-responsible cleaning products. Watch the video to explore the product range and learn about its various applications around the workplace and the easy 4 step Fill, Add, Shake &amp; Go! product usage process. The video also highlights some of&hellip;<\/p>","protected":false},"author":4,"featured_media":0,"parent":0,"menu_order":0,"comment_status":"closed","ping_status":"closed","template":"","meta":{"footnotes":""},"class_list":["post-728","page","type-page","status-publish","hentry"],"_links":{"self":[{"href":"https:\/\/soluclean.eu\/hu\/wp-json\/wp\/v2\/pages\/728","targetHints":{"allow":["GET"]}}],"collection":[{"href":"https:\/\/soluclean.eu\/hu\/wp-json\/wp\/v2\/pages"}],"about":[{"href":"https:\/\/soluclean.eu\/hu\/wp-json\/wp\/v2\/types\/page"}],"author":[{"embeddable":true,"href":"https:\/\/soluclean.eu\/hu\/wp-json\/wp\/v2\/users\/4"}],"replies":[{"embeddable":true,"href":"https:\/\/soluclean.eu\/hu\/wp-json\/wp\/v2\/comments?post=728"}],"version-history":[{"count":18,"href":"https:\/\/soluclean.eu\/hu\/wp-json\/wp\/v2\/pages\/728\/revisions"}],"predecessor-version":[{"id":1055,"href":"https:\/\/soluclean.eu\/hu\/wp-json\/wp\/v2\/pages\/728\/revisions\/1055"}],"wp:attachment":[{"href":"https:\/\/soluclean.eu\/hu\/wp-json\/wp\/v2\/media?parent=728"}],"curies":[{"name":"wp","href":"https:\/\/api.w.org\/{rel}","templated":true}]}}