{"id":419,"date":"2022-08-26T17:54:14","date_gmt":"2022-08-26T16:54:14","guid":{"rendered":"https:\/\/soluclean.eu\/?page_id=419"},"modified":"2023-01-30T21:44:56","modified_gmt":"2023-01-30T21:44:56","slug":"carbon-calculator","status":"publish","type":"page","link":"https:\/\/soluclean.eu\/hu\/szen-dioxid-kalkulator\/","title":{"rendered":"Sz\u00e9n-dioxid-kalkul\u00e1tor"},"content":{"rendered":"<!-- \n          <img decoding=\"async\" src=\"https:\/\/solupak.com\/wp-content\/uploads\/2021\/07\/yellow-green-bottle.png\" \/>\n         -->\n          \t<h2>Mennyi m\u0171anyagot tudn\u00e1l megsp\u00f3rolni?<\/h2>\n        <!-- \n          <img decoding=\"async\" src=\"https:\/\/solupak.com\/wp-content\/uploads\/2021\/07\/blue-red-bottle.png\" \/>\n         -->\n          <form action=\"\">\n                      <input name=\"bottle-count\" id=\"sp-bottle-count\" type=\"text\" value=\"0\"><label for=\"sp-bottle-count\">A havonta felhaszn\u00e1lt m\u0171anyag palackok sz\u00e1ma<\/label>\n                        <select name=\"bottle-size\" id=\"sp-bottle-size\">\n                          <option value=\"\"><\/option>\n                          <option value=\"750ml\">750ml<\/option>\n                          <option value=\"1l\">1l<\/option>\n                          <option value=\"5l\">5l<\/option>\n                          <option value=\"10l\">10l<\/option>\n                          <option value=\"25l\">25l<\/option>\n                        <\/select>\n                      <label for=\"sp-bottle-size\">K\u00e9rj\u00fck, v\u00e1lassza ki a tart\u00e1ly m\u00e9ret\u00e9t<\/label>\n                    <button type=\"button\" onclick=\"proceed();\">Sz\u00e1m\u00edtsa ki a  c\u00edmet.<\/button> \n                  <input name=\"email-address\" id=\"sp-email-address\" type=\"email\" placeholder=\"Adja meg e-mail c\u00edm\u00e9t az eredm\u00e9nyek megtekint\u00e9s\u00e9hez\">\n                    <button type=\"button\" onclick=\"submitWithEmail();\">K\u00fcldje be a<\/button> \n          <input type=\"hidden\" name=\"trp-form-language\" value=\"hu\"\/><\/form>\n            <video id=\"sp-calc-video\">\n              <source src=\"https:\/\/solupak.com\/wp-content\/uploads\/2021\/07\/Solupak-Falling-Items-White-1.m4v\" type=\"video\/mp4\">\n            <\/video>\n              You could save\n               tonnes of plastic every year\n              call today to start saving!\n              +44 (0) 1924 565120\n                  <button type=\"button\" onclick=\"reset();\">Kezdj\u00fck \u00fajra<\/button> \n              <img decoding=\"async\" src=\"\/wp-content\/uploads\/2022\/08\/Speech-Mark.png\">\n            <p>The biggest benefit for the end-user is the huge reduction in single use plastic waste, we estimate that we&#8217;ve saved over 6000 KGS of plastic from entering the waste streams in our client premises.<\/p>          \n                <strong>Danny Gostt<\/strong>\n                A TSS \u00fczemeltet\u00e9si igazgat\u00f3ja\n              <img decoding=\"async\" src=\"\/wp-content\/uploads\/2022\/08\/Speech-Mark.png\">\n            <p>&#8220;As a family and well respected commercial cleaning and support to use, which is why our partnership with Solupak has been a success&#8230; we started rolling out the Solupak products in 2018, and this transition was done with ease, thanks to the valuable training materials and services that were provided by their team. We have the Solupak products ran as smoothly as possible.&#8221;<\/p>          \n                <strong>Mike Rowley<\/strong>\n                M\u0171veleti igazgat\u00f3\n              <img decoding=\"async\" src=\"\/wp-content\/uploads\/2022\/08\/Speech-Mark.png\">\n            <p>&#8220;We started using the Solupak products in 2018 after having some trouble with previous suppliers who turned out to be unreliable. We have never had an issue with obtaining stock from Solupak, and the products have been the most effective that we have tried.&#8221;<\/p>          \n                <strong>Eoin O&#8217;Brien<\/strong>\n                M\u0171veleti igazgat\u00f3\n              <img decoding=\"async\" src=\"\/wp-content\/uploads\/2022\/08\/Speech-Mark.png\">\n            <p>A kiskereskedelmi koll\u00e9g\u00e1ink kiv\u00e1l\u00f3an reag\u00e1ltak, gyorsan elfogadt\u00e1k \u00e9s nagyra \u00e9rt\u00e9kelt\u00e9k ezt az innovat\u00edv megold\u00e1st.<\/p>          \n                <strong>Ally Stephenson<\/strong>\n                Beszerz\u00e9si vezet\u0151 (GNFR)","protected":false},"excerpt":{"rendered":"<p>How much plastic could you save? Number of plastic bottles used per month 750ml1l5l10l25l Please select container size Calculate Submit You could save tonnes of plastic every year call today to start saving! +44 (0) 1924 565120 Start again The biggest benefit for the end-user is the huge reduction in single use plastic waste, we&hellip;<\/p>","protected":false},"author":4,"featured_media":0,"parent":0,"menu_order":0,"comment_status":"closed","ping_status":"closed","template":"","meta":{"footnotes":""},"class_list":["post-419","page","type-page","status-publish","hentry"],"_links":{"self":[{"href":"https:\/\/soluclean.eu\/hu\/wp-json\/wp\/v2\/pages\/419","targetHints":{"allow":["GET"]}}],"collection":[{"href":"https:\/\/soluclean.eu\/hu\/wp-json\/wp\/v2\/pages"}],"about":[{"href":"https:\/\/soluclean.eu\/hu\/wp-json\/wp\/v2\/types\/page"}],"author":[{"embeddable":true,"href":"https:\/\/soluclean.eu\/hu\/wp-json\/wp\/v2\/users\/4"}],"replies":[{"embeddable":true,"href":"https:\/\/soluclean.eu\/hu\/wp-json\/wp\/v2\/comments?post=419"}],"version-history":[{"count":11,"href":"https:\/\/soluclean.eu\/hu\/wp-json\/wp\/v2\/pages\/419\/revisions"}],"predecessor-version":[{"id":1653,"href":"https:\/\/soluclean.eu\/hu\/wp-json\/wp\/v2\/pages\/419\/revisions\/1653"}],"wp:attachment":[{"href":"https:\/\/soluclean.eu\/hu\/wp-json\/wp\/v2\/media?parent=419"}],"curies":[{"name":"wp","href":"https:\/\/api.w.org\/{rel}","templated":true}]}}