{"id":1478,"date":"2023-01-09T12:43:10","date_gmt":"2023-01-09T12:43:10","guid":{"rendered":"https:\/\/soluclean.eu\/?page_id=1478"},"modified":"2023-01-17T15:28:04","modified_gmt":"2023-01-17T15:28:04","slug":"sustainability-report","status":"publish","type":"page","link":"https:\/\/soluclean.eu\/hu\/fenntarthatosagi-jelentes\/","title":{"rendered":"Fenntarthat\u00f3s\u00e1gi jelent\u00e9s"},"content":{"rendered":"<h3><a href=\"https:\/\/soluclean.eu\/wp-content\/uploads\/2023\/01\/Solupak-Sustainability-report-2022.pdf\">A 2021\/2022-es fenntarthat\u00f3s\u00e1gi jelent\u00e9s\u00fcnk elolvas\u00e1s\u00e1hoz kattintson IDE.<\/a><\/h3><p>Ez a jelent\u00e9s a Solupak teljes csapat\u00e1nak egy\u00fcttm\u0171k\u00f6d\u00e9s\u00e9vel k\u00e9sz\u00fclt. Bizony\u00edtottuk teljes\u00edtm\u00e9ny\u00fcnket a kor\u00e1bban kit\u0171z\u00f6tt c\u00e9lokhoz k\u00e9pest, \u00e9s felv\u00e1zoltuk elk\u00f6telezetts\u00e9g\u00fcnket a 2023-ra \u00e9s az azt k\u00f6vet\u0151 id\u0151szakra vonatkoz\u00f3 j\u00f6v\u0151beli m\u00e9rhet\u0151 c\u00e9lok el\u00e9r\u00e9se ir\u00e1nt.<\/p>\n<h2>\n\t\tAj\u00e1nl\u00e1sok\n\t<\/h2>\n              <img decoding=\"async\" src=\"\/wp-content\/uploads\/2022\/08\/Speech-Mark.png\">\n            <p>The biggest benefit for the end-user is the huge reduction in single use plastic waste, we estimate that we&#8217;ve saved over 6000 KGS of plastic from entering the waste streams in our client premises.<\/p>          \n                <strong>Danny Gostt<\/strong>\n                A TSS \u00fczemeltet\u00e9si igazgat\u00f3ja\n              <img decoding=\"async\" src=\"\/wp-content\/uploads\/2022\/08\/Speech-Mark.png\">\n            <p>&#8220;As a family and well respected commercial cleaning and support to use, which is why our partnership with Solupak has been a success&#8230; we started rolling out the Solupak products in 2018, and this transition was done with ease, thanks to the valuable training materials and services that were provided by their team. We have the Solupak products ran as smoothly as possible.&#8221;<\/p>          \n                <strong>Mike Rowley<\/strong>\n                M\u0171veleti igazgat\u00f3\n              <img decoding=\"async\" src=\"\/wp-content\/uploads\/2022\/08\/Speech-Mark.png\">\n            <p>&#8220;We started using the Solupak products in 2018 after having some trouble with previous suppliers who turned out to be unreliable. We have never had an issue with obtaining stock from Solupak, and the products have been the most effective that we have tried.&#8221;<\/p>          \n                <strong>Eoin O&#8217;Brien<\/strong>\n                M\u0171veleti igazgat\u00f3\n              <img decoding=\"async\" src=\"\/wp-content\/uploads\/2022\/08\/Speech-Mark.png\">\n            <p>A kiskereskedelmi koll\u00e9g\u00e1ink kiv\u00e1l\u00f3an reag\u00e1ltak, gyorsan elfogadt\u00e1k \u00e9s nagyra \u00e9rt\u00e9kelt\u00e9k ezt az innovat\u00edv megold\u00e1st.<\/p>          \n                <strong>Ally Stephenson<\/strong>\n                Beszerz\u00e9si vezet\u0151 (GNFR)","protected":false},"excerpt":{"rendered":"<p>CLICK HERE to read our sustainability report for 2021\/2022. This report has been compiled in collaboration with the entire Solupak team. We have evidenced our performance in relation to previous targets set and outlined our commitment to achieve future measurable goals for 2023 and beyond. Testimonials The biggest benefit for the end-user is the huge&hellip;<\/p>","protected":false},"author":4,"featured_media":0,"parent":0,"menu_order":0,"comment_status":"closed","ping_status":"closed","template":"","meta":{"footnotes":""},"class_list":["post-1478","page","type-page","status-publish","hentry"],"_links":{"self":[{"href":"https:\/\/soluclean.eu\/hu\/wp-json\/wp\/v2\/pages\/1478","targetHints":{"allow":["GET"]}}],"collection":[{"href":"https:\/\/soluclean.eu\/hu\/wp-json\/wp\/v2\/pages"}],"about":[{"href":"https:\/\/soluclean.eu\/hu\/wp-json\/wp\/v2\/types\/page"}],"author":[{"embeddable":true,"href":"https:\/\/soluclean.eu\/hu\/wp-json\/wp\/v2\/users\/4"}],"replies":[{"embeddable":true,"href":"https:\/\/soluclean.eu\/hu\/wp-json\/wp\/v2\/comments?post=1478"}],"version-history":[{"count":5,"href":"https:\/\/soluclean.eu\/hu\/wp-json\/wp\/v2\/pages\/1478\/revisions"}],"predecessor-version":[{"id":1658,"href":"https:\/\/soluclean.eu\/hu\/wp-json\/wp\/v2\/pages\/1478\/revisions\/1658"}],"wp:attachment":[{"href":"https:\/\/soluclean.eu\/hu\/wp-json\/wp\/v2\/media?parent=1478"}],"curies":[{"name":"wp","href":"https:\/\/api.w.org\/{rel}","templated":true}]}}