{"id":1067,"date":"2022-11-30T14:42:10","date_gmt":"2022-11-30T14:42:10","guid":{"rendered":"https:\/\/soluclean.eu\/?page_id=1067"},"modified":"2023-01-17T15:28:18","modified_gmt":"2023-01-17T15:28:18","slug":"wall-charts","status":"publish","type":"page","link":"https:\/\/soluclean.eu\/hu\/wall-charts\/","title":{"rendered":"Fali t\u00e1bl\u00e1zatok"},"content":{"rendered":"<p><a href=\"https:\/\/soluclean.eu\/wp-content\/uploads\/2022\/11\/soluCLEAN_wallchart_-_all_wall_charts_no_logo.pdf\">KATTINTSON IDE, hogy megn\u00e9zze az \u00f6sszes soluCLEAN kateg\u00f3ri\u00e1ra \u00e9s term\u00e9kre vonatkoz\u00f3 fali t\u00e1bl\u00e1inkat.<\/a><\/p>\n\t\n<h2>\n\t\tAj\u00e1nl\u00e1sok\n\t<\/h2>\n              <img decoding=\"async\" src=\"\/wp-content\/uploads\/2022\/08\/Speech-Mark.png\">\n            <p>The biggest benefit for the end-user is the huge reduction in single use plastic waste, we estimate that we&#8217;ve saved over 6000 KGS of plastic from entering the waste streams in our client premises.<\/p>          \n                <strong>Danny Gostt<\/strong>\n                A TSS \u00fczemeltet\u00e9si igazgat\u00f3ja\n              <img decoding=\"async\" src=\"\/wp-content\/uploads\/2022\/08\/Speech-Mark.png\">\n            <p>&#8220;As a family and well respected commercial cleaning and support to use, which is why our partnership with Solupak has been a success&#8230; we started rolling out the Solupak products in 2018, and this transition was done with ease, thanks to the valuable training materials and services that were provided by their team. We have the Solupak products ran as smoothly as possible.&#8221;<\/p>          \n                <strong>Mike Rowley<\/strong>\n                M\u0171veleti igazgat\u00f3\n              <img decoding=\"async\" src=\"\/wp-content\/uploads\/2022\/08\/Speech-Mark.png\">\n            <p>&#8220;We started using the Solupak products in 2018 after having some trouble with previous suppliers who turned out to be unreliable. We have never had an issue with obtaining stock from Solupak, and the products have been the most effective that we have tried.&#8221;<\/p>          \n                <strong>Eoin O&#8217;Brien<\/strong>\n                M\u0171veleti igazgat\u00f3\n              <img decoding=\"async\" src=\"\/wp-content\/uploads\/2022\/08\/Speech-Mark.png\">\n            <p>A kiskereskedelmi koll\u00e9g\u00e1ink kiv\u00e1l\u00f3an reag\u00e1ltak, gyorsan elfogadt\u00e1k \u00e9s nagyra \u00e9rt\u00e9kelt\u00e9k ezt az innovat\u00edv megold\u00e1st.<\/p>          \n                <strong>Ally Stephenson<\/strong>\n                Beszerz\u00e9si vezet\u0151 (GNFR)","protected":false},"excerpt":{"rendered":"<p>CLICK HERE to see our wall charts for all soluCLEAN categories and products Testimonials The biggest benefit for the end-user is the huge reduction in single use plastic waste, we estimate that we&#8217;ve saved over 6000 KGS of plastic from entering the waste streams in our client premises. Danny Gostt Operations Director of TSS &#8220;As&hellip;<\/p>","protected":false},"author":4,"featured_media":0,"parent":0,"menu_order":0,"comment_status":"closed","ping_status":"closed","template":"","meta":{"footnotes":""},"class_list":["post-1067","page","type-page","status-publish","hentry"],"_links":{"self":[{"href":"https:\/\/soluclean.eu\/hu\/wp-json\/wp\/v2\/pages\/1067","targetHints":{"allow":["GET"]}}],"collection":[{"href":"https:\/\/soluclean.eu\/hu\/wp-json\/wp\/v2\/pages"}],"about":[{"href":"https:\/\/soluclean.eu\/hu\/wp-json\/wp\/v2\/types\/page"}],"author":[{"embeddable":true,"href":"https:\/\/soluclean.eu\/hu\/wp-json\/wp\/v2\/users\/4"}],"replies":[{"embeddable":true,"href":"https:\/\/soluclean.eu\/hu\/wp-json\/wp\/v2\/comments?post=1067"}],"version-history":[{"count":4,"href":"https:\/\/soluclean.eu\/hu\/wp-json\/wp\/v2\/pages\/1067\/revisions"}],"predecessor-version":[{"id":1659,"href":"https:\/\/soluclean.eu\/hu\/wp-json\/wp\/v2\/pages\/1067\/revisions\/1659"}],"wp:attachment":[{"href":"https:\/\/soluclean.eu\/hu\/wp-json\/wp\/v2\/media?parent=1067"}],"curies":[{"name":"wp","href":"https:\/\/api.w.org\/{rel}","templated":true}]}}