{"id":96,"date":"2022-08-16T09:55:08","date_gmt":"2022-08-16T08:55:08","guid":{"rendered":"https:\/\/soluclean.eu\/?page_id=96"},"modified":"2023-01-17T15:25:23","modified_gmt":"2023-01-17T15:25:23","slug":"about-us","status":"publish","type":"page","link":"https:\/\/soluclean.eu\/de\/uber-uns\/","title":{"rendered":"About Us"},"content":{"rendered":"<h2>soluCLEAN Unsere Geschichte<\/h2><h3>Unsere Geschichte beginnt vor 8 Jahren, als die Gr\u00fcnder von soluCLEAN eine Reihe von Produkten entwickelten und herstellten, die Einwegkunststoffe aus der gesamten Liefer- und Produktkette eliminierten. Das Team, das die soluCLEAN-Produktreihe entwickelte, hatte bereits mit der wasserl\u00f6slichen PVOH-Folie gearbeitet und erkannte eine Marktl\u00fccke, um diese Technologie f\u00fcr die Verpackung von chemischen Konzentraten zu nutzen. soluCLEAN war also geboren.<\/h3>\n          <h3>The journey of soluCLEAN is one of many twists; 8 years ago the words &#8216;sustainability&#8217; and &#8216;eco&#8217; were treated with much less vigor and importance as they are now. soluCLEAN was the first single use plastic free cleaning brand In the commercial cleaning sector\u2026 the market place today compared to that of 8 years ago has progressed to having the environment at the forefront.<\/h3>\n          <h3>Heute kaufen die Menschen die nachhaltigsten und umweltfreundlichsten Produkte und recherchieren sie, nicht um ein K\u00e4stchen anzukreuzen, sondern weil ihnen die Produkte, die zur Reinigung ihrer Grundst\u00fccke verwendet werden, wirklich am Herzen liegen.<\/h3>\n          <h3><strong>Our story has recently taken it&#8217;s latest twist, soluCLEAN has been given a whole new look: a new brand concept, a firmly defined tone and messaging that sums up the benefits and ethos of the brand. As sustainable products become more and more in demand, we thought it best to evolve with the times too.<\/strong><\/h3><h2>&nbsp;<\/h2><h2>soluCLEAN is simple, straight forward and does what it says on the recyclable bottle! \ud83d\ude09<\/h2>\n<h2>\n\t\tSehen Sie sich hier unseren neuen Imagefilm des Teams an!\n\t<\/h2>\n\t<iframe width=\"560\" height=\"315\" src=\"https:\/\/www.youtube.com\/embed\/hu9jj8cgAvI\" title=\"YouTube-Video-Player\" frameborder=\"0\" allow=\"accelerometer; autoplay; clipboard-write; encrypted-media; gyroscope; picture-in-picture\" allowfullscreen=\"\"><\/iframe>\n<h2>\n\t\tTestimonials\n\t<\/h2>\n              <img decoding=\"async\" src=\"\/wp-content\/uploads\/2022\/08\/Speech-Mark.png\">\n            <p>Der gr\u00f6\u00dfte Vorteil f\u00fcr den Endverbraucher ist die enorme Verringerung des Einweg-Plastikm\u00fclls. Wir sch\u00e4tzen, dass wir \u00fcber 6000 KGS Plastik vor dem Abfallstrom in den Betrieben unserer Kunden bewahrt haben.<\/p>          \n                <strong>Danny Gostt<\/strong>\n                Betriebsdirektor von TSS\n              <img decoding=\"async\" src=\"\/wp-content\/uploads\/2022\/08\/Speech-Mark.png\">\n            <p>\"Als famili\u00e4res und angesehenes Unternehmen f\u00fcr gewerbliche Reinigung und Unterst\u00fctzung zu verwenden, weshalb unsere Partnerschaft mit Solupak ein Erfolg war... wir begannen mit der Einf\u00fchrung der Solupak-Produkte im Jahr 2018, und dieser \u00dcbergang wurde mit Leichtigkeit durchgef\u00fchrt, dank der wertvollen Schulungsmaterialien und Dienstleistungen, die von ihrem Team zur Verf\u00fcgung gestellt wurden. Wir haben die Solupak-Produkte so reibungslos wie m\u00f6glich eingesetzt.\"<\/p>          \n                <strong>Mike Rowley<\/strong>\n                Betriebsdirektor\n              <img decoding=\"async\" src=\"\/wp-content\/uploads\/2022\/08\/Speech-Mark.png\">\n            <p>\"Wir haben 2018 begonnen, die Produkte von Solupak zu verwenden, nachdem wir einige Probleme mit fr\u00fcheren Lieferanten hatten, die sich als unzuverl\u00e4ssig erwiesen. Wir hatten nie ein Problem mit der Beschaffung von Solupak, und die Produkte waren die effektivsten, die wir ausprobiert haben.\"<\/p>          \n                <strong>Eoin O'Brien<\/strong>\n                Betriebsdirektor\n              <img decoding=\"async\" src=\"\/wp-content\/uploads\/2022\/08\/Speech-Mark.png\">\n            <p>Die Reaktion unserer Kollegen aus dem Einzelhandel war hervorragend, die L\u00f6sung wurde schnell angenommen und hoch gelobt.<\/p>          \n                <strong>Ally Stephenson<\/strong>\n                Leiter der Abteilung Einkauf (GNFR)","protected":false},"excerpt":{"rendered":"<p>soluCLEAN Our Story Our story begins 8 years ago, when the soluCLEAN founders developed and created a range of products that eliminated single use plastics from the entire supply and product chain. The team who created the soluCLEAN range had already been working with the PVOH water-soluble film and noticed a gap in the market&hellip;<\/p>","protected":false},"author":4,"featured_media":0,"parent":0,"menu_order":0,"comment_status":"closed","ping_status":"closed","template":"","meta":{"footnotes":""},"class_list":["post-96","page","type-page","status-publish","hentry"],"_links":{"self":[{"href":"https:\/\/soluclean.eu\/de\/wp-json\/wp\/v2\/pages\/96","targetHints":{"allow":["GET"]}}],"collection":[{"href":"https:\/\/soluclean.eu\/de\/wp-json\/wp\/v2\/pages"}],"about":[{"href":"https:\/\/soluclean.eu\/de\/wp-json\/wp\/v2\/types\/page"}],"author":[{"embeddable":true,"href":"https:\/\/soluclean.eu\/de\/wp-json\/wp\/v2\/users\/4"}],"replies":[{"embeddable":true,"href":"https:\/\/soluclean.eu\/de\/wp-json\/wp\/v2\/comments?post=96"}],"version-history":[{"count":20,"href":"https:\/\/soluclean.eu\/de\/wp-json\/wp\/v2\/pages\/96\/revisions"}],"predecessor-version":[{"id":1652,"href":"https:\/\/soluclean.eu\/de\/wp-json\/wp\/v2\/pages\/96\/revisions\/1652"}],"wp:attachment":[{"href":"https:\/\/soluclean.eu\/de\/wp-json\/wp\/v2\/media?parent=96"}],"curies":[{"name":"wp","href":"https:\/\/api.w.org\/{rel}","templated":true}]}}