{"id":728,"date":"2022-10-11T11:48:44","date_gmt":"2022-10-11T10:48:44","guid":{"rendered":"https:\/\/soluclean.eu\/?page_id=728"},"modified":"2023-01-17T15:27:58","modified_gmt":"2023-01-17T15:27:58","slug":"training","status":"publish","type":"page","link":"https:\/\/soluclean.eu\/de\/ausbildung\/","title":{"rendered":"soluCLEAN Ausbildung"},"content":{"rendered":"<p>We&#8217;ve created this 3 minute video guide to provide viewers with an overview of our soluCLEAN eco-responsible cleaning products. Watch the video to explore the product range and learn about its various applications around the workplace and the easy 4 step Fill, Add, Shake &amp; Go! product usage process. The video also highlights some of the many features and safety benefits soluCLEAN users enjoy every day by choosing our products.<\/p>\n          <p>Sehen Sie sich hier unsere neue Brosch\u00fcre an.<\/p><h1><a href=\"https:\/\/soluclean.eu\/wp-content\/uploads\/2022\/11\/soluCLEAN_brochure_OCT_22.pdf\">2022 Brosch\u00fcre<\/a><\/h1>\n              <img decoding=\"async\" src=\"\/wp-content\/uploads\/2022\/08\/Speech-Mark.png\">\n            <p>Der gr\u00f6\u00dfte Vorteil f\u00fcr den Endverbraucher ist die enorme Verringerung des Einweg-Plastikm\u00fclls. Wir sch\u00e4tzen, dass wir \u00fcber 6000 KGS Plastik vor dem Abfallstrom in den Betrieben unserer Kunden bewahrt haben.<\/p>          \n                <strong>Danny Gostt<\/strong>\n                Betriebsdirektor von TSS\n              <img decoding=\"async\" src=\"\/wp-content\/uploads\/2022\/08\/Speech-Mark.png\">\n            <p>\"Als famili\u00e4res und angesehenes Unternehmen f\u00fcr gewerbliche Reinigung und Unterst\u00fctzung zu verwenden, weshalb unsere Partnerschaft mit Solupak ein Erfolg war... wir begannen mit der Einf\u00fchrung der Solupak-Produkte im Jahr 2018, und dieser \u00dcbergang wurde mit Leichtigkeit durchgef\u00fchrt, dank der wertvollen Schulungsmaterialien und Dienstleistungen, die von ihrem Team zur Verf\u00fcgung gestellt wurden. Wir haben die Solupak-Produkte so reibungslos wie m\u00f6glich eingesetzt.\"<\/p>          \n                <strong>Mike Rowley<\/strong>\n                Betriebsdirektor\n              <img decoding=\"async\" src=\"\/wp-content\/uploads\/2022\/08\/Speech-Mark.png\">\n            <p>\"Wir haben 2018 begonnen, die Produkte von Solupak zu verwenden, nachdem wir einige Probleme mit fr\u00fcheren Lieferanten hatten, die sich als unzuverl\u00e4ssig erwiesen. Wir hatten nie ein Problem mit der Beschaffung von Solupak, und die Produkte waren die effektivsten, die wir ausprobiert haben.\"<\/p>          \n                <strong>Eoin O'Brien<\/strong>\n                Betriebsdirektor\n              <img decoding=\"async\" src=\"\/wp-content\/uploads\/2022\/08\/Speech-Mark.png\">\n            <p>Die Reaktion unserer Kollegen aus dem Einzelhandel war hervorragend, die L\u00f6sung wurde schnell angenommen und hoch gelobt.<\/p>          \n                <strong>Ally Stephenson<\/strong>\n                Leiter der Abteilung Einkauf (GNFR)","protected":false},"excerpt":{"rendered":"<p>We&#8217;ve created this 3 minute video guide to provide viewers with an overview of our soluCLEAN eco-responsible cleaning products. Watch the video to explore the product range and learn about its various applications around the workplace and the easy 4 step Fill, Add, Shake &amp; Go! product usage process. The video also highlights some of&hellip;<\/p>","protected":false},"author":4,"featured_media":0,"parent":0,"menu_order":0,"comment_status":"closed","ping_status":"closed","template":"","meta":{"footnotes":""},"class_list":["post-728","page","type-page","status-publish","hentry"],"_links":{"self":[{"href":"https:\/\/soluclean.eu\/de\/wp-json\/wp\/v2\/pages\/728","targetHints":{"allow":["GET"]}}],"collection":[{"href":"https:\/\/soluclean.eu\/de\/wp-json\/wp\/v2\/pages"}],"about":[{"href":"https:\/\/soluclean.eu\/de\/wp-json\/wp\/v2\/types\/page"}],"author":[{"embeddable":true,"href":"https:\/\/soluclean.eu\/de\/wp-json\/wp\/v2\/users\/4"}],"replies":[{"embeddable":true,"href":"https:\/\/soluclean.eu\/de\/wp-json\/wp\/v2\/comments?post=728"}],"version-history":[{"count":18,"href":"https:\/\/soluclean.eu\/de\/wp-json\/wp\/v2\/pages\/728\/revisions"}],"predecessor-version":[{"id":1055,"href":"https:\/\/soluclean.eu\/de\/wp-json\/wp\/v2\/pages\/728\/revisions\/1055"}],"wp:attachment":[{"href":"https:\/\/soluclean.eu\/de\/wp-json\/wp\/v2\/media?parent=728"}],"curies":[{"name":"wp","href":"https:\/\/api.w.org\/{rel}","templated":true}]}}