{"id":431,"date":"2022-08-29T16:40:30","date_gmt":"2022-08-29T15:40:30","guid":{"rendered":"https:\/\/soluclean.eu\/?page_id=431"},"modified":"2023-01-17T15:26:56","modified_gmt":"2023-01-17T15:26:56","slug":"case-studies","status":"publish","type":"page","link":"https:\/\/soluclean.eu\/de\/fallstudien\/","title":{"rendered":"Fallstudien"},"content":{"rendered":"<img decoding=\"async\" src=\"https:\/\/soluclean.eu\/wp-content\/uploads\/2022\/08\/logo-Greggs.png\">\n        <h2>Fallstudie<\/h2>\n        <p>Greggs are the most successful high street bakery chain in the UK with a presence in virtually every major UK town and city and around 2200 retail outlets\u2026 even more than McDonalds UK!<\/p>\n        <a href=\"https:\/\/soluclean.eu\/de\/fallstudien\/\">Mehr lesen<\/a>\n      <img decoding=\"async\" src=\"https:\/\/soluclean.eu\/wp-content\/uploads\/2022\/08\/Total-Support-Services-full-logo-png.png\">\n        <h2>Fallstudie<\/h2>\n        TSS, oder Toil Support Services, ist ein unabh\u00e4ngiger Reinigungsdienstleister. Mit der Philosophie, eine konsistente, qualitativ hochwertige, kosteng\u00fcnstige und<br>\ninnovative services.\nTSS has built long standing relationships and continues to foster new partnerships with businesses across varying industries and sectors.<br>\nDer Auftrag von TSS: Allen unseren Kunden hochwertige, kosteneffiziente, innovative und kundenorientierte Dienstleistungen zu bieten\n        <a href=\"https:\/\/soluclean.eu\/de\/fallstudien\/\">Mehr lesen<\/a>\n      <img decoding=\"async\" src=\"https:\/\/soluclean.eu\/wp-content\/uploads\/2022\/08\/Pear-Tree.png\">\n        <h2>Fallstudie<\/h2>\n        <p>Peartree Cleaning Services ist ein spezialisiertes Unternehmen f\u00fcr gewerbliche Reinigungs- und Unterst\u00fctzungsdienste. Gegr\u00fcndet 1986, besch\u00e4ftigt Peartree \u00fcber 1400 voll ausgebildete Reinigungs- und Hilfskr\u00e4fte im gesamten Vereinigten K\u00f6nigreich.<\/p>\nAls anerkannter Partner der Wahl mit unglaublich hohen Standards und einem ausgezeichneten Ruf werden die Dienstleistungen von erfahrenen Teams erbracht, die<br>\neinige der bekanntesten Unternehmen im Vereinigten K\u00f6nigreich\n        <a href=\"https:\/\/soluclean.eu\/de\/fallstudien\/\">Mehr lesen<\/a>\n      <img decoding=\"async\" src=\"https:\/\/soluclean.eu\/wp-content\/uploads\/2022\/08\/Cleaning_contractors_PNG.png\">\n        <h2>Fallstudie<\/h2>\n        <p>Broadfords ist ein internationales Reinigungsunternehmen, das bereits seit 25 Jahren t\u00e4tig ist.<\/p>\n<p>Broadfords ist ein schnelles, freundliches und voll funktionsf\u00e4higes professionelles Reinigungsunternehmen, das vor allem im Gesch\u00e4fts- und Einzelhandelssektor t\u00e4tig ist. Broadfords ist in der gesamten Republik Irland bekannt und hat sich zum Vorzeigeunternehmen f\u00fcr die Soluclean-Produktpalette in diesem Land entwickelt.<\/p>\n        <a href=\"https:\/\/soluclean.eu\/de\/fallstudien\/\">Mehr lesen<\/a>\n          <img decoding=\"async\" src=\"\/wp-content\/uploads\/2022\/08\/wavey-line-e1661186613779.png\">\n            <h2>Warum Solupak<\/h2>\n<p>In 2014 Ally Stephenson, Head of Purchasing at Greggs, approached us with the following challenge\u2026<\/p>\n<p>Ein neues und innovatives System zur Dosierung von Chemikalien, das die Wassermenge der in den 2200 Gesch\u00e4ften im Vereinigten K\u00f6nigreich verwendeten Rezepturen reduziert.<\/p>\n<p>Unsere Antwort war einfach: Unsere Produkte passten perfekt zu dem Auftrag.<\/p>\n<p>Als spezialisierter Hersteller bot SoluPak eine Reihe von l\u00f6slichen Einzeldosis-Beutelprodukten an, die den Gro\u00dfteil der Reinigungs- und Desinfektionsarbeiten in den Greggs-L\u00e4den abdecken sollten, und es wurden umfangreiche Tests durchgef\u00fchrt.<\/p>\n          <img decoding=\"async\" src=\"\/wp-content\/uploads\/2022\/08\/wavey-line-e1661186613779.png\">\n            <h2>Die Vorgeschichte<\/h2>\n<p>With our help\u2026 As part of this Greggs project, the SoluPak technology has prevented over 3 tonnes of plastic per year from entering the waste stream, with further product development projected to increase this to over 6 tonnes per year with the roll out of the dish-wash and rinse-aid products. Before SoluPak stepped in, Greggs had to empty the local bins 3 times per week to remove the packaging waste. With our help, this has now been reduced to just once per week. Following extensive trials across over 30 retail outlets, on the 1st June 2017 the new regime rolled out in one \u201cbig bang\u2019, with an unprecedented level of user acceptance without the need for additional training or site visits.<\/p>\n          <img decoding=\"async\" src=\"\/wp-content\/uploads\/2022\/08\/wavey-line-e1661186613779.png\">\n            <h2>Warum soluCLEAN<\/h2>\n<p>Die TSS-Mission eignet sich f\u00fcr die Produktpalette von Solupak. e....<br>Unsere Produkte sind von h\u00f6chster Qualit\u00e4t, verpackt und gestaltet in einem Haus, in das wir viel Zeit und Geduld investieren.<br>Wir stellen sicher, dass unsere Produkte zu den besten der Welt geh\u00f6ren.<\/p>\n<p>Kosteneffizienz steht bei der Solupak-Produktpalette im Vordergrund; mit einer Haltbarkeit von drei Jahren sowie Kosten- und<br>Dosierungssicherheit kein Produkt (oder Geld) verschwendet wird.<\/p>\n<p>Innovation ist das, was Solupak von Anfang an angetrieben hat. Wir sorgen f\u00fcr positive Ver\u00e4nderungen, ohne die Kosten zu erh\u00f6hen<br>ODER Sch\u00e4den an der Umwelt.<\/p>\n          <img decoding=\"async\" src=\"\/wp-content\/uploads\/2022\/08\/wavey-line-e1661186613779.png\">\n            <h2>Die Hintergrundgeschichte<\/h2>\n<p>TSS verwendet die SoluPak-Produkte seit 2016 als neu ernannter Auftragnehmer der John Lewis Partnership.<\/p>\n<p>Die SoluClean-Produkte sind von der JLP f\u00fcr den Einsatz in ihren Kaufh\u00e4usern, Superm\u00e4rkten, B\u00fcros und Vertriebszentren zugelassen.<\/p>\n<p>TSS hat die Vorteile des SoluPak-Systems erkannt und SoluClean an einer Reihe von weltber\u00fchmten, kulturgeschichtlichen St\u00e4tten eingesetzt.<\/p>\n          <img decoding=\"async\" src=\"\/wp-content\/uploads\/2022\/08\/wavey-line-e1661186613779.png\">\n            <h2>Warum soluCLEAN<\/h2>\n<p><strong>The Solupak product range supports Peartree\u2019s strategy and vision<\/strong><\/p>\n<p>Our products are manufactured in line with Peartree\u2019s sustainable supply chain strategy.<\/p>\n<p>Die Kosteneffizienz ist ein echtes Highlight der Solupak-Produktpalette. Wir haben mit Peartree einen Kostenrahmen vereinbart, der perfekt zu ihrem Ausgabenplan passt.<\/p>\n<p>Abfallvermeidung und Kunststoffreduzierung sind f\u00fcr Peartree und Solupak ein wichtiger Faktor. Im ersten Jahr unserer Partnerschaft hat Peartree den Verbrauch von Spr\u00fchflaschen um 22.000 St\u00fcck gesenkt. Die Produktentwicklung erfolgt im eigenen Haus, was Peartree Flexibilit\u00e4t in Bezug auf Produktfarbe, Verpackungsgr\u00f6\u00dfe und D\u00fcfte bietet.<\/p>\n          <img decoding=\"async\" src=\"\/wp-content\/uploads\/2022\/08\/wavey-line-e1661186613779.png\">\n            <h2>Die Hintergrundgeschichte<\/h2>\n<p>Im Jahr 2018 wurden Produkttests an wichtigen Kundenstandorten durchgef\u00fchrt und kritisches Feedback von allen Beteiligten eingeholt, um eine Grundlage f\u00fcr die Einbeziehung von Solupak in eine kommerzielle Ausschreibung zu schaffen.<\/p>\n<p>Im Anschluss an die Ausschreibung unterst\u00fctzte Solupak Peartree bei Bedarf mit Teampr\u00e4sentationen, Produktmustern, Ortsbesichtigungen, Arbeitsschutzdaten, Wandtafeln und Schulungsmaterialien, die alle auf die genehmigte Produktpalette von Peartree zugeschnitten waren.<\/p>\n<p>W\u00e4hrend der COVID-19-Pandemie entwickelte und testete Solupak ein viruzides Desinfektionsmittel, das Peartree im gesamten Unternehmen sowohl f\u00fcr die praktische Reinigung als auch f\u00fcr den Oberfl\u00e4chenschutz durch Vernebelung erfolgreich einsetzt.<\/p>\n          <img decoding=\"async\" src=\"\/wp-content\/uploads\/2022\/08\/wavey-line-e1661186613779.png\">\n            <h2>Warum soluCLEAN<\/h2>\n<p>The Solupak range lends itself to the requirements of Broadfords International- they had a problem, and we provided the solution\u2026<\/p>\n<p>Die Anforderungen von Broadfords: Einsparung von Platz, Liefergr\u00f6\u00dfe und Kraftstoffkosten.<\/p>\n<p>1. Save on space\u2026 the Solupak product range is packaged in watersoluble film, with no single use plastic involved and the products take up minimal space. Through implementing our products, a whole pallet of 5 litre liquid concentrate can be replaced with 4 packets of our product.<\/p>\n<p>2. Delivery size\u2026 as water is added after transportation, and the products are distributed in water-soluble sachets, the size of deliveries is relatively small, meaning that greater amounts of product can be ordered.<\/p>\n<p>3. Fuel costs\u2026 the weight of the load is consequently lighter due to having zero liquid to transport to customers; meaning that the cost of delivering our products to you and your distributors is considerably reduced.<\/p>\n          <img decoding=\"async\" src=\"\/wp-content\/uploads\/2022\/08\/wavey-line-e1661186613779.png\">\n            <h2>Die Hintergrundgeschichte<\/h2>\n<p>Die Partnerschaft zwischen Broadfords und Solupak begann im Jahr 2018, nachdem Broadfords Schwierigkeiten hatte, Lieferanten f\u00fcr hochwertige wasserl\u00f6sliche Reinigungsmittel zu finden.<\/p>\n<p>Nach Erfahrungen mit unzuverl\u00e4ssigen Lieferanten und unbefriedigenden Produkten konnten die Broadfords ihre Suche nach l\u00f6slichen Reinigungsprodukten einstellen, als sie die Solupak-Reihe entdeckten.<\/p>\n<p>Nachdem sich in der zweij\u00e4hrigen Partnerschaft eine starke Beziehung entwickelt hat, bestellt Broadfords nun vier Produkte aus dem Sortiment. Dabei handelt es sich um einen lebensmittelechten Entfetter f\u00fcr den Boden, einen Hochleistungsreiniger f\u00fcr Scheuersaugmaschinen, einen Glasreiniger und einen Oberfl\u00e4chenreiniger.<\/p>\n<h2>\n\t\tErfahrungsbericht eines Kunden\n\t<\/h2>\n          <img decoding=\"async\" src=\"\/wp-content\/uploads\/2022\/08\/Speech-Mark.png\">\n        <p>&nbsp;<\/p>\n<p>\u201cAs a fast moving consumer-led business with over 1700 shops, Greggs is always looking for<br>Wege, um unseren Mitarbeitern das Leben zu erleichtern, damit sie mehr Zeit f\u00fcr die Erbringung hervorragender Leistungen aufwenden k\u00f6nnen<br>Service f\u00fcr unsere Kunden. Greggs nimmt auch seine soziale Verantwortung ernst und als Teil der<br>Wir suchen daher st\u00e4ndig nach M\u00f6glichkeiten, unsere Auswirkungen auf die Umwelt zu verringern. Im Jahr 2015 haben wir<br>an unseren bisherigen Chemielieferanten, Christens Food Hygiene, heran und forderte<br>Sie sollten uns die M\u00f6glichkeit geben, Reinigungsprodukte auf einfache Weise in unsere Gesch\u00e4fte zu liefern,<br>benutzerfreundliche Art und Weise, die es \u00fcberfl\u00fcssig macht, schwere Produkte rund um den Globus zu lagern und zu versenden<br>ohne die geforderten hohen Standards in Bezug auf mikrobiologische und allergene Eigenschaften zu beeintr\u00e4chtigen.<br>Kontrolle. Christeyns Food Hygiene nahm diese Herausforderung an und arbeitete eng mit uns zusammen, um<br>come up with a solution that we are delighted with \u2013 soluble, single dose sachets in small,<br>leicht zu transportierende Packungen, die einfach und sicher f\u00fcr unser Personal zu verwenden sind. Es gibt<br>mehrere Vorteile, darunter die einfache Anwendung, da das Format des Einzeldosisbeutels einfach ist<br>mit Wasser aufgef\u00fcllt werden, sind sie sicher in der Handhabung, erfordern keine PSA und sind umweltfreundlich.<br>Sie werden auch in kompakten Beuteln transportiert, die wiederverschlie\u00dfbar und leicht zu lagern sind.<br>wieder aufzuf\u00fcllen. Nach umfangreichen Tests in drei Regionen sind wir stolz darauf, das erste nationale<br>Lebensmitteleinzelh\u00e4ndler, diese Technologie in unserem gesamten Einzelhandelsgesch\u00e4ft einzuf\u00fchren. Die Reaktion unseres<br>Die Kollegen aus dem Einzelhandel haben dieses innovative Produkt sehr schnell angenommen und hoch gelobt.<br>solution. We are pleased to support Christens Food Hygiene\u2019s application for \u201cProduct of the<br>Year\u201d at the 2017 SOFHT awards.\u201d<\/p>\n<p>&nbsp;<\/p>\n            <strong>Ally Stephenson<\/strong>\n            Leiter der Abteilung Einkauf (GNFR)\n          <img decoding=\"async\" src=\"\/wp-content\/uploads\/2022\/08\/Speech-Mark.png\">\n        <p>\u201cWe started using the SoluPak products in 2016 as they are the approved range for John Lewis and Waitrose. It was quickly obvious to me that the system has many benefits that would be appreciated by our other clients for contribution to their CSR and Environmental objectives. Ethical accreditations are becoming more and more important to our clients and to us as an organisation, the Cruelty Free, Vegan and EcoFlower certifications give confidence<br>dass SoluPak ein ethisches Unternehmen ist.<\/p>\n<p>The biggest benefit for the end-user is the huge reduction in single use plastic waste, we estimate that we\u2019ve saved over 6000 KGS of plastic from entering the waste streams in our client premises. With the space saving, the simplicity in use, the ethical accreditations and the huge volume reductions for our distributors there are many great reasons for partnering with SoluPak.\u201d<\/p>\n            <strong>Danny Gostt<\/strong>\n            Betriebsdirektor von TSS\n          <img decoding=\"async\" src=\"\/wp-content\/uploads\/2022\/08\/Speech-Mark.png\">\n        <p>\u201cAs a family and well respected commercial cleaning and support to use, which is why our partnership with Solupak has been a success\u2026 we started rolling out the Solupak products in 2018, and this transition was done with ease, thanks to the valuable training materials and services that were provided by their team. We have the Solupak products ran as smoothly as possible.\u201d<\/p>\n            <strong>Mike Rowley<\/strong>\n            Betriebsdirektor\n          <img decoding=\"async\" src=\"\/wp-content\/uploads\/2022\/08\/Speech-Mark.png\">\n        <p>\u201cWe started using the Solupak products in 2018 after having some trouble with previous suppliers who turned out to be unreliable. We have never had an issue with obtaining stock from Solupak, and the products have been the most effective that we have tried. The values and ethos of Solupak set them apart from companies that we have worked with in the past, with their vegan and cruelty free accreditations being key to our initial and continued involvement with them. We restrict our stock lists overall, but order 4 products from Solupak, and would not say no to advancing on this in the future due to the reliability of the company!<\/p>\n<p>We look forward to maintaining our relationship with the Solupak brand.\u201d<\/p>\n            <strong>Eoin O'Brien<\/strong>\n            Betriebsdirektor","protected":false},"excerpt":{"rendered":"<p>Case Study Greggs are the most successful high street bakery chain in the UK with a presence in virtually every major UK town and city and around 2200 retail outlets\u2026 even more than McDonalds UK! Read more Case Study TSS, or Toil Support Services, is an independent cleaning contractor. With a philosophy to provide a&hellip;<\/p>","protected":false},"author":4,"featured_media":0,"parent":0,"menu_order":0,"comment_status":"closed","ping_status":"closed","template":"","meta":{"footnotes":""},"class_list":["post-431","page","type-page","status-publish","hentry"],"_links":{"self":[{"href":"https:\/\/soluclean.eu\/de\/wp-json\/wp\/v2\/pages\/431","targetHints":{"allow":["GET"]}}],"collection":[{"href":"https:\/\/soluclean.eu\/de\/wp-json\/wp\/v2\/pages"}],"about":[{"href":"https:\/\/soluclean.eu\/de\/wp-json\/wp\/v2\/types\/page"}],"author":[{"embeddable":true,"href":"https:\/\/soluclean.eu\/de\/wp-json\/wp\/v2\/users\/4"}],"replies":[{"embeddable":true,"href":"https:\/\/soluclean.eu\/de\/wp-json\/wp\/v2\/comments?post=431"}],"version-history":[{"count":11,"href":"https:\/\/soluclean.eu\/de\/wp-json\/wp\/v2\/pages\/431\/revisions"}],"predecessor-version":[{"id":1654,"href":"https:\/\/soluclean.eu\/de\/wp-json\/wp\/v2\/pages\/431\/revisions\/1654"}],"wp:attachment":[{"href":"https:\/\/soluclean.eu\/de\/wp-json\/wp\/v2\/media?parent=431"}],"curies":[{"name":"wp","href":"https:\/\/api.w.org\/{rel}","templated":true}]}}