{"id":2,"date":"2022-08-04T09:47:42","date_gmt":"2022-08-04T08:47:42","guid":{"rendered":"https:\/\/soluclean.eu\/?page_id=2"},"modified":"2023-01-17T15:27:22","modified_gmt":"2023-01-17T15:27:22","slug":"home","status":"publish","type":"page","link":"https:\/\/soluclean.eu\/de\/","title":{"rendered":"Startseite"},"content":{"rendered":"<img decoding=\"async\" src=\"https:\/\/soluclean.eu\/wp-content\/uploads\/2022\/08\/Banner-Image.png\" alt=\"Banner-Bild\" itemprop=\"image\" height=\"830\" width=\"2000\" title=\"Banner-Bild\" onerror=\"this.style.display='none'\">\n    Nachhaltig gewonnen -\n    Plastikfreie Reinigung\n<h2>\n\t\tUnser Auftrag\n\t<\/h2>\n\t<p>Wir wollen der f\u00fchrende Hersteller von wirksamen und preiswerten Reinigungskonzentraten sein, die in wasserl\u00f6slichen Folienbeuteln verpackt sind und unter Einhaltung der h\u00f6chstm\u00f6glichen ethischen Standards hergestellt werden.<\/p>\n  <a href=\"https:\/\/soluclean.eu\/de\/uber-uns\/\" target=\"_self\" rel=\"noopener\">\n    Weitere Informationen\n  <\/a>\n<h2>\n\t\tSparen Sie mehr als nur Geld\n\t<\/h2>\n      <img decoding=\"async\" src=\"https:\/\/soluclean.eu\/wp-content\/uploads\/2022\/08\/Ballon-1.png\">\n      99% Feuerzeug\n\n      <img decoding=\"async\" src=\"https:\/\/soluclean.eu\/wp-content\/uploads\/2022\/08\/magnify-glass.png\">\n      70% Weniger Verpackung\n\n      <img decoding=\"async\" src=\"https:\/\/soluclean.eu\/wp-content\/uploads\/2022\/08\/world.png\">\n      90% CO2-Einsparung\n\n      <img decoding=\"async\" src=\"https:\/\/soluclean.eu\/wp-content\/uploads\/2022\/08\/box.png\">\n      96% mehr Speicherplatz\n\n      <img decoding=\"async\" src=\"https:\/\/soluclean.eu\/wp-content\/uploads\/2022\/08\/piggy-bank-1.png\">\n      60% Einsparungen im Vergleich zu Ready To Use\n\n      <img decoding=\"async\" src=\"https:\/\/soluclean.eu\/wp-content\/uploads\/2022\/08\/sachet.png\">\n      3.235.560 verkaufte T\u00fcten im Jahr 2021\n\n\t<h2>Sehen Sie sich unsere Animation an und erfahren Sie mehr!<\/h2>\n\t<iframe width=\"560\" height=\"315\" src=\"https:\/\/www.youtube.com\/embed\/MpsmykF4PlI\" title=\"YouTube-Video-Player\" frameborder=\"0\" allow=\"accelerometer; autoplay; clipboard-write; encrypted-media; gyroscope; picture-in-picture\" allowfullscreen=\"\"><\/iframe>\n<h2>\n\t\tUnsere Produkte\n\t<\/h2>\n      <a href=\"https:\/\/soluclean.eu\/de\/product\/schwerlast-entfetter\/\">\n          \t<img decoding=\"async\" src=\"https:\/\/soluclean.eu\/wp-content\/uploads\/2022\/08\/Heavy-duty-degreaser-Transparent-background.png\">\n            <h3>Heavy Duty Degreaser<\/h3>\n      <\/a>\n      <a href=\"https:\/\/soluclean.eu\/de\/product\/geschirrspulmaschine\/\">\n          \t<img decoding=\"async\" src=\"https:\/\/soluclean.eu\/wp-content\/uploads\/2022\/08\/Auto-Dishwash-Transparent-background.png\">\n            <h3>Auto Dishwash<\/h3>\n      <\/a>\n      <a href=\"https:\/\/soluclean.eu\/de\/product\/oberflachen-reinigungsmittel-lebensmittel-sicher\/\">\n          \t<img decoding=\"async\" src=\"https:\/\/soluclean.eu\/wp-content\/uploads\/2022\/08\/Surface-sanitiser-Transparent-background.png\">\n            <h3>Surface Sanitiser Food Safe<\/h3>\n      <\/a>\n      <a href=\"https:\/\/soluclean.eu\/de\/product\/lufterfrischer\/\">\n          \t<img decoding=\"async\" src=\"https:\/\/soluclean.eu\/wp-content\/uploads\/2022\/09\/Air-Freshener-Bottle-Transparent-background.png\">\n            <h3>Air Freshener<\/h3>\n      <\/a>\n      <a href=\"https:\/\/soluclean.eu\/de\/product\/biologischer-waschraum-reiniger\/\">\n          \t<img decoding=\"async\" src=\"https:\/\/soluclean.eu\/wp-content\/uploads\/2022\/08\/Bio-washroom-cleaner-transparent-background.png\">\n            <h3>Biological Washroom Cleaner<\/h3>\n      <\/a>\n      <a href=\"https:\/\/soluclean.eu\/de\/product\/allzweck-reiniger-2\/\">\n          \t<img decoding=\"async\" src=\"https:\/\/soluclean.eu\/wp-content\/uploads\/2022\/08\/All-purpose-Cleaner-Transparent-Background.png\">\n            <h3>All Purpose Cleaner<\/h3>\n      <\/a>\n      <a href=\"https:\/\/soluclean.eu\/de\/product\/waschraum-reinigungsmittel-2\/\">\n          \t<img decoding=\"async\" src=\"https:\/\/soluclean.eu\/wp-content\/uploads\/2022\/08\/Washroom-cleaner-Transparent-background.png\">\n            <h3>Washroom Cleaner<\/h3>\n      <\/a>\n      <a href=\"https:\/\/soluclean.eu\/de\/product\/entfettungs-reinigungsmittel\/\">\n          \t<img decoding=\"async\" src=\"https:\/\/soluclean.eu\/wp-content\/uploads\/2022\/08\/Degreaser-cleaner-transparent-background-1.png\">\n            <h3>Degreaser Cleaner<\/h3>\n      <\/a>\n  <a href=\"\/de\/products\/\" target=\"_self\" rel=\"noopener\">\n    Alle Produkte anzeigen\n  <\/a>\n<h2>\n\t\tTestimonials\n\t<\/h2>\n              <img decoding=\"async\" src=\"\/wp-content\/uploads\/2022\/08\/Speech-Mark.png\">\n            <p>Der gr\u00f6\u00dfte Vorteil f\u00fcr den Endverbraucher ist die enorme Verringerung des Einweg-Plastikm\u00fclls. Wir sch\u00e4tzen, dass wir \u00fcber 6000 KGS Plastik vor dem Abfallstrom in den Betrieben unserer Kunden bewahrt haben.<\/p>          \n                <strong>Danny Gostt<\/strong>\n                Betriebsdirektor von TSS\n              <img decoding=\"async\" src=\"\/wp-content\/uploads\/2022\/08\/Speech-Mark.png\">\n            <p>\"Als famili\u00e4res und angesehenes Unternehmen f\u00fcr gewerbliche Reinigung und Unterst\u00fctzung zu verwenden, weshalb unsere Partnerschaft mit Solupak ein Erfolg war... wir begannen mit der Einf\u00fchrung der Solupak-Produkte im Jahr 2018, und dieser \u00dcbergang wurde mit Leichtigkeit durchgef\u00fchrt, dank der wertvollen Schulungsmaterialien und Dienstleistungen, die von ihrem Team zur Verf\u00fcgung gestellt wurden. Wir haben die Solupak-Produkte so reibungslos wie m\u00f6glich eingesetzt.\"<\/p>          \n                <strong>Mike Rowley<\/strong>\n                Betriebsdirektor\n              <img decoding=\"async\" src=\"\/wp-content\/uploads\/2022\/08\/Speech-Mark.png\">\n            <p>\"Wir haben 2018 begonnen, die Produkte von Solupak zu verwenden, nachdem wir einige Probleme mit fr\u00fcheren Lieferanten hatten, die sich als unzuverl\u00e4ssig erwiesen. Wir hatten nie ein Problem mit der Beschaffung von Solupak, und die Produkte waren die effektivsten, die wir ausprobiert haben.\"<\/p>          \n                <strong>Eoin O'Brien<\/strong>\n                Betriebsdirektor\n              <img decoding=\"async\" src=\"\/wp-content\/uploads\/2022\/08\/Speech-Mark.png\">\n            <p>Die Reaktion unserer Kollegen aus dem Einzelhandel war hervorragend, die L\u00f6sung wurde schnell angenommen und hoch gelobt.<\/p>          \n                <strong>Ally Stephenson<\/strong>\n                Leiter der Abteilung Einkauf (GNFR)\n<h2>\n\t\tSoziales\n\t<\/h2>\nhttps:\/\/www.linkedin.com\/embed\/feed\/update\/urn:li:share:6962340683923742720\n<iframe src=\"https:\/\/www.linkedin.com\/embed\/feed\/update\/urn:li:share:6962340683923742720\" height=\"725\" width=\"504\" frameborder=\"0\" allowfullscreen=\"\" title=\"Eingebetteter Beitrag\"><\/iframe>https:\/\/www.linkedin.com\/embed\/feed\/update\/urn:li:share:6958711703815520256\n<iframe src=\"https:\/\/www.linkedin.com\/embed\/feed\/update\/urn:li:share:6958711703815520256\" height=\"725\" width=\"504\" frameborder=\"0\" allowfullscreen=\"\" title=\"Eingebetteter Beitrag\"><\/iframe>","protected":false},"excerpt":{"rendered":"<p>Nachhaltig gewonnen - plastikfreie Reinigung Unsere Mission Wir wollen der f\u00fchrende Hersteller von wirksamen und preiswerten Reinigungskonzentraten sein, die in wasserl\u00f6slichen Folienbeuteln verpackt sind und unter Einhaltung der h\u00f6chstm\u00f6glichen ethischen Standards hergestellt werden. Erfahren Sie mehr Sparen Sie mehr als nur Geld 99% Leichter 70% Weniger Verpackung 90% CO2-Einsparungen 96% Mehr Lagerplatz 60% Einsparungen...<\/p>","protected":false},"author":4,"featured_media":0,"parent":0,"menu_order":0,"comment_status":"closed","ping_status":"closed","template":"","meta":{"footnotes":""},"class_list":["post-2","page","type-page","status-publish","hentry"],"_links":{"self":[{"href":"https:\/\/soluclean.eu\/de\/wp-json\/wp\/v2\/pages\/2","targetHints":{"allow":["GET"]}}],"collection":[{"href":"https:\/\/soluclean.eu\/de\/wp-json\/wp\/v2\/pages"}],"about":[{"href":"https:\/\/soluclean.eu\/de\/wp-json\/wp\/v2\/types\/page"}],"author":[{"embeddable":true,"href":"https:\/\/soluclean.eu\/de\/wp-json\/wp\/v2\/users\/4"}],"replies":[{"embeddable":true,"href":"https:\/\/soluclean.eu\/de\/wp-json\/wp\/v2\/comments?post=2"}],"version-history":[{"count":42,"href":"https:\/\/soluclean.eu\/de\/wp-json\/wp\/v2\/pages\/2\/revisions"}],"predecessor-version":[{"id":861,"href":"https:\/\/soluclean.eu\/de\/wp-json\/wp\/v2\/pages\/2\/revisions\/861"}],"wp:attachment":[{"href":"https:\/\/soluclean.eu\/de\/wp-json\/wp\/v2\/media?parent=2"}],"curies":[{"name":"wp","href":"https:\/\/api.w.org\/{rel}","templated":true}]}}