{"id":111,"date":"2022-08-16T11:38:48","date_gmt":"2022-08-16T10:38:48","guid":{"rendered":"https:\/\/soluclean.eu\/?page_id=111"},"modified":"2023-03-23T10:04:01","modified_gmt":"2023-03-23T10:04:01","slug":"get-in-touch","status":"publish","type":"page","link":"https:\/\/soluclean.eu\/de\/kontaktaufnahme\/","title":{"rendered":"Kontakt aufnehmen"},"content":{"rendered":"<p>Rufen Sie uns jetzt an unter +421 905 293 716<br>oder senden Sie uns eine Anfrage und wir werden uns bei Ihnen melden<\/p>\n      <form id=\"cred_form_116_1_1\" action=\"https:\/\/soluclean.eu\/de\/kontaktaufnahme\/\" data-form=\"{&quot;form_id&quot;:&quot;cred_form_116_1_1&quot;,&quot;use_ajax&quot;:&quot;1&quot;,&quot;wpv_page&quot;:1}\" data-conditionals=\"[]\" method=\"post\" data-trp-original-action=\"\/?page_id=111&amp;fl_builder=&amp;_tt=1673969717\">\n<input type=\"text\" id=\"cred_form_116_1_1_post_title\" name=\"post_title\" value=\"\" output=\"bootstrap\" preset_value=\"\" urlparam=\"\" value_escape=\"\" make_readonly=\"\" placeholder=\"\" select_text=\"\" data-wpt-validate=\"{&quot;required&quot;:{&quot;args&quot;:{&quot;1&quot;:true},&quot;message&quot;:&quot;This field is required&quot;}}\" data-wpt-field-title=\"Website Contact Title\" data-parsley-required=\"true\" data-parsley-required-message=\"This field is required\" data-parsley-credfilesize=\"67108864\" data-wpt-type=\"textfield\" data-wpt-id=\"cred_form_116_1_1_cred_form_116_1_1_post_title\" data-wpt-name=\"post_title\">\n<input type=\"text\" id=\"cred_form_116_1_1_first-name\" name=\"wpcf-first-name\" value=\"\" output=\"bootstrap\" preset_value=\"\" urlparam=\"\" preview=\"\" previewsize=\"\" select_label=\"\" edit_label=\"\" value_escape=\"\" make_readonly=\"\" placeholder=\"Vorname\" select_text=\"\" data-wpt-validate=\"{&quot;required&quot;:{&quot;args&quot;:{&quot;1&quot;:true},&quot;message&quot;:&quot;This field is required.&quot;}}\" data-wpt-field-title=\"First Name\" data-parsley-required=\"true\" data-parsley-required-message=\"This field is required.\" data-parsley-credfilesize=\"67108864\" data-wpt-type=\"textfield\" data-wpt-id=\"cred_form_116_1_1_cred_form_116_1_1_first-name\" data-wpt-name=\"wpcf-first-name\">\n<input type=\"text\" id=\"cred_form_116_1_1_last-name\" name=\"wpcf-last-name\" value=\"\" output=\"bootstrap\" preset_value=\"\" urlparam=\"\" preview=\"\" previewsize=\"\" select_label=\"\" edit_label=\"\" value_escape=\"\" make_readonly=\"\" placeholder=\"Nachname\" select_text=\"\" data-wpt-validate=\"{&quot;required&quot;:{&quot;args&quot;:{&quot;1&quot;:true},&quot;message&quot;:&quot;This field is required.&quot;}}\" data-wpt-field-title=\"Last Name\" data-parsley-required=\"true\" data-parsley-required-message=\"This field is required.\" data-parsley-credfilesize=\"67108864\" data-wpt-type=\"textfield\" data-wpt-id=\"cred_form_116_1_1_cred_form_116_1_1_last-name\" data-wpt-name=\"wpcf-last-name\">\n<input type=\"text\" id=\"cred_form_116_1_1_email\" name=\"wpcf-email\" value=\"\" output=\"bootstrap\" preset_value=\"\" urlparam=\"\" preview=\"\" previewsize=\"\" select_label=\"\" edit_label=\"\" value_escape=\"\" make_readonly=\"\" placeholder=\"E-Mail\" select_text=\"\" data-wpt-validate=\"{&quot;required&quot;:{&quot;args&quot;:{&quot;1&quot;:true},&quot;message&quot;:&quot;This field is required.&quot;},&quot;email&quot;:{&quot;args&quot;:{&quot;1&quot;:true},&quot;message&quot;:&quot;Please enter a valid email address.&quot;}}\" data-wpt-field-title=\"Email\" data-parsley-required=\"true\" data-parsley-required-message=\"This field is required.\" data-parsley-credfilesize=\"67108864\" data-parsley-type=\"email\" data-parsley-error-message=\"Please enter a valid email address.\" data-wpt-type=\"textfield\" data-wpt-id=\"cred_form_116_1_1_cred_form_116_1_1_email\" data-wpt-name=\"wpcf-email\">\n<input type=\"text\" id=\"cred_form_116_1_1_phone\" name=\"wpcf-phone\" value=\"\" output=\"bootstrap\" preset_value=\"\" urlparam=\"\" preview=\"\" previewsize=\"\" select_label=\"\" edit_label=\"\" value_escape=\"\" make_readonly=\"\" placeholder=\"Telefon\" select_text=\"\" data-wpt-validate=\"{&quot;required&quot;:{&quot;args&quot;:{&quot;1&quot;:true},&quot;message&quot;:&quot;This field is required.&quot;}}\" data-wpt-field-title=\"Phone\" data-parsley-required=\"true\" data-parsley-required-message=\"This field is required.\" data-parsley-credfilesize=\"67108864\" data-wpt-type=\"textfield\" data-wpt-id=\"cred_form_116_1_1_cred_form_116_1_1_phone\" data-wpt-name=\"wpcf-phone\">\n<textarea id=\"cred_form_116_1_1_message\" name=\"wpcf-message\" output=\"bootstrap\" preset_value=\"\" urlparam=\"\" preview=\"\" previewsize=\"\" select_label=\"\" edit_label=\"\" value_escape=\"\" make_readonly=\"\" placeholder=\"Nachricht\" select_text=\"\" data-wpt-validate=\"{&quot;required&quot;:{&quot;args&quot;:{&quot;1&quot;:true},&quot;message&quot;:&quot;This field is required.&quot;}}\" data-wpt-field-title=\"Message\" data-parsley-required=\"true\" data-parsley-required-message=\"This field is required.\" data-parsley-credfilesize=\"67108864\" rows=\"5\" cols=\"1\" data-wpt-type=\"textarea\" data-wpt-id=\"cred_form_116_1_1_cred_form_116_1_1_message\" data-wpt-name=\"wpcf-message\"><\/textarea>\n    Please validate reCAPTCHA\n<input type=\"text\" id=\"cred_form_116_1_1__recaptcha\" name=\"_recaptcha\" value=\"\" data-wpt-type=\"textfield\" data-wpt-id=\"cred_form_116_1_1_cred_form_116_1_1__recaptcha\" data-wpt-name=\"_recaptcha\">\n    <input type=\"submit\" id=\"cred_form_116_1_1_form_submit_1\" name=\"form_submit_1\" value=\"Send Message\">\n<input type=\"hidden\" id=\"cred_form_116_1_1__cred_cred_wpnonce_cred_form_116_1\" name=\"_cred_cred_wpnonce_cred_form_116_1\" value=\"267b03632c\" data-wpt-id=\"cred_form_116_1_1_cred_form_116_1_1__cred_cred_wpnonce_cred_form_116_1\" data-wpt-name=\"_cred_cred_wpnonce_cred_form_116_1\"><input type=\"hidden\" id=\"cred_form_116_1_1__cred_cred_prefix_post_id\" name=\"_cred_cred_prefix_post_id\" value=\"1650\" data-wpt-id=\"cred_form_116_1_1_cred_form_116_1_1__cred_cred_prefix_post_id\" data-wpt-name=\"_cred_cred_prefix_post_id\"><input type=\"hidden\" id=\"cred_form_116_1_1__cred_cred_prefix_cred_container_id\" name=\"_cred_cred_prefix_cred_container_id\" value=\"111\" data-wpt-id=\"cred_form_116_1_1_cred_form_116_1_1__cred_cred_prefix_cred_container_id\" data-wpt-name=\"_cred_cred_prefix_cred_container_id\"><input type=\"hidden\" id=\"cred_form_116_1_1__cred_cred_prefix_form_id\" name=\"_cred_cred_prefix_form_id\" value=\"116\" data-wpt-id=\"cred_form_116_1_1_cred_form_116_1_1__cred_cred_prefix_form_id\" data-wpt-name=\"_cred_cred_prefix_form_id\"><input type=\"hidden\" id=\"cred_form_116_1_1__cred_cred_prefix_form_count\" name=\"_cred_cred_prefix_form_count\" value=\"1\" data-wpt-id=\"cred_form_116_1_1_cred_form_116_1_1__cred_cred_prefix_form_count\" data-wpt-name=\"_cred_cred_prefix_form_count\"><input type=\"hidden\" name=\"trp-form-language\" value=\"de\"\/><\/form>\n\t<p>Soluclean opening hours are Monday to Friday 8:00 &#8211; 18:00<\/p>\n<h2>\n\t\tTestimonials\n\t<\/h2>\n              <img decoding=\"async\" src=\"\/wp-content\/uploads\/2022\/08\/Speech-Mark.png\">\n            <p>Der gr\u00f6\u00dfte Vorteil f\u00fcr den Endverbraucher ist die enorme Verringerung des Einweg-Plastikm\u00fclls. Wir sch\u00e4tzen, dass wir \u00fcber 6000 KGS Plastik vor dem Abfallstrom in den Betrieben unserer Kunden bewahrt haben.<\/p>          \n                <strong>Danny Gostt<\/strong>\n                Betriebsdirektor von TSS\n              <img decoding=\"async\" src=\"\/wp-content\/uploads\/2022\/08\/Speech-Mark.png\">\n            <p>\"Als famili\u00e4res und angesehenes Unternehmen f\u00fcr gewerbliche Reinigung und Unterst\u00fctzung zu verwenden, weshalb unsere Partnerschaft mit Solupak ein Erfolg war... wir begannen mit der Einf\u00fchrung der Solupak-Produkte im Jahr 2018, und dieser \u00dcbergang wurde mit Leichtigkeit durchgef\u00fchrt, dank der wertvollen Schulungsmaterialien und Dienstleistungen, die von ihrem Team zur Verf\u00fcgung gestellt wurden. Wir haben die Solupak-Produkte so reibungslos wie m\u00f6glich eingesetzt.\"<\/p>          \n                <strong>Mike Rowley<\/strong>\n                Betriebsdirektor\n              <img decoding=\"async\" src=\"\/wp-content\/uploads\/2022\/08\/Speech-Mark.png\">\n            <p>\"Wir haben 2018 begonnen, die Produkte von Solupak zu verwenden, nachdem wir einige Probleme mit fr\u00fcheren Lieferanten hatten, die sich als unzuverl\u00e4ssig erwiesen. Wir hatten nie ein Problem mit der Beschaffung von Solupak, und die Produkte waren die effektivsten, die wir ausprobiert haben.\"<\/p>          \n                <strong>Eoin O'Brien<\/strong>\n                Betriebsdirektor\n              <img decoding=\"async\" src=\"\/wp-content\/uploads\/2022\/08\/Speech-Mark.png\">\n            <p>Die Reaktion unserer Kollegen aus dem Einzelhandel war hervorragend, die L\u00f6sung wurde schnell angenommen und hoch gelobt.<\/p>          \n                <strong>Ally Stephenson<\/strong>\n                Leiter der Abteilung Einkauf (GNFR)","protected":false},"excerpt":{"rendered":"<p>Call us now on or leave us an enquiry and we will get back to you Please validate reCAPTCHA Soluclean opening hours are Monday to Friday 8:00 &#8211; 18:00 Testimonials The biggest benefit for the end-user is the huge reduction in single use plastic waste, we estimate that we&#8217;ve saved over 6000 KGS of plastic&hellip;<\/p>","protected":false},"author":4,"featured_media":0,"parent":0,"menu_order":0,"comment_status":"closed","ping_status":"closed","template":"","meta":{"footnotes":""},"class_list":["post-111","page","type-page","status-publish","hentry"],"_links":{"self":[{"href":"https:\/\/soluclean.eu\/de\/wp-json\/wp\/v2\/pages\/111","targetHints":{"allow":["GET"]}}],"collection":[{"href":"https:\/\/soluclean.eu\/de\/wp-json\/wp\/v2\/pages"}],"about":[{"href":"https:\/\/soluclean.eu\/de\/wp-json\/wp\/v2\/types\/page"}],"author":[{"embeddable":true,"href":"https:\/\/soluclean.eu\/de\/wp-json\/wp\/v2\/users\/4"}],"replies":[{"embeddable":true,"href":"https:\/\/soluclean.eu\/de\/wp-json\/wp\/v2\/comments?post=111"}],"version-history":[{"count":4,"href":"https:\/\/soluclean.eu\/de\/wp-json\/wp\/v2\/pages\/111\/revisions"}],"predecessor-version":[{"id":1670,"href":"https:\/\/soluclean.eu\/de\/wp-json\/wp\/v2\/pages\/111\/revisions\/1670"}],"wp:attachment":[{"href":"https:\/\/soluclean.eu\/de\/wp-json\/wp\/v2\/media?parent=111"}],"curies":[{"name":"wp","href":"https:\/\/api.w.org\/{rel}","templated":true}]}}