{"id":1059,"date":"2022-11-30T14:21:46","date_gmt":"2022-11-30T14:21:46","guid":{"rendered":"https:\/\/soluclean.eu\/?page_id=1059"},"modified":"2023-01-17T15:27:50","modified_gmt":"2023-01-17T15:27:50","slug":"keycards","status":"publish","type":"page","link":"https:\/\/soluclean.eu\/de\/schlusselkarten\/","title":{"rendered":"Keycards"},"content":{"rendered":"<p><a href=\"https:\/\/soluclean.eu\/wp-content\/uploads\/2022\/11\/Key_cards_-_All_cards_for_web.pdf\">KLICKEN SIE HIER, um Zugang zu unserer gesamten Produktpalette an Key Cards zu erhalten. Hier finden Sie alle Informationen und Anleitungen f\u00fcr jedes einzelne soluCLEAN Produkt.<\/a><\/p>\n<h2>\n\t\tTestimonials\n\t<\/h2>\n              <img decoding=\"async\" src=\"\/wp-content\/uploads\/2022\/08\/Speech-Mark.png\">\n            <p>Der gr\u00f6\u00dfte Vorteil f\u00fcr den Endverbraucher ist die enorme Verringerung des Einweg-Plastikm\u00fclls. Wir sch\u00e4tzen, dass wir \u00fcber 6000 KGS Plastik vor dem Abfallstrom in den Betrieben unserer Kunden bewahrt haben.<\/p>          \n                <strong>Danny Gostt<\/strong>\n                Betriebsdirektor von TSS\n              <img decoding=\"async\" src=\"\/wp-content\/uploads\/2022\/08\/Speech-Mark.png\">\n            <p>\"Als famili\u00e4res und angesehenes Unternehmen f\u00fcr gewerbliche Reinigung und Unterst\u00fctzung zu verwenden, weshalb unsere Partnerschaft mit Solupak ein Erfolg war... wir begannen mit der Einf\u00fchrung der Solupak-Produkte im Jahr 2018, und dieser \u00dcbergang wurde mit Leichtigkeit durchgef\u00fchrt, dank der wertvollen Schulungsmaterialien und Dienstleistungen, die von ihrem Team zur Verf\u00fcgung gestellt wurden. Wir haben die Solupak-Produkte so reibungslos wie m\u00f6glich eingesetzt.\"<\/p>          \n                <strong>Mike Rowley<\/strong>\n                Betriebsdirektor\n              <img decoding=\"async\" src=\"\/wp-content\/uploads\/2022\/08\/Speech-Mark.png\">\n            <p>\"Wir haben 2018 begonnen, die Produkte von Solupak zu verwenden, nachdem wir einige Probleme mit fr\u00fcheren Lieferanten hatten, die sich als unzuverl\u00e4ssig erwiesen. Wir hatten nie ein Problem mit der Beschaffung von Solupak, und die Produkte waren die effektivsten, die wir ausprobiert haben.\"<\/p>          \n                <strong>Eoin O'Brien<\/strong>\n                Betriebsdirektor\n              <img decoding=\"async\" src=\"\/wp-content\/uploads\/2022\/08\/Speech-Mark.png\">\n            <p>Die Reaktion unserer Kollegen aus dem Einzelhandel war hervorragend, die L\u00f6sung wurde schnell angenommen und hoch gelobt.<\/p>          \n                <strong>Ally Stephenson<\/strong>\n                Leiter der Abteilung Einkauf (GNFR)","protected":false},"excerpt":{"rendered":"<p>CLICK HERE to access our full range of product Key cards. For all the information and Instructions for each individual soluCLEAN product. Testimonials The biggest benefit for the end-user is the huge reduction in single use plastic waste, we estimate that we&#8217;ve saved over 6000 KGS of plastic from entering the waste streams in our&hellip;<\/p>","protected":false},"author":4,"featured_media":0,"parent":0,"menu_order":0,"comment_status":"closed","ping_status":"closed","template":"","meta":{"footnotes":""},"class_list":["post-1059","page","type-page","status-publish","hentry"],"_links":{"self":[{"href":"https:\/\/soluclean.eu\/de\/wp-json\/wp\/v2\/pages\/1059","targetHints":{"allow":["GET"]}}],"collection":[{"href":"https:\/\/soluclean.eu\/de\/wp-json\/wp\/v2\/pages"}],"about":[{"href":"https:\/\/soluclean.eu\/de\/wp-json\/wp\/v2\/types\/page"}],"author":[{"embeddable":true,"href":"https:\/\/soluclean.eu\/de\/wp-json\/wp\/v2\/users\/4"}],"replies":[{"embeddable":true,"href":"https:\/\/soluclean.eu\/de\/wp-json\/wp\/v2\/comments?post=1059"}],"version-history":[{"count":4,"href":"https:\/\/soluclean.eu\/de\/wp-json\/wp\/v2\/pages\/1059\/revisions"}],"predecessor-version":[{"id":1657,"href":"https:\/\/soluclean.eu\/de\/wp-json\/wp\/v2\/pages\/1059\/revisions\/1657"}],"wp:attachment":[{"href":"https:\/\/soluclean.eu\/de\/wp-json\/wp\/v2\/media?parent=1059"}],"curies":[{"name":"wp","href":"https:\/\/api.w.org\/{rel}","templated":true}]}}