{"id":96,"date":"2022-08-16T09:55:08","date_gmt":"2022-08-16T08:55:08","guid":{"rendered":"https:\/\/soluclean.eu\/?page_id=96"},"modified":"2023-01-17T15:25:23","modified_gmt":"2023-01-17T15:25:23","slug":"about-us","status":"publish","type":"page","link":"https:\/\/soluclean.eu\/cs\/o-nas\/","title":{"rendered":"About Us"},"content":{"rendered":"<h2>soluCLEAN N\u00e1\u0161 p\u0159\u00edb\u011bh<\/h2><h3>N\u00e1\u0161 p\u0159\u00edb\u011bh za\u010d\u00edn\u00e1 p\u0159ed osmi lety, kdy zakladatel\u00e9 spole\u010dnosti soluCLEAN vyvinuli a vytvo\u0159ili \u0159adu produkt\u016f, kter\u00e9 eliminovaly plasty na jedno pou\u017eit\u00ed z cel\u00e9ho dodavatelsk\u00e9ho a produktov\u00e9ho \u0159et\u011bzce. T\u00fdm, kter\u00fd vytvo\u0159il \u0159adu soluCLEAN, ji\u017e d\u0159\u00edve pracoval s PVOH f\u00f3li\u00ed rozpustnou ve vod\u011b a v\u0161iml si mezery na trhu, kter\u00e1 by umo\u017e\u0148ovala vyu\u017e\u00edt tuto technologii k balen\u00ed chemick\u00fdch koncentr\u00e1t\u016f, a tak se zrodil soluCLEAN.<\/h3>\n          <h3>The journey of soluCLEAN is one of many twists; 8 years ago the words &#8216;sustainability&#8217; and &#8216;eco&#8217; were treated with much less vigor and importance as they are now. soluCLEAN was the first single use plastic free cleaning brand In the commercial cleaning sector\u2026 the market place today compared to that of 8 years ago has progressed to having the environment at the forefront.<\/h3>\n          <h3>Lid\u00e9 nyn\u00ed nakupuj\u00ed a zkoumaj\u00ed ty nejudr\u017eiteln\u011bj\u0161\u00ed a ekologicky nejodpov\u011bdn\u011bj\u0161\u00ed produkty nikoli proto, aby si za\u0161krtli pol\u00ed\u010dko, ale proto\u017ee jim skute\u010dn\u011b z\u00e1le\u017e\u00ed na produktech, kter\u00e9 pou\u017e\u00edvaj\u00ed k \u010di\u0161t\u011bn\u00ed sv\u00fdch m\u00edst.<\/h3>\n          <h3><strong>Our story has recently taken it&#8217;s latest twist, soluCLEAN has been given a whole new look: a new brand concept, a firmly defined tone and messaging that sums up the benefits and ethos of the brand. As sustainable products become more and more in demand, we thought it best to evolve with the times too.<\/strong><\/h3><h2>&nbsp;<\/h2><h2>soluCLEAN is simple, straight forward and does what it says on the recyclable bottle! \ud83d\ude09<\/h2>\n<h2>\n\t\tPod\u00edvejte se na na\u0161e nov\u00e9 firemn\u00ed video t\u00fdmu zde!\n\t<\/h2>\n\t<iframe width=\"560\" height=\"315\" src=\"https:\/\/www.youtube.com\/embed\/hu9jj8cgAvI\" title=\"P\u0159ehr\u00e1va\u010d vide\u00ed YouTube\" frameborder=\"0\" allow=\"accelerometer; autoplay; clipboard-write; encrypted-media; gyroscope; picture-in-picture\" allowfullscreen=\"\"><\/iframe>\n<h2>\n\t\tZku\u0161enosti\n\t<\/h2>\n              <img decoding=\"async\" src=\"\/wp-content\/uploads\/2022\/08\/Speech-Mark.png\">\n            <p>The biggest benefit for the end-user is the huge reduction in single use plastic waste, we estimate that we&#8217;ve saved over 6000 KGS of plastic from entering the waste streams in our client premises.<\/p>          \n                <strong>Danny Gostt<\/strong>\n                Provozn\u00ed \u0159editel TSS\n              <img decoding=\"async\" src=\"\/wp-content\/uploads\/2022\/08\/Speech-Mark.png\">\n            <p>\"Jako rodina a dob\u0159e respektovan\u00fd komer\u010dn\u00ed \u00faklid a podpora k pou\u017eit\u00ed, co\u017e je d\u016fvod, pro\u010d na\u0161e partnerstv\u00ed se spole\u010dnost\u00ed Solupak bylo \u00fasp\u011b\u0161n\u00e9... za\u010dali jsme zav\u00e1d\u011bt produkty Solupak v roce 2018 a tento p\u0159echod byl proveden s lehkost\u00ed, d\u00edky cenn\u00fdm \u0161kolic\u00edm materi\u00e1l\u016fm a slu\u017eb\u00e1m, kter\u00e9 poskytl jejich t\u00fdm. Produkty Solupak n\u00e1m b\u011b\u017eely tak hladce, jak jen to bylo mo\u017en\u00e9.\"<\/p>          \n                <strong>Mike Rowley<\/strong>\n                Provozn\u00ed \u0159editel\n              <img decoding=\"async\" src=\"\/wp-content\/uploads\/2022\/08\/Speech-Mark.png\">\n            <p>&#8220;We started using the Solupak products in 2018 after having some trouble with previous suppliers who turned out to be unreliable. We have never had an issue with obtaining stock from Solupak, and the products have been the most effective that we have tried.&#8221;<\/p>          \n                <strong>Eoin O&#8217;Brien<\/strong>\n                Provozn\u00ed \u0159editel\n              <img decoding=\"async\" src=\"\/wp-content\/uploads\/2022\/08\/Speech-Mark.png\">\n            <p>Reakce na\u0161ich koleg\u016f z maloobchodu byla vynikaj\u00edc\u00ed, rychle si toto inovativn\u00ed \u0159e\u0161en\u00ed osvojili a velmi si ho pochvalovali.<\/p>          \n                <strong>Ally Stephensonov\u00e1<\/strong>\n                Vedouc\u00ed odd\u011blen\u00ed n\u00e1kupu (GNFR)","protected":false},"excerpt":{"rendered":"<p>soluCLEAN Our Story Our story begins 8 years ago, when the soluCLEAN founders developed and created a range of products that eliminated single use plastics from the entire supply and product chain. The team who created the soluCLEAN range had already been working with the PVOH water-soluble film and noticed a gap in the market&hellip;<\/p>","protected":false},"author":4,"featured_media":0,"parent":0,"menu_order":0,"comment_status":"closed","ping_status":"closed","template":"","meta":{"footnotes":""},"class_list":["post-96","page","type-page","status-publish","hentry"],"_links":{"self":[{"href":"https:\/\/soluclean.eu\/cs\/wp-json\/wp\/v2\/pages\/96","targetHints":{"allow":["GET"]}}],"collection":[{"href":"https:\/\/soluclean.eu\/cs\/wp-json\/wp\/v2\/pages"}],"about":[{"href":"https:\/\/soluclean.eu\/cs\/wp-json\/wp\/v2\/types\/page"}],"author":[{"embeddable":true,"href":"https:\/\/soluclean.eu\/cs\/wp-json\/wp\/v2\/users\/4"}],"replies":[{"embeddable":true,"href":"https:\/\/soluclean.eu\/cs\/wp-json\/wp\/v2\/comments?post=96"}],"version-history":[{"count":20,"href":"https:\/\/soluclean.eu\/cs\/wp-json\/wp\/v2\/pages\/96\/revisions"}],"predecessor-version":[{"id":1652,"href":"https:\/\/soluclean.eu\/cs\/wp-json\/wp\/v2\/pages\/96\/revisions\/1652"}],"wp:attachment":[{"href":"https:\/\/soluclean.eu\/cs\/wp-json\/wp\/v2\/media?parent=96"}],"curies":[{"name":"wp","href":"https:\/\/api.w.org\/{rel}","templated":true}]}}