{"id":728,"date":"2022-10-11T11:48:44","date_gmt":"2022-10-11T10:48:44","guid":{"rendered":"https:\/\/soluclean.eu\/?page_id=728"},"modified":"2023-01-17T15:27:58","modified_gmt":"2023-01-17T15:27:58","slug":"training","status":"publish","type":"page","link":"https:\/\/soluclean.eu\/cs\/skoleni-2\/","title":{"rendered":"\u0160kolen\u00ed soluCLEAN"},"content":{"rendered":"<p>We&#8217;ve created this 3 minute video guide to provide viewers with an overview of our soluCLEAN eco-responsible cleaning products. Watch the video to explore the product range and learn about its various applications around the workplace and the easy 4 step Fill, Add, Shake &amp; Go! product usage process. The video also highlights some of the many features and safety benefits soluCLEAN users enjoy every day by choosing our products.<\/p>\n          <p>Prohl\u00e9dn\u011bte si na\u0161i novou bro\u017euru zde..<\/p><h1><a href=\"https:\/\/soluclean.eu\/wp-content\/uploads\/2022\/11\/soluCLEAN_brochure_OCT_22.pdf\">2022 Bro\u017eura<\/a><\/h1>\n              <img decoding=\"async\" src=\"\/wp-content\/uploads\/2022\/08\/Speech-Mark.png\">\n            <p>The biggest benefit for the end-user is the huge reduction in single use plastic waste, we estimate that we&#8217;ve saved over 6000 KGS of plastic from entering the waste streams in our client premises.<\/p>          \n                <strong>Danny Gostt<\/strong>\n                Provozn\u00ed \u0159editel TSS\n              <img decoding=\"async\" src=\"\/wp-content\/uploads\/2022\/08\/Speech-Mark.png\">\n            <p>\"Jako rodina a dob\u0159e respektovan\u00fd komer\u010dn\u00ed \u00faklid a podpora k pou\u017eit\u00ed, co\u017e je d\u016fvod, pro\u010d na\u0161e partnerstv\u00ed se spole\u010dnost\u00ed Solupak bylo \u00fasp\u011b\u0161n\u00e9... za\u010dali jsme zav\u00e1d\u011bt produkty Solupak v roce 2018 a tento p\u0159echod byl proveden s lehkost\u00ed, d\u00edky cenn\u00fdm \u0161kolic\u00edm materi\u00e1l\u016fm a slu\u017eb\u00e1m, kter\u00e9 poskytl jejich t\u00fdm. Produkty Solupak n\u00e1m b\u011b\u017eely tak hladce, jak jen to bylo mo\u017en\u00e9.\"<\/p>          \n                <strong>Mike Rowley<\/strong>\n                Provozn\u00ed \u0159editel\n              <img decoding=\"async\" src=\"\/wp-content\/uploads\/2022\/08\/Speech-Mark.png\">\n            <p>&#8220;We started using the Solupak products in 2018 after having some trouble with previous suppliers who turned out to be unreliable. We have never had an issue with obtaining stock from Solupak, and the products have been the most effective that we have tried.&#8221;<\/p>          \n                <strong>Eoin O&#8217;Brien<\/strong>\n                Provozn\u00ed \u0159editel\n              <img decoding=\"async\" src=\"\/wp-content\/uploads\/2022\/08\/Speech-Mark.png\">\n            <p>Reakce na\u0161ich koleg\u016f z maloobchodu byla vynikaj\u00edc\u00ed, rychle si toto inovativn\u00ed \u0159e\u0161en\u00ed osvojili a velmi si ho pochvalovali.<\/p>          \n                <strong>Ally Stephensonov\u00e1<\/strong>\n                Vedouc\u00ed odd\u011blen\u00ed n\u00e1kupu (GNFR)","protected":false},"excerpt":{"rendered":"<p>We&#8217;ve created this 3 minute video guide to provide viewers with an overview of our soluCLEAN eco-responsible cleaning products. Watch the video to explore the product range and learn about its various applications around the workplace and the easy 4 step Fill, Add, Shake &amp; Go! product usage process. The video also highlights some of&hellip;<\/p>","protected":false},"author":4,"featured_media":0,"parent":0,"menu_order":0,"comment_status":"closed","ping_status":"closed","template":"","meta":{"footnotes":""},"class_list":["post-728","page","type-page","status-publish","hentry"],"_links":{"self":[{"href":"https:\/\/soluclean.eu\/cs\/wp-json\/wp\/v2\/pages\/728","targetHints":{"allow":["GET"]}}],"collection":[{"href":"https:\/\/soluclean.eu\/cs\/wp-json\/wp\/v2\/pages"}],"about":[{"href":"https:\/\/soluclean.eu\/cs\/wp-json\/wp\/v2\/types\/page"}],"author":[{"embeddable":true,"href":"https:\/\/soluclean.eu\/cs\/wp-json\/wp\/v2\/users\/4"}],"replies":[{"embeddable":true,"href":"https:\/\/soluclean.eu\/cs\/wp-json\/wp\/v2\/comments?post=728"}],"version-history":[{"count":18,"href":"https:\/\/soluclean.eu\/cs\/wp-json\/wp\/v2\/pages\/728\/revisions"}],"predecessor-version":[{"id":1055,"href":"https:\/\/soluclean.eu\/cs\/wp-json\/wp\/v2\/pages\/728\/revisions\/1055"}],"wp:attachment":[{"href":"https:\/\/soluclean.eu\/cs\/wp-json\/wp\/v2\/media?parent=728"}],"curies":[{"name":"wp","href":"https:\/\/api.w.org\/{rel}","templated":true}]}}