{"id":431,"date":"2022-08-29T16:40:30","date_gmt":"2022-08-29T15:40:30","guid":{"rendered":"https:\/\/soluclean.eu\/?page_id=431"},"modified":"2023-01-17T15:26:56","modified_gmt":"2023-01-17T15:26:56","slug":"case-studies","status":"publish","type":"page","link":"https:\/\/soluclean.eu\/cs\/pripadove-studie\/","title":{"rendered":"P\u0159\u00edpadov\u00e9 studie"},"content":{"rendered":"<img decoding=\"async\" src=\"https:\/\/soluclean.eu\/wp-content\/uploads\/2022\/08\/logo-Greggs.png\">\n        <h2>P\u0159\u00edpadov\u00e1 studie<\/h2>\n        <p>Greggs are the most successful high street bakery chain in the UK with a presence in virtually every major UK town and city and around 2200 retail outlets\u2026 even more than McDonalds UK!<\/p>\n        <a href=\"https:\/\/soluclean.eu\/cs\/pripadove-studie\/\">P\u0159e\u010dt\u011bte si v\u00edce<\/a>\n      <img decoding=\"async\" src=\"https:\/\/soluclean.eu\/wp-content\/uploads\/2022\/08\/Total-Support-Services-full-logo-png.png\">\n        <h2>P\u0159\u00edpadov\u00e1 studie<\/h2>\n        TSS, neboli Toil Support Services, je nez\u00e1visl\u00fd dodavatel \u00faklidov\u00fdch slu\u017eeb. Jej\u00ed filozofi\u00ed je poskytovat konzistentn\u00ed, kvalitn\u00ed, n\u00e1kladov\u011b efektivn\u00ed a efektivn\u00ed \u00faklid.<br>\ninnovative services.\nTSS has built long standing relationships and continues to foster new partnerships with businesses across varying industries and sectors.<br>\nPosl\u00e1n\u00ed TSS: poskytovat kvalitn\u00ed, n\u00e1kladov\u011b efektivn\u00ed, inovativn\u00ed a z\u00e1kaznicky orientovan\u00e9 slu\u017eby v\u0161em na\u0161im klient\u016fm.\n        <a href=\"https:\/\/soluclean.eu\/cs\/pripadove-studie\/\">P\u0159e\u010dt\u011bte si v\u00edce<\/a>\n      <img decoding=\"async\" src=\"https:\/\/soluclean.eu\/wp-content\/uploads\/2022\/08\/Pear-Tree.png\">\n        <h2>P\u0159\u00edpadov\u00e1 studie<\/h2>\n        <p>Peartree Cleaning Services je specializovan\u00e1 firma na komer\u010dn\u00ed \u00faklid a podp\u016frn\u00e9 slu\u017eby. Spole\u010dnost Peartree byla zalo\u017eena v roce 1986 a zam\u011bstn\u00e1v\u00e1 v\u00edce ne\u017e 1400 pln\u011b vy\u0161kolen\u00fdch \u00faklidov\u00fdch a podp\u016frn\u00fdch pracovn\u00edk\u016f po cel\u00e9 Velk\u00e9 Brit\u00e1nii.<\/p>\nJejich slu\u017eby, kter\u00e9 jsou uzn\u00e1v\u00e1ny jako partnersk\u00e1 firma s neuv\u011b\u0159iteln\u011b vysok\u00fdmi standardy a vynikaj\u00edc\u00ed pov\u011bst\u00ed, jsou poskytov\u00e1ny zku\u0161en\u00fdmi t\u00fdmy.<br>\nn\u011bkter\u00e9 z nejzn\u00e1m\u011bj\u0161\u00edch spole\u010dnost\u00ed ve Velk\u00e9 Brit\u00e1nii.\n        <a href=\"https:\/\/soluclean.eu\/cs\/pripadove-studie\/\">P\u0159e\u010dt\u011bte si v\u00edce<\/a>\n      <img decoding=\"async\" src=\"https:\/\/soluclean.eu\/wp-content\/uploads\/2022\/08\/Cleaning_contractors_PNG.png\">\n        <h2>P\u0159\u00edpadov\u00e1 studie<\/h2>\n        <p>Broadfords je mezin\u00e1rodn\u00ed dodavatel \u00faklidov\u00fdch slu\u017eeb, kter\u00fd p\u016fsob\u00ed na trhu ji\u017e 25 let.<\/p>\n<p>Broadfords je rychl\u00e1, p\u0159\u00e1telsk\u00e1 a pln\u011b funk\u010dn\u00ed profesion\u00e1ln\u00ed \u00faklidov\u00e1 spole\u010dnost, kter\u00e1 p\u016fsob\u00ed p\u0159ev\u00e1\u017en\u011b v obchodn\u00edm a maloobchodn\u00edm sektoru. Spole\u010dnost Broadfords, kter\u00e1 je dob\u0159e zn\u00e1m\u00e1 v cel\u00e9 Irsk\u00e9 republice, se stala vlajkov\u00fdm provozovatelem \u0159ady v\u00fdrobk\u016f Soluclean v t\u00e9to zemi.<\/p>\n        <a href=\"https:\/\/soluclean.eu\/cs\/pripadove-studie\/\">P\u0159e\u010dt\u011bte si v\u00edce<\/a>\n          <img decoding=\"async\" src=\"\/wp-content\/uploads\/2022\/08\/wavey-line-e1661186613779.png\">\n            <h2>Pro\u010d Solupak<\/h2>\n<p>In 2014 Ally Stephenson, Head of Purchasing at Greggs, approached us with the following challenge\u2026<\/p>\n<p>Dod\u00e1n\u00ed nov\u00e9ho a inovativn\u00edho syst\u00e9mu d\u00e1vkov\u00e1n\u00ed chemik\u00e1li\u00ed, kter\u00fd sn\u00ed\u017e\u00ed objem vody obsa\u017een\u00e9 v p\u0159\u00edpravc\u00edch pou\u017e\u00edvan\u00fdch v 2200 prodejn\u00e1ch ve Velk\u00e9 Brit\u00e1nii.<\/p>\n<p>Na\u0161e odpov\u011b\u010f byla jednoduch\u00e1: na\u0161e produkty se dokonale hodily pro tento brief.<\/p>\n<p>Spole\u010dnost SoluPak jako specializovan\u00fd v\u00fdrobce nab\u00eddla \u0159adu jednod\u00e1vkov\u00fdch rozpustn\u00fdch s\u00e1\u010dkov\u00fdch produkt\u016f, kter\u00e9 zvl\u00e1dnou v\u011bt\u0161inu \u00faklidov\u00fdch a dezinfek\u010dn\u00edch \u010dinnost\u00ed v prodejn\u00e1ch Greggs, a byly provedeny rozs\u00e1hl\u00e9 zkou\u0161ky.<\/p>\n          <img decoding=\"async\" src=\"\/wp-content\/uploads\/2022\/08\/wavey-line-e1661186613779.png\">\n            <h2>P\u0159\u00edb\u011bh v pozad\u00ed<\/h2>\n<p>With our help\u2026 As part of this Greggs project, the SoluPak technology has prevented over 3 tonnes of plastic per year from entering the waste stream, with further product development projected to increase this to over 6 tonnes per year with the roll out of the dish-wash and rinse-aid products. Before SoluPak stepped in, Greggs had to empty the local bins 3 times per week to remove the packaging waste. With our help, this has now been reduced to just once per week. Following extensive trials across over 30 retail outlets, on the 1st June 2017 the new regime rolled out in one \u201cbig bang\u2019, with an unprecedented level of user acceptance without the need for additional training or site visits.<\/p>\n          <img decoding=\"async\" src=\"\/wp-content\/uploads\/2022\/08\/wavey-line-e1661186613779.png\">\n            <h2>Pro\u010d soluCLEAN<\/h2>\n<p>Posl\u00e1n\u00ed TSS se hod\u00ed k produktov\u00e9 \u0159ad\u011b Solupak.e....<br>Na\u0161e v\u00fdrobky jsou nejvy\u0161\u0161\u00ed kvality, zabalen\u00e9 a navr\u017een\u00e9 v dom\u011b, kter\u00e9mu v\u011bnujeme \u010das a trp\u011blivost.<br>zaji\u0161\u0165uje, \u017ee na\u0161e v\u00fdrobky jsou \u0161pi\u010dkov\u00e9.<\/p>\n<p>N\u00e1kladov\u00e1 efektivita je v pop\u0159ed\u00ed z\u00e1jmu \u0159ady v\u00fdrobk\u016f Solupak; s t\u0159\u00edletou trvanlivost\u00ed a cenou a efektivitou.<br>d\u00e1vkov\u00e1n\u00ed jistotu, \u017ee \u017e\u00e1dn\u00fd produkt (ani pen\u00edze) nep\u0159ijdou nazmar.<\/p>\n<p>Inovace je to, co spole\u010dnost Solupak poh\u00e1n\u00ed od sam\u00e9ho po\u010d\u00e1tku. Poskytujeme pozitivn\u00ed zm\u011bny bez zvy\u0161ov\u00e1n\u00ed n\u00e1klad\u016f<br>NEBO po\u0161kozen\u00ed \u017eivotn\u00edho prost\u0159ed\u00ed.<\/p>\n          <img decoding=\"async\" src=\"\/wp-content\/uploads\/2022\/08\/wavey-line-e1661186613779.png\">\n            <h2>P\u0159\u00edb\u011bh v pozad\u00ed<\/h2>\n<p>Spole\u010dnost TSS za\u010dala pou\u017e\u00edvat produkty SoluPak v roce 2016 jako nov\u011b jmenovan\u00fd dodavatel spole\u010dnosti John Lewis Partnership.<\/p>\n<p>\u0158ada v\u00fdrobk\u016f SoluClean je schv\u00e1lena spole\u010dnost\u00ed JLP pro pou\u017eit\u00ed v obchodn\u00edch domech, supermarketech, kancel\u00e1\u0159\u00edch a distribu\u010dn\u00edch centrech.<\/p>\n<p>Spole\u010dnost TSS se p\u0159esv\u011bd\u010dila o v\u00fdhod\u00e1ch syst\u00e9mu SoluPak a zavedla jej na \u0159ad\u011b sv\u00fdch sv\u011btozn\u00e1m\u00fdch, ikonick\u00fdch pam\u00e1tek.<\/p>\n          <img decoding=\"async\" src=\"\/wp-content\/uploads\/2022\/08\/wavey-line-e1661186613779.png\">\n            <h2>Pro\u010d soluCLEAN<\/h2>\n<p><strong>The Solupak product range supports Peartree\u2019s strategy and vision<\/strong><\/p>\n<p>Our products are manufactured in line with Peartree\u2019s sustainable supply chain strategy.<\/p>\n<p>N\u00e1kladov\u00e1 efektivita je skute\u010dnou p\u0159ednost\u00ed \u0159ady v\u00fdrobk\u016f Solupak. Se spole\u010dnost\u00ed Peartree jsme se dohodli na r\u00e1mci n\u00e1klad\u016f, kter\u00fd dokonale odpov\u00edd\u00e1 jejich pl\u00e1nu v\u00fddaj\u016f.<\/p>\n<p>Zero waste a redukce plast\u016f je pro spole\u010dnosti Peartree a Solupak v\u00fdznamn\u00fdm hnac\u00edm motorem. V prvn\u00edm roce na\u0161eho partnerstv\u00ed sn\u00ed\u017eila spole\u010dnost Peartree spot\u0159ebu spou\u0161t\u011bc\u00edch lahv\u00ed o 22 000 kus\u016f. V\u00fdvoj v\u00fdrobk\u016f prob\u00edh\u00e1 ve vlastn\u00ed re\u017eii, co\u017e spole\u010dnosti Peartree umo\u017e\u0148uje flexibilitu, pokud jde o barvu v\u00fdrobku, velikost balen\u00ed a v\u016fn\u011b.<\/p>\n          <img decoding=\"async\" src=\"\/wp-content\/uploads\/2022\/08\/wavey-line-e1661186613779.png\">\n            <h2>P\u0159\u00edb\u011bh v pozad\u00ed<\/h2>\n<p>V roce 2018 byly dokon\u010deny zkou\u0161ky produktu na kl\u00ed\u010dov\u00fdch m\u00edstech klienta a od v\u0161ech z\u00fa\u010dastn\u011bn\u00fdch stran byla z\u00edsk\u00e1na kritick\u00e1 zp\u011btn\u00e1 vazba, kter\u00e1 poskytla od\u016fvodn\u011bn\u00ed pro za\u0159azen\u00ed produktu Solupak do komer\u010dn\u00edho v\u00fdb\u011brov\u00e9ho \u0159\u00edzen\u00ed.<\/p>\n<p>Po v\u00fdb\u011brov\u00e9m \u0159\u00edzen\u00ed spole\u010dnost Solupak v p\u0159\u00edpad\u011b pot\u0159eby podpo\u0159ila spole\u010dnost Peartree prezentacemi t\u00fdmu, vzorky v\u00fdrobk\u016f, n\u00e1v\u0161t\u011bvami na m\u00edst\u011b, \u00fadaji o BOZP, n\u00e1st\u011bnn\u00fdmi sch\u00e9maty a \u0161kolic\u00edmi materi\u00e1ly, kter\u00e9 byly p\u0159izp\u016fsobeny schv\u00e1len\u00e9mu sortimentu v\u00fdrobk\u016f spole\u010dnosti Peartree.<\/p>\n<p>B\u011bhem pandemie COVID-19 spole\u010dnost Solupak vyvinula a otestovala virucidn\u00ed dezinfek\u010dn\u00ed prost\u0159edek, kter\u00fd spole\u010dnost Peartree \u00fasp\u011b\u0161n\u011b zavedla v cel\u00e9m podniku jak pro ru\u010dn\u00ed \u010di\u0161t\u011bn\u00ed, tak pro ochranu povrch\u016f rozpra\u0161ov\u00e1n\u00edm.<\/p>\n          <img decoding=\"async\" src=\"\/wp-content\/uploads\/2022\/08\/wavey-line-e1661186613779.png\">\n            <h2>Pro\u010d soluCLEAN<\/h2>\n<p>The Solupak range lends itself to the requirements of Broadfords International- they had a problem, and we provided the solution\u2026<\/p>\n<p>Po\u017eadavky spole\u010dnosti Broadfords: \u00faspora m\u00edsta, velikosti dod\u00e1vky a n\u00e1klad\u016f na palivo.<\/p>\n<p>1. Save on space\u2026 the Solupak product range is packaged in watersoluble film, with no single use plastic involved and the products take up minimal space. Through implementing our products, a whole pallet of 5 litre liquid concentrate can be replaced with 4 packets of our product.<\/p>\n<p>2. Delivery size\u2026 as water is added after transportation, and the products are distributed in water-soluble sachets, the size of deliveries is relatively small, meaning that greater amounts of product can be ordered.<\/p>\n<p>3. Fuel costs\u2026 the weight of the load is consequently lighter due to having zero liquid to transport to customers; meaning that the cost of delivering our products to you and your distributors is considerably reduced.<\/p>\n          <img decoding=\"async\" src=\"\/wp-content\/uploads\/2022\/08\/wavey-line-e1661186613779.png\">\n            <h2>P\u0159\u00edb\u011bh v pozad\u00ed<\/h2>\n<p>Spolupr\u00e1ce mezi spole\u010dnostmi Broadfords a Solupak za\u010dala v roce 2018 pot\u00e9, co se spole\u010dnost Broadfords pot\u00fdkala s probl\u00e9my p\u0159i hled\u00e1n\u00ed dodavatel\u016f kvalitn\u00edch \u010distic\u00edch prost\u0159edk\u016f rozpustn\u00fdch ve vod\u011b.<\/p>\n<p>Po zku\u0161enostech s nespolehliv\u00fdmi dodavateli a neuspokojiv\u00fdmi v\u00fdrobky mohla spole\u010dnost Broadfords zastavit hled\u00e1n\u00ed rozpustn\u00fdch \u010distic\u00edch prost\u0159edk\u016f, kdy\u017e objevila \u0159adu Solupak.<\/p>\n<p>Spole\u010dnost Broadfords nav\u00e1zala b\u011bhem dvoulet\u00e9ho partnerstv\u00ed pevn\u00fd vztah a nyn\u00ed objedn\u00e1v\u00e1 \u010dty\u0159i produkty z t\u00e9to \u0159ady. Jedn\u00e1 se o \u010disti\u010d podlah s odma\u0161\u0165ovac\u00edm prost\u0159edkem pro potraviny, \u010disti\u010d pro n\u00e1ro\u010dn\u00e9 drhnut\u00ed, \u010disti\u010d skla a prost\u0159edek na dezinfekci povrch\u016f.<\/p>\n<h2>\n\t\tSv\u011bdectv\u00ed z\u00e1kazn\u00edka\n\t<\/h2>\n          <img decoding=\"async\" src=\"\/wp-content\/uploads\/2022\/08\/Speech-Mark.png\">\n        <p>&nbsp;<\/p>\n<p>\u201cAs a fast moving consumer-led business with over 1700 shops, Greggs is always looking for<br>zp\u016fsoby, jak usnadnit \u017eivot na\u0161im zam\u011bstnanc\u016fm, aby mohli tr\u00e1vit v\u00edce \u010dasu poskytov\u00e1n\u00edm vynikaj\u00edc\u00edch slu\u017eeb.<br>slu\u017eby pro na\u0161e z\u00e1kazn\u00edky. Spole\u010dnost Greggs bere v\u00e1\u017en\u011b tak\u00e9 svou soci\u00e1ln\u00ed odpov\u011bdnost a v r\u00e1mci n\u00ed<br>neust\u00e1le hled\u00e1 mo\u017enosti, jak sn\u00ed\u017eit n\u00e1\u0161 dopad na \u017eivotn\u00ed prost\u0159ed\u00ed. V roce 2015 jsme<br>oslovila na\u0161eho st\u00e1vaj\u00edc\u00edho dodavatele chemik\u00e1li\u00ed, spole\u010dnost Christens Food Hygiene, a vyzvala ho, aby se na n\u00e1s obr\u00e1til.<br>aby n\u00e1m poskytli zp\u016fsob, jak jednodu\u0161e dod\u00e1vat \u010distic\u00ed prost\u0159edky do na\u0161ich obchod\u016f,<br>u\u017eivatelsky p\u0159\u00edv\u011btiv\u00fd zp\u016fsob, kter\u00fd odstra\u0148uje nutnost skladovat a p\u0159epravovat t\u011b\u017ek\u00e9 v\u00fdrobky po cel\u00e9m sv\u011bt\u011b.<br>zemi, ani\u017e by byly ohro\u017eeny po\u017eadovan\u00e9 vysok\u00e9 standardy mikrobiologick\u00fdch a alergenn\u00edch vlastnost\u00ed.<br>ovl\u00e1d\u00e1n\u00ed. Spole\u010dnost Christeyns Food Hygiene tuto v\u00fdzvu p\u0159ijala a \u00fazce s n\u00e1mi spolupracovala na tom, aby<br>come up with a solution that we are delighted with \u2013 soluble, single dose sachets in small,<br>lehk\u00e9 p\u0159epravn\u00ed obaly, kter\u00e9 se jednodu\u0161e a snadno pou\u017e\u00edvaj\u00ed a jsou bezpe\u010dn\u00e9 pro n\u00e1\u0161 person\u00e1l. K dispozici jsou<br>mnoho v\u00fdhod, v\u010detn\u011b snadn\u00e9ho pou\u017eit\u00ed, proto\u017ee form\u00e1t s\u00e1\u010dku s jednou d\u00e1vkou je jednodu\u0161e<br>jsou dopln\u011bny vodou, manipulace s nimi je bezpe\u010dn\u00e1 a nevy\u017eaduje \u017e\u00e1dn\u00e9 osobn\u00ed ochrann\u00e9 prost\u0159edky a je \u0161etrn\u00e1 k \u017eivotn\u00edmu prost\u0159ed\u00ed.<br>P\u0159epravuj\u00ed se tak\u00e9 v kompaktn\u00edch s\u00e1\u010dc\u00edch, kter\u00e9 se daj\u00ed znovu uzav\u0159\u00edt a snadno skladovat.<br>doplnit. Po rozs\u00e1hl\u00fdch testech ve t\u0159ech regionech jsme hrd\u00ed na to, \u017ee jsme prvn\u00ed n\u00e1rodn\u00ed spole\u010dnost\u00ed, kter\u00e1<br>maloobchodn\u00ed prodejce potravin, kter\u00fd tuto technologii zavedl v cel\u00e9m sv\u00e9m maloobchodn\u00edm are\u00e1lu. Reakce na\u0161ich<br>Kolegov\u00e9 z maloobchodu si tento inovativn\u00ed produkt rychle osvojili a velmi si ho pochvaluj\u00ed.<br>solution. We are pleased to support Christens Food Hygiene\u2019s application for \u201cProduct of the<br>Year\u201d at the 2017 SOFHT awards.\u201d<\/p>\n<p>&nbsp;<\/p>\n            <strong>Ally Stephensonov\u00e1<\/strong>\n            Vedouc\u00ed odd\u011blen\u00ed n\u00e1kupu (GNFR)\n          <img decoding=\"async\" src=\"\/wp-content\/uploads\/2022\/08\/Speech-Mark.png\">\n        <p>\u201cWe started using the SoluPak products in 2016 as they are the approved range for John Lewis and Waitrose. It was quickly obvious to me that the system has many benefits that would be appreciated by our other clients for contribution to their CSR and Environmental objectives. Ethical accreditations are becoming more and more important to our clients and to us as an organisation, the Cruelty Free, Vegan and EcoFlower certifications give confidence<br>\u017ee SoluPak je etick\u00e1 organizace.<\/p>\n<p>The biggest benefit for the end-user is the huge reduction in single use plastic waste, we estimate that we\u2019ve saved over 6000 KGS of plastic from entering the waste streams in our client premises. With the space saving, the simplicity in use, the ethical accreditations and the huge volume reductions for our distributors there are many great reasons for partnering with SoluPak.\u201d<\/p>\n            <strong>Danny Gostt<\/strong>\n            Provozn\u00ed \u0159editel TSS\n          <img decoding=\"async\" src=\"\/wp-content\/uploads\/2022\/08\/Speech-Mark.png\">\n        <p>\u201cAs a family and well respected commercial cleaning and support to use, which is why our partnership with Solupak has been a success\u2026 we started rolling out the Solupak products in 2018, and this transition was done with ease, thanks to the valuable training materials and services that were provided by their team. We have the Solupak products ran as smoothly as possible.\u201d<\/p>\n            <strong>Mike Rowley<\/strong>\n            Provozn\u00ed \u0159editel\n          <img decoding=\"async\" src=\"\/wp-content\/uploads\/2022\/08\/Speech-Mark.png\">\n        <p>\u201cWe started using the Solupak products in 2018 after having some trouble with previous suppliers who turned out to be unreliable. We have never had an issue with obtaining stock from Solupak, and the products have been the most effective that we have tried. The values and ethos of Solupak set them apart from companies that we have worked with in the past, with their vegan and cruelty free accreditations being key to our initial and continued involvement with them. We restrict our stock lists overall, but order 4 products from Solupak, and would not say no to advancing on this in the future due to the reliability of the company!<\/p>\n<p>We look forward to maintaining our relationship with the Solupak brand.\u201d<\/p>\n            <strong>Eoin O&#8217;Brien<\/strong>\n            Provozn\u00ed \u0159editel","protected":false},"excerpt":{"rendered":"<p>Case Study Greggs are the most successful high street bakery chain in the UK with a presence in virtually every major UK town and city and around 2200 retail outlets\u2026 even more than McDonalds UK! Read more Case Study TSS, or Toil Support Services, is an independent cleaning contractor. With a philosophy to provide a&hellip;<\/p>","protected":false},"author":4,"featured_media":0,"parent":0,"menu_order":0,"comment_status":"closed","ping_status":"closed","template":"","meta":{"footnotes":""},"class_list":["post-431","page","type-page","status-publish","hentry"],"_links":{"self":[{"href":"https:\/\/soluclean.eu\/cs\/wp-json\/wp\/v2\/pages\/431","targetHints":{"allow":["GET"]}}],"collection":[{"href":"https:\/\/soluclean.eu\/cs\/wp-json\/wp\/v2\/pages"}],"about":[{"href":"https:\/\/soluclean.eu\/cs\/wp-json\/wp\/v2\/types\/page"}],"author":[{"embeddable":true,"href":"https:\/\/soluclean.eu\/cs\/wp-json\/wp\/v2\/users\/4"}],"replies":[{"embeddable":true,"href":"https:\/\/soluclean.eu\/cs\/wp-json\/wp\/v2\/comments?post=431"}],"version-history":[{"count":11,"href":"https:\/\/soluclean.eu\/cs\/wp-json\/wp\/v2\/pages\/431\/revisions"}],"predecessor-version":[{"id":1654,"href":"https:\/\/soluclean.eu\/cs\/wp-json\/wp\/v2\/pages\/431\/revisions\/1654"}],"wp:attachment":[{"href":"https:\/\/soluclean.eu\/cs\/wp-json\/wp\/v2\/media?parent=431"}],"curies":[{"name":"wp","href":"https:\/\/api.w.org\/{rel}","templated":true}]}}