{"id":419,"date":"2022-08-26T17:54:14","date_gmt":"2022-08-26T16:54:14","guid":{"rendered":"https:\/\/soluclean.eu\/?page_id=419"},"modified":"2023-01-30T21:44:56","modified_gmt":"2023-01-30T21:44:56","slug":"carbon-calculator","status":"publish","type":"page","link":"https:\/\/soluclean.eu\/cs\/kalkulacka-uhliku\/","title":{"rendered":"Uhl\u00edkov\u00e1 kalkula\u010dka"},"content":{"rendered":"<!-- \n          <img decoding=\"async\" src=\"https:\/\/solupak.com\/wp-content\/uploads\/2021\/07\/yellow-green-bottle.png\" \/>\n         -->\n          \t<h2>Kolik plast\u016f m\u016f\u017eete u\u0161et\u0159it?<\/h2>\n        <!-- \n          <img decoding=\"async\" src=\"https:\/\/solupak.com\/wp-content\/uploads\/2021\/07\/blue-red-bottle.png\" \/>\n         -->\n          <form action=\"\">\n                      <input name=\"bottle-count\" id=\"sp-bottle-count\" type=\"text\" value=\"0\"><label for=\"sp-bottle-count\">Po\u010det pou\u017eit\u00fdch plastov\u00fdch lahv\u00ed za m\u011bs\u00edc<\/label>\n                        <select name=\"bottle-size\" id=\"sp-bottle-size\">\n                          <option value=\"\"><\/option>\n                          <option value=\"750ml\">750 ml<\/option>\n                          <option value=\"1l\">1l<\/option>\n                          <option value=\"5l\">5l<\/option>\n                          <option value=\"10l\">10l<\/option>\n                          <option value=\"25l\">25l<\/option>\n                        <\/select>\n                      <label for=\"sp-bottle-size\">Vyberte pros\u00edm velikost kontejneru<\/label>\n                    <button type=\"button\" onclick=\"proceed();\">V\u00fdpo\u010det<\/button> \n                  <input name=\"email-address\" id=\"sp-email-address\" type=\"email\" placeholder=\"Pro zobrazen\u00ed v\u00fdsledk\u016f zadejte svou e-mailovou adresu\">\n                    <button type=\"button\" onclick=\"submitWithEmail();\">Odeslat<\/button> \n          <input type=\"hidden\" name=\"trp-form-language\" value=\"cs\"\/><\/form>\n            <video id=\"sp-calc-video\">\n              <source src=\"https:\/\/solupak.com\/wp-content\/uploads\/2021\/07\/Solupak-Falling-Items-White-1.m4v\" type=\"video\/mp4\">\n            <\/video>\n              You could save\n               tonnes of plastic every year\n              call today to start saving!\n              +44 (0) 1924 565120\n                  <button type=\"button\" onclick=\"reset();\">Za\u010dn\u011bte znovu<\/button> \n              <img decoding=\"async\" src=\"\/wp-content\/uploads\/2022\/08\/Speech-Mark.png\">\n            <p>The biggest benefit for the end-user is the huge reduction in single use plastic waste, we estimate that we&#8217;ve saved over 6000 KGS of plastic from entering the waste streams in our client premises.<\/p>          \n                <strong>Danny Gostt<\/strong>\n                Provozn\u00ed \u0159editel TSS\n              <img decoding=\"async\" src=\"\/wp-content\/uploads\/2022\/08\/Speech-Mark.png\">\n            <p>\"Jako rodina a dob\u0159e respektovan\u00fd komer\u010dn\u00ed \u00faklid a podpora k pou\u017eit\u00ed, co\u017e je d\u016fvod, pro\u010d na\u0161e partnerstv\u00ed se spole\u010dnost\u00ed Solupak bylo \u00fasp\u011b\u0161n\u00e9... za\u010dali jsme zav\u00e1d\u011bt produkty Solupak v roce 2018 a tento p\u0159echod byl proveden s lehkost\u00ed, d\u00edky cenn\u00fdm \u0161kolic\u00edm materi\u00e1l\u016fm a slu\u017eb\u00e1m, kter\u00e9 poskytl jejich t\u00fdm. Produkty Solupak n\u00e1m b\u011b\u017eely tak hladce, jak jen to bylo mo\u017en\u00e9.\"<\/p>          \n                <strong>Mike Rowley<\/strong>\n                Provozn\u00ed \u0159editel\n              <img decoding=\"async\" src=\"\/wp-content\/uploads\/2022\/08\/Speech-Mark.png\">\n            <p>&#8220;We started using the Solupak products in 2018 after having some trouble with previous suppliers who turned out to be unreliable. We have never had an issue with obtaining stock from Solupak, and the products have been the most effective that we have tried.&#8221;<\/p>          \n                <strong>Eoin O&#8217;Brien<\/strong>\n                Provozn\u00ed \u0159editel\n              <img decoding=\"async\" src=\"\/wp-content\/uploads\/2022\/08\/Speech-Mark.png\">\n            <p>Reakce na\u0161ich koleg\u016f z maloobchodu byla vynikaj\u00edc\u00ed, rychle si toto inovativn\u00ed \u0159e\u0161en\u00ed osvojili a velmi si ho pochvalovali.<\/p>          \n                <strong>Ally Stephensonov\u00e1<\/strong>\n                Vedouc\u00ed odd\u011blen\u00ed n\u00e1kupu (GNFR)","protected":false},"excerpt":{"rendered":"<p>How much plastic could you save? Number of plastic bottles used per month 750ml1l5l10l25l Please select container size Calculate Submit You could save tonnes of plastic every year call today to start saving! +44 (0) 1924 565120 Start again The biggest benefit for the end-user is the huge reduction in single use plastic waste, we&hellip;<\/p>","protected":false},"author":4,"featured_media":0,"parent":0,"menu_order":0,"comment_status":"closed","ping_status":"closed","template":"","meta":{"footnotes":""},"class_list":["post-419","page","type-page","status-publish","hentry"],"_links":{"self":[{"href":"https:\/\/soluclean.eu\/cs\/wp-json\/wp\/v2\/pages\/419","targetHints":{"allow":["GET"]}}],"collection":[{"href":"https:\/\/soluclean.eu\/cs\/wp-json\/wp\/v2\/pages"}],"about":[{"href":"https:\/\/soluclean.eu\/cs\/wp-json\/wp\/v2\/types\/page"}],"author":[{"embeddable":true,"href":"https:\/\/soluclean.eu\/cs\/wp-json\/wp\/v2\/users\/4"}],"replies":[{"embeddable":true,"href":"https:\/\/soluclean.eu\/cs\/wp-json\/wp\/v2\/comments?post=419"}],"version-history":[{"count":11,"href":"https:\/\/soluclean.eu\/cs\/wp-json\/wp\/v2\/pages\/419\/revisions"}],"predecessor-version":[{"id":1653,"href":"https:\/\/soluclean.eu\/cs\/wp-json\/wp\/v2\/pages\/419\/revisions\/1653"}],"wp:attachment":[{"href":"https:\/\/soluclean.eu\/cs\/wp-json\/wp\/v2\/media?parent=419"}],"curies":[{"name":"wp","href":"https:\/\/api.w.org\/{rel}","templated":true}]}}