{"id":2,"date":"2022-08-04T09:47:42","date_gmt":"2022-08-04T08:47:42","guid":{"rendered":"https:\/\/soluclean.eu\/?page_id=2"},"modified":"2023-01-17T15:27:22","modified_gmt":"2023-01-17T15:27:22","slug":"home","status":"publish","type":"page","link":"https:\/\/soluclean.eu\/cs\/","title":{"rendered":"Home"},"content":{"rendered":"<img decoding=\"async\" src=\"https:\/\/soluclean.eu\/wp-content\/uploads\/2022\/08\/Banner-Image.png\" alt=\"Banner-obr\u00e1zek\" itemprop=\"image\" height=\"830\" width=\"2000\" title=\"Banner-obr\u00e1zek\" onerror=\"this.style.display='none'\">\n    Sustainably Derived \u2013 \n    Plastic free cleaning\n<h2>\n\t\tNa\u0161e posl\u00e1n\u00ed\n\t<\/h2>\n\t<p>B\u00fdt p\u0159edn\u00edm v\u00fdrobcem \u00fa\u010dinn\u00fdch a cenov\u011b v\u00fdhodn\u00fdch \u010distic\u00edch koncentr\u00e1t\u016f balen\u00fdch do s\u00e1\u010dk\u016f rozpustn\u00fdch ve vod\u011b, vyr\u00e1b\u011bn\u00fdch podle nejvy\u0161\u0161\u00edch mo\u017en\u00fdch etick\u00fdch standard\u016f.<\/p>\n  <a href=\"https:\/\/soluclean.eu\/cs\/o-nas\/\" target=\"_self\" rel=\"noopener\">\n    Zjist\u011bte v\u00edce\n  <\/a>\n<h2>\n\t\tU\u0161et\u0159ete v\u00edce ne\u017e jen pen\u00edze\n\t<\/h2>\n      <img decoding=\"async\" src=\"https:\/\/soluclean.eu\/wp-content\/uploads\/2022\/08\/Ballon-1.png\">\n      99% Zapalova\u010d\n\n      <img decoding=\"async\" src=\"https:\/\/soluclean.eu\/wp-content\/uploads\/2022\/08\/magnify-glass.png\">\n      70% M\u00e9n\u011b balen\u00ed\n\n      <img decoding=\"async\" src=\"https:\/\/soluclean.eu\/wp-content\/uploads\/2022\/08\/world.png\">\n      90% \u00daspora CO2\n\n      <img decoding=\"async\" src=\"https:\/\/soluclean.eu\/wp-content\/uploads\/2022\/08\/box.png\">\n      96% v\u00edce \u00falo\u017en\u00e9ho prostoru\n\n      <img decoding=\"async\" src=\"https:\/\/soluclean.eu\/wp-content\/uploads\/2022\/08\/piggy-bank-1.png\">\n      60% \u00faspory v porovn\u00e1n\u00ed s produktem Ready To Use\n\n      <img decoding=\"async\" src=\"https:\/\/soluclean.eu\/wp-content\/uploads\/2022\/08\/sachet.png\">\n      3 235 560 s\u00e1\u010dk\u016f prodan\u00fdch v roce 2021\n\n\t<h2>Pod\u00edvejte se na na\u0161i animaci a zjist\u011bte v\u00edce!<\/h2>\n\t<iframe width=\"560\" height=\"315\" src=\"https:\/\/www.youtube.com\/embed\/MpsmykF4PlI\" title=\"P\u0159ehr\u00e1va\u010d vide\u00ed YouTube\" frameborder=\"0\" allow=\"accelerometer; autoplay; clipboard-write; encrypted-media; gyroscope; picture-in-picture\" allowfullscreen=\"\"><\/iframe>\n<h2>\n\t\tNa\u0161e produkty\n\t<\/h2>\n      <a href=\"https:\/\/soluclean.eu\/cs\/product\/tezky-odmastovac\/\">\n          \t<img decoding=\"async\" src=\"https:\/\/soluclean.eu\/wp-content\/uploads\/2022\/08\/Heavy-duty-degreaser-Transparent-background.png\">\n            <h3>Heavy Duty Degreaser<\/h3>\n      <\/a>\n      <a href=\"https:\/\/soluclean.eu\/cs\/product\/automaticke-myti-nadobi\/\">\n          \t<img decoding=\"async\" src=\"https:\/\/soluclean.eu\/wp-content\/uploads\/2022\/08\/Auto-Dishwash-Transparent-background.png\">\n            <h3>Auto Dishwash<\/h3>\n      <\/a>\n      <a href=\"https:\/\/soluclean.eu\/cs\/product\/povrchova-dezinfekce-bezpecna-pro-potraviny\/\">\n          \t<img decoding=\"async\" src=\"https:\/\/soluclean.eu\/wp-content\/uploads\/2022\/08\/Surface-sanitiser-Transparent-background.png\">\n            <h3>Surface Sanitiser Food Safe<\/h3>\n      <\/a>\n      <a href=\"https:\/\/soluclean.eu\/cs\/product\/osvezovac-vzduchu\/\">\n          \t<img decoding=\"async\" src=\"https:\/\/soluclean.eu\/wp-content\/uploads\/2022\/09\/Air-Freshener-Bottle-Transparent-background.png\">\n            <h3>Air Freshener<\/h3>\n      <\/a>\n      <a href=\"https:\/\/soluclean.eu\/cs\/product\/biologicky-cistic-koupelen\/\">\n          \t<img decoding=\"async\" src=\"https:\/\/soluclean.eu\/wp-content\/uploads\/2022\/08\/Bio-washroom-cleaner-transparent-background.png\">\n            <h3>Biological Washroom Cleaner<\/h3>\n      <\/a>\n      <a href=\"https:\/\/soluclean.eu\/cs\/product\/univerzalni-cistici-prostredek-2\/\">\n          \t<img decoding=\"async\" src=\"https:\/\/soluclean.eu\/wp-content\/uploads\/2022\/08\/All-purpose-Cleaner-Transparent-Background.png\">\n            <h3>All Purpose Cleaner<\/h3>\n      <\/a>\n      <a href=\"https:\/\/soluclean.eu\/cs\/product\/cistic-koupelen-2\/\">\n          \t<img decoding=\"async\" src=\"https:\/\/soluclean.eu\/wp-content\/uploads\/2022\/08\/Washroom-cleaner-Transparent-background.png\">\n            <h3>Washroom Cleaner<\/h3>\n      <\/a>\n      <a href=\"https:\/\/soluclean.eu\/cs\/product\/odmastovaci-a-cistici-prostredek\/\">\n          \t<img decoding=\"async\" src=\"https:\/\/soluclean.eu\/wp-content\/uploads\/2022\/08\/Degreaser-cleaner-transparent-background-1.png\">\n            <h3>Degreaser Cleaner<\/h3>\n      <\/a>\n  <a href=\"\/cs\/products\/\" target=\"_self\" rel=\"noopener\">\n    Zobrazit v\u0161echny produkty\n  <\/a>\n<h2>\n\t\tZku\u0161enosti\n\t<\/h2>\n              <img decoding=\"async\" src=\"\/wp-content\/uploads\/2022\/08\/Speech-Mark.png\">\n            <p>The biggest benefit for the end-user is the huge reduction in single use plastic waste, we estimate that we&#8217;ve saved over 6000 KGS of plastic from entering the waste streams in our client premises.<\/p>          \n                <strong>Danny Gostt<\/strong>\n                Provozn\u00ed \u0159editel TSS\n              <img decoding=\"async\" src=\"\/wp-content\/uploads\/2022\/08\/Speech-Mark.png\">\n            <p>\"Jako rodina a dob\u0159e respektovan\u00fd komer\u010dn\u00ed \u00faklid a podpora k pou\u017eit\u00ed, co\u017e je d\u016fvod, pro\u010d na\u0161e partnerstv\u00ed se spole\u010dnost\u00ed Solupak bylo \u00fasp\u011b\u0161n\u00e9... za\u010dali jsme zav\u00e1d\u011bt produkty Solupak v roce 2018 a tento p\u0159echod byl proveden s lehkost\u00ed, d\u00edky cenn\u00fdm \u0161kolic\u00edm materi\u00e1l\u016fm a slu\u017eb\u00e1m, kter\u00e9 poskytl jejich t\u00fdm. Produkty Solupak n\u00e1m b\u011b\u017eely tak hladce, jak jen to bylo mo\u017en\u00e9.\"<\/p>          \n                <strong>Mike Rowley<\/strong>\n                Provozn\u00ed \u0159editel\n              <img decoding=\"async\" src=\"\/wp-content\/uploads\/2022\/08\/Speech-Mark.png\">\n            <p>&#8220;We started using the Solupak products in 2018 after having some trouble with previous suppliers who turned out to be unreliable. We have never had an issue with obtaining stock from Solupak, and the products have been the most effective that we have tried.&#8221;<\/p>          \n                <strong>Eoin O&#8217;Brien<\/strong>\n                Provozn\u00ed \u0159editel\n              <img decoding=\"async\" src=\"\/wp-content\/uploads\/2022\/08\/Speech-Mark.png\">\n            <p>Reakce na\u0161ich koleg\u016f z maloobchodu byla vynikaj\u00edc\u00ed, rychle si toto inovativn\u00ed \u0159e\u0161en\u00ed osvojili a velmi si ho pochvalovali.<\/p>          \n                <strong>Ally Stephensonov\u00e1<\/strong>\n                Vedouc\u00ed odd\u011blen\u00ed n\u00e1kupu (GNFR)\n<h2>\n\t\tSoci\u00e1ln\u00ed\n\t<\/h2>\nhttps:\/\/www.linkedin.com\/embed\/feed\/update\/urn:li:share:6962340683923742720\n<iframe src=\"https:\/\/www.linkedin.com\/embed\/feed\/update\/urn:li:share:6962340683923742720\" height=\"725\" width=\"504\" frameborder=\"0\" allowfullscreen=\"\" title=\"Vlo\u017een\u00fd p\u0159\u00edsp\u011bvek\"><\/iframe>https:\/\/www.linkedin.com\/embed\/feed\/update\/urn:li:share:6958711703815520256\n<iframe src=\"https:\/\/www.linkedin.com\/embed\/feed\/update\/urn:li:share:6958711703815520256\" height=\"725\" width=\"504\" frameborder=\"0\" allowfullscreen=\"\" title=\"Vlo\u017een\u00fd p\u0159\u00edsp\u011bvek\"><\/iframe>","protected":false},"excerpt":{"rendered":"<p>Sustainably Derived \u2013 Plastic free cleaning Our Mission To be the leading producer of effective and value-for-money cleaning concentrate, packed in water soluble film sachets, made by adopting the highest possible ethical standards. Find out more Save more than just money 99% Lighter 70% Less Packaging 90% CO2 savings 96% more storage space 60% savings&hellip;<\/p>","protected":false},"author":4,"featured_media":0,"parent":0,"menu_order":0,"comment_status":"closed","ping_status":"closed","template":"","meta":{"footnotes":""},"class_list":["post-2","page","type-page","status-publish","hentry"],"_links":{"self":[{"href":"https:\/\/soluclean.eu\/cs\/wp-json\/wp\/v2\/pages\/2","targetHints":{"allow":["GET"]}}],"collection":[{"href":"https:\/\/soluclean.eu\/cs\/wp-json\/wp\/v2\/pages"}],"about":[{"href":"https:\/\/soluclean.eu\/cs\/wp-json\/wp\/v2\/types\/page"}],"author":[{"embeddable":true,"href":"https:\/\/soluclean.eu\/cs\/wp-json\/wp\/v2\/users\/4"}],"replies":[{"embeddable":true,"href":"https:\/\/soluclean.eu\/cs\/wp-json\/wp\/v2\/comments?post=2"}],"version-history":[{"count":42,"href":"https:\/\/soluclean.eu\/cs\/wp-json\/wp\/v2\/pages\/2\/revisions"}],"predecessor-version":[{"id":861,"href":"https:\/\/soluclean.eu\/cs\/wp-json\/wp\/v2\/pages\/2\/revisions\/861"}],"wp:attachment":[{"href":"https:\/\/soluclean.eu\/cs\/wp-json\/wp\/v2\/media?parent=2"}],"curies":[{"name":"wp","href":"https:\/\/api.w.org\/{rel}","templated":true}]}}