{"id":1478,"date":"2023-01-09T12:43:10","date_gmt":"2023-01-09T12:43:10","guid":{"rendered":"https:\/\/soluclean.eu\/?page_id=1478"},"modified":"2023-01-17T15:28:04","modified_gmt":"2023-01-17T15:28:04","slug":"sustainability-report","status":"publish","type":"page","link":"https:\/\/soluclean.eu\/cs\/zprava-o-udrzitelnosti\/","title":{"rendered":"Zpr\u00e1va o udr\u017eitelnosti"},"content":{"rendered":"<h3><a href=\"https:\/\/soluclean.eu\/wp-content\/uploads\/2023\/01\/Solupak-Sustainability-report-2022.pdf\">ZDE si m\u016f\u017eete p\u0159e\u010d\u00edst na\u0161i zpr\u00e1vu o udr\u017eitelnosti na obdob\u00ed 2021\/2022.<\/a><\/h3><p>Tato zpr\u00e1va byla sestavena ve spolupr\u00e1ci s cel\u00fdm t\u00fdmem spole\u010dnosti Solupak. Dolo\u017eili jsme na\u0161i v\u00fdkonnost ve vztahu k p\u0159edchoz\u00edm stanoven\u00fdm c\u00edl\u016fm a nast\u00ednili jsme n\u00e1\u0161 z\u00e1vazek dos\u00e1hnout budouc\u00edch m\u011b\u0159iteln\u00fdch c\u00edl\u016f pro rok 2023 a d\u00e1le.<\/p>\n<h2>\n\t\tZku\u0161enosti\n\t<\/h2>\n              <img decoding=\"async\" src=\"\/wp-content\/uploads\/2022\/08\/Speech-Mark.png\">\n            <p>The biggest benefit for the end-user is the huge reduction in single use plastic waste, we estimate that we&#8217;ve saved over 6000 KGS of plastic from entering the waste streams in our client premises.<\/p>          \n                <strong>Danny Gostt<\/strong>\n                Provozn\u00ed \u0159editel TSS\n              <img decoding=\"async\" src=\"\/wp-content\/uploads\/2022\/08\/Speech-Mark.png\">\n            <p>\"Jako rodina a dob\u0159e respektovan\u00fd komer\u010dn\u00ed \u00faklid a podpora k pou\u017eit\u00ed, co\u017e je d\u016fvod, pro\u010d na\u0161e partnerstv\u00ed se spole\u010dnost\u00ed Solupak bylo \u00fasp\u011b\u0161n\u00e9... za\u010dali jsme zav\u00e1d\u011bt produkty Solupak v roce 2018 a tento p\u0159echod byl proveden s lehkost\u00ed, d\u00edky cenn\u00fdm \u0161kolic\u00edm materi\u00e1l\u016fm a slu\u017eb\u00e1m, kter\u00e9 poskytl jejich t\u00fdm. Produkty Solupak n\u00e1m b\u011b\u017eely tak hladce, jak jen to bylo mo\u017en\u00e9.\"<\/p>          \n                <strong>Mike Rowley<\/strong>\n                Provozn\u00ed \u0159editel\n              <img decoding=\"async\" src=\"\/wp-content\/uploads\/2022\/08\/Speech-Mark.png\">\n            <p>&#8220;We started using the Solupak products in 2018 after having some trouble with previous suppliers who turned out to be unreliable. We have never had an issue with obtaining stock from Solupak, and the products have been the most effective that we have tried.&#8221;<\/p>          \n                <strong>Eoin O&#8217;Brien<\/strong>\n                Provozn\u00ed \u0159editel\n              <img decoding=\"async\" src=\"\/wp-content\/uploads\/2022\/08\/Speech-Mark.png\">\n            <p>Reakce na\u0161ich koleg\u016f z maloobchodu byla vynikaj\u00edc\u00ed, rychle si toto inovativn\u00ed \u0159e\u0161en\u00ed osvojili a velmi si ho pochvalovali.<\/p>          \n                <strong>Ally Stephensonov\u00e1<\/strong>\n                Vedouc\u00ed odd\u011blen\u00ed n\u00e1kupu (GNFR)","protected":false},"excerpt":{"rendered":"<p>CLICK HERE to read our sustainability report for 2021\/2022. This report has been compiled in collaboration with the entire Solupak team. We have evidenced our performance in relation to previous targets set and outlined our commitment to achieve future measurable goals for 2023 and beyond. Testimonials The biggest benefit for the end-user is the huge&hellip;<\/p>","protected":false},"author":4,"featured_media":0,"parent":0,"menu_order":0,"comment_status":"closed","ping_status":"closed","template":"","meta":{"footnotes":""},"class_list":["post-1478","page","type-page","status-publish","hentry"],"_links":{"self":[{"href":"https:\/\/soluclean.eu\/cs\/wp-json\/wp\/v2\/pages\/1478","targetHints":{"allow":["GET"]}}],"collection":[{"href":"https:\/\/soluclean.eu\/cs\/wp-json\/wp\/v2\/pages"}],"about":[{"href":"https:\/\/soluclean.eu\/cs\/wp-json\/wp\/v2\/types\/page"}],"author":[{"embeddable":true,"href":"https:\/\/soluclean.eu\/cs\/wp-json\/wp\/v2\/users\/4"}],"replies":[{"embeddable":true,"href":"https:\/\/soluclean.eu\/cs\/wp-json\/wp\/v2\/comments?post=1478"}],"version-history":[{"count":5,"href":"https:\/\/soluclean.eu\/cs\/wp-json\/wp\/v2\/pages\/1478\/revisions"}],"predecessor-version":[{"id":1658,"href":"https:\/\/soluclean.eu\/cs\/wp-json\/wp\/v2\/pages\/1478\/revisions\/1658"}],"wp:attachment":[{"href":"https:\/\/soluclean.eu\/cs\/wp-json\/wp\/v2\/media?parent=1478"}],"curies":[{"name":"wp","href":"https:\/\/api.w.org\/{rel}","templated":true}]}}