{"id":111,"date":"2022-08-16T11:38:48","date_gmt":"2022-08-16T10:38:48","guid":{"rendered":"https:\/\/soluclean.eu\/?page_id=111"},"modified":"2023-03-23T10:04:01","modified_gmt":"2023-03-23T10:04:01","slug":"get-in-touch","status":"publish","type":"page","link":"https:\/\/soluclean.eu\/cs\/get-in-touch\/","title":{"rendered":"Spojte se s n\u00e1mi"},"content":{"rendered":"<p>Zavolejte n\u00e1m na \u010d\u00edslo +421 905 293 716<br>nebo n\u00e1m zanechte dotaz a my se v\u00e1m ozveme.<\/p>\n      <form id=\"cred_form_116_1_1\" action=\"https:\/\/soluclean.eu\/cs\/get-in-touch\/\" data-form=\"{&quot;form_id&quot;:&quot;cred_form_116_1_1&quot;,&quot;use_ajax&quot;:&quot;1&quot;,&quot;wpv_page&quot;:1}\" data-conditionals=\"[]\" method=\"post\" data-trp-original-action=\"\/?page_id=111&amp;fl_builder=&amp;_tt=1673969717\">\n<input type=\"text\" id=\"cred_form_116_1_1_post_title\" name=\"post_title\" value=\"\" output=\"bootstrap\" preset_value=\"\" urlparam=\"\" value_escape=\"\" make_readonly=\"\" placeholder=\"\" select_text=\"\" data-wpt-validate=\"{&quot;required&quot;:{&quot;args&quot;:{&quot;1&quot;:true},&quot;message&quot;:&quot;This field is required&quot;}}\" data-wpt-field-title=\"Website Contact Title\" data-parsley-required=\"true\" data-parsley-required-message=\"This field is required\" data-parsley-credfilesize=\"67108864\" data-wpt-type=\"textfield\" data-wpt-id=\"cred_form_116_1_1_cred_form_116_1_1_post_title\" data-wpt-name=\"post_title\">\n<input type=\"text\" id=\"cred_form_116_1_1_first-name\" name=\"wpcf-first-name\" value=\"\" output=\"bootstrap\" preset_value=\"\" urlparam=\"\" preview=\"\" previewsize=\"\" select_label=\"\" edit_label=\"\" value_escape=\"\" make_readonly=\"\" placeholder=\"Jm\u00e9no\" select_text=\"\" data-wpt-validate=\"{&quot;required&quot;:{&quot;args&quot;:{&quot;1&quot;:true},&quot;message&quot;:&quot;This field is required.&quot;}}\" data-wpt-field-title=\"First Name\" data-parsley-required=\"true\" data-parsley-required-message=\"This field is required.\" data-parsley-credfilesize=\"67108864\" data-wpt-type=\"textfield\" data-wpt-id=\"cred_form_116_1_1_cred_form_116_1_1_first-name\" data-wpt-name=\"wpcf-first-name\">\n<input type=\"text\" id=\"cred_form_116_1_1_last-name\" name=\"wpcf-last-name\" value=\"\" output=\"bootstrap\" preset_value=\"\" urlparam=\"\" preview=\"\" previewsize=\"\" select_label=\"\" edit_label=\"\" value_escape=\"\" make_readonly=\"\" placeholder=\"P\u0159\u00edjmen\u00ed\" select_text=\"\" data-wpt-validate=\"{&quot;required&quot;:{&quot;args&quot;:{&quot;1&quot;:true},&quot;message&quot;:&quot;This field is required.&quot;}}\" data-wpt-field-title=\"Last Name\" data-parsley-required=\"true\" data-parsley-required-message=\"This field is required.\" data-parsley-credfilesize=\"67108864\" data-wpt-type=\"textfield\" data-wpt-id=\"cred_form_116_1_1_cred_form_116_1_1_last-name\" data-wpt-name=\"wpcf-last-name\">\n<input type=\"text\" id=\"cred_form_116_1_1_email\" name=\"wpcf-email\" value=\"\" output=\"bootstrap\" preset_value=\"\" urlparam=\"\" preview=\"\" previewsize=\"\" select_label=\"\" edit_label=\"\" value_escape=\"\" make_readonly=\"\" placeholder=\"E-mail\" select_text=\"\" data-wpt-validate=\"{&quot;required&quot;:{&quot;args&quot;:{&quot;1&quot;:true},&quot;message&quot;:&quot;This field is required.&quot;},&quot;email&quot;:{&quot;args&quot;:{&quot;1&quot;:true},&quot;message&quot;:&quot;Please enter a valid email address.&quot;}}\" data-wpt-field-title=\"Email\" data-parsley-required=\"true\" data-parsley-required-message=\"This field is required.\" data-parsley-credfilesize=\"67108864\" data-parsley-type=\"email\" data-parsley-error-message=\"Please enter a valid email address.\" data-wpt-type=\"textfield\" data-wpt-id=\"cred_form_116_1_1_cred_form_116_1_1_email\" data-wpt-name=\"wpcf-email\">\n<input type=\"text\" id=\"cred_form_116_1_1_phone\" name=\"wpcf-phone\" value=\"\" output=\"bootstrap\" preset_value=\"\" urlparam=\"\" preview=\"\" previewsize=\"\" select_label=\"\" edit_label=\"\" value_escape=\"\" make_readonly=\"\" placeholder=\"Telefon\" select_text=\"\" data-wpt-validate=\"{&quot;required&quot;:{&quot;args&quot;:{&quot;1&quot;:true},&quot;message&quot;:&quot;This field is required.&quot;}}\" data-wpt-field-title=\"Phone\" data-parsley-required=\"true\" data-parsley-required-message=\"This field is required.\" data-parsley-credfilesize=\"67108864\" data-wpt-type=\"textfield\" data-wpt-id=\"cred_form_116_1_1_cred_form_116_1_1_phone\" data-wpt-name=\"wpcf-phone\">\n<textarea id=\"cred_form_116_1_1_message\" name=\"wpcf-message\" output=\"bootstrap\" preset_value=\"\" urlparam=\"\" preview=\"\" previewsize=\"\" select_label=\"\" edit_label=\"\" value_escape=\"\" make_readonly=\"\" placeholder=\"Zpr\u00e1va\" select_text=\"\" data-wpt-validate=\"{&quot;required&quot;:{&quot;args&quot;:{&quot;1&quot;:true},&quot;message&quot;:&quot;This field is required.&quot;}}\" data-wpt-field-title=\"Message\" data-parsley-required=\"true\" data-parsley-required-message=\"This field is required.\" data-parsley-credfilesize=\"67108864\" rows=\"5\" cols=\"1\" data-wpt-type=\"textarea\" data-wpt-id=\"cred_form_116_1_1_cred_form_116_1_1_message\" data-wpt-name=\"wpcf-message\"><\/textarea>\n    Please validate reCAPTCHA\n<input type=\"text\" id=\"cred_form_116_1_1__recaptcha\" name=\"_recaptcha\" value=\"\" data-wpt-type=\"textfield\" data-wpt-id=\"cred_form_116_1_1_cred_form_116_1_1__recaptcha\" data-wpt-name=\"_recaptcha\">\n    <input type=\"submit\" id=\"cred_form_116_1_1_form_submit_1\" name=\"form_submit_1\" value=\"Send Message\">\n<input type=\"hidden\" id=\"cred_form_116_1_1__cred_cred_wpnonce_cred_form_116_1\" name=\"_cred_cred_wpnonce_cred_form_116_1\" value=\"267b03632c\" data-wpt-id=\"cred_form_116_1_1_cred_form_116_1_1__cred_cred_wpnonce_cred_form_116_1\" data-wpt-name=\"_cred_cred_wpnonce_cred_form_116_1\"><input type=\"hidden\" id=\"cred_form_116_1_1__cred_cred_prefix_post_id\" name=\"_cred_cred_prefix_post_id\" value=\"1650\" data-wpt-id=\"cred_form_116_1_1_cred_form_116_1_1__cred_cred_prefix_post_id\" data-wpt-name=\"_cred_cred_prefix_post_id\"><input type=\"hidden\" id=\"cred_form_116_1_1__cred_cred_prefix_cred_container_id\" name=\"_cred_cred_prefix_cred_container_id\" value=\"111\" data-wpt-id=\"cred_form_116_1_1_cred_form_116_1_1__cred_cred_prefix_cred_container_id\" data-wpt-name=\"_cred_cred_prefix_cred_container_id\"><input type=\"hidden\" id=\"cred_form_116_1_1__cred_cred_prefix_form_id\" name=\"_cred_cred_prefix_form_id\" value=\"116\" data-wpt-id=\"cred_form_116_1_1_cred_form_116_1_1__cred_cred_prefix_form_id\" data-wpt-name=\"_cred_cred_prefix_form_id\"><input type=\"hidden\" id=\"cred_form_116_1_1__cred_cred_prefix_form_count\" name=\"_cred_cred_prefix_form_count\" value=\"1\" data-wpt-id=\"cred_form_116_1_1_cred_form_116_1_1__cred_cred_prefix_form_count\" data-wpt-name=\"_cred_cred_prefix_form_count\"><input type=\"hidden\" name=\"trp-form-language\" value=\"cs\"\/><\/form>\n\t<p>Soluclean opening hours are Monday to Friday 8:00 &#8211; 18:00<\/p>\n<h2>\n\t\tZku\u0161enosti\n\t<\/h2>\n              <img decoding=\"async\" src=\"\/wp-content\/uploads\/2022\/08\/Speech-Mark.png\">\n            <p>The biggest benefit for the end-user is the huge reduction in single use plastic waste, we estimate that we&#8217;ve saved over 6000 KGS of plastic from entering the waste streams in our client premises.<\/p>          \n                <strong>Danny Gostt<\/strong>\n                Provozn\u00ed \u0159editel TSS\n              <img decoding=\"async\" src=\"\/wp-content\/uploads\/2022\/08\/Speech-Mark.png\">\n            <p>\"Jako rodina a dob\u0159e respektovan\u00fd komer\u010dn\u00ed \u00faklid a podpora k pou\u017eit\u00ed, co\u017e je d\u016fvod, pro\u010d na\u0161e partnerstv\u00ed se spole\u010dnost\u00ed Solupak bylo \u00fasp\u011b\u0161n\u00e9... za\u010dali jsme zav\u00e1d\u011bt produkty Solupak v roce 2018 a tento p\u0159echod byl proveden s lehkost\u00ed, d\u00edky cenn\u00fdm \u0161kolic\u00edm materi\u00e1l\u016fm a slu\u017eb\u00e1m, kter\u00e9 poskytl jejich t\u00fdm. Produkty Solupak n\u00e1m b\u011b\u017eely tak hladce, jak jen to bylo mo\u017en\u00e9.\"<\/p>          \n                <strong>Mike Rowley<\/strong>\n                Provozn\u00ed \u0159editel\n              <img decoding=\"async\" src=\"\/wp-content\/uploads\/2022\/08\/Speech-Mark.png\">\n            <p>&#8220;We started using the Solupak products in 2018 after having some trouble with previous suppliers who turned out to be unreliable. We have never had an issue with obtaining stock from Solupak, and the products have been the most effective that we have tried.&#8221;<\/p>          \n                <strong>Eoin O&#8217;Brien<\/strong>\n                Provozn\u00ed \u0159editel\n              <img decoding=\"async\" src=\"\/wp-content\/uploads\/2022\/08\/Speech-Mark.png\">\n            <p>Reakce na\u0161ich koleg\u016f z maloobchodu byla vynikaj\u00edc\u00ed, rychle si toto inovativn\u00ed \u0159e\u0161en\u00ed osvojili a velmi si ho pochvalovali.<\/p>          \n                <strong>Ally Stephensonov\u00e1<\/strong>\n                Vedouc\u00ed odd\u011blen\u00ed n\u00e1kupu (GNFR)","protected":false},"excerpt":{"rendered":"<p>Call us now on or leave us an enquiry and we will get back to you Please validate reCAPTCHA Soluclean opening hours are Monday to Friday 8:00 &#8211; 18:00 Testimonials The biggest benefit for the end-user is the huge reduction in single use plastic waste, we estimate that we&#8217;ve saved over 6000 KGS of plastic&hellip;<\/p>","protected":false},"author":4,"featured_media":0,"parent":0,"menu_order":0,"comment_status":"closed","ping_status":"closed","template":"","meta":{"footnotes":""},"class_list":["post-111","page","type-page","status-publish","hentry"],"_links":{"self":[{"href":"https:\/\/soluclean.eu\/cs\/wp-json\/wp\/v2\/pages\/111","targetHints":{"allow":["GET"]}}],"collection":[{"href":"https:\/\/soluclean.eu\/cs\/wp-json\/wp\/v2\/pages"}],"about":[{"href":"https:\/\/soluclean.eu\/cs\/wp-json\/wp\/v2\/types\/page"}],"author":[{"embeddable":true,"href":"https:\/\/soluclean.eu\/cs\/wp-json\/wp\/v2\/users\/4"}],"replies":[{"embeddable":true,"href":"https:\/\/soluclean.eu\/cs\/wp-json\/wp\/v2\/comments?post=111"}],"version-history":[{"count":4,"href":"https:\/\/soluclean.eu\/cs\/wp-json\/wp\/v2\/pages\/111\/revisions"}],"predecessor-version":[{"id":1670,"href":"https:\/\/soluclean.eu\/cs\/wp-json\/wp\/v2\/pages\/111\/revisions\/1670"}],"wp:attachment":[{"href":"https:\/\/soluclean.eu\/cs\/wp-json\/wp\/v2\/media?parent=111"}],"curies":[{"name":"wp","href":"https:\/\/api.w.org\/{rel}","templated":true}]}}