{"id":1059,"date":"2022-11-30T14:21:46","date_gmt":"2022-11-30T14:21:46","guid":{"rendered":"https:\/\/soluclean.eu\/?page_id=1059"},"modified":"2023-01-17T15:27:50","modified_gmt":"2023-01-17T15:27:50","slug":"keycards","status":"publish","type":"page","link":"https:\/\/soluclean.eu\/cs\/klicenky\/","title":{"rendered":"Karty kl\u00ed\u010d\u016f"},"content":{"rendered":"<p><a href=\"https:\/\/soluclean.eu\/wp-content\/uploads\/2022\/11\/Key_cards_-_All_cards_for_web.pdf\">KLIKN\u011aTE ZDE pro p\u0159\u00edstup k na\u0161\u00ed kompletn\u00ed nab\u00eddce produktov\u00fdch karet Kl\u00ed\u010d. V\u0161echny informace a n\u00e1vody k jednotliv\u00fdm produkt\u016fm soluCLEAN.<\/a><\/p>\n<h2>\n\t\tZku\u0161enosti\n\t<\/h2>\n              <img decoding=\"async\" src=\"\/wp-content\/uploads\/2022\/08\/Speech-Mark.png\">\n            <p>The biggest benefit for the end-user is the huge reduction in single use plastic waste, we estimate that we&#8217;ve saved over 6000 KGS of plastic from entering the waste streams in our client premises.<\/p>          \n                <strong>Danny Gostt<\/strong>\n                Provozn\u00ed \u0159editel TSS\n              <img decoding=\"async\" src=\"\/wp-content\/uploads\/2022\/08\/Speech-Mark.png\">\n            <p>\"Jako rodina a dob\u0159e respektovan\u00fd komer\u010dn\u00ed \u00faklid a podpora k pou\u017eit\u00ed, co\u017e je d\u016fvod, pro\u010d na\u0161e partnerstv\u00ed se spole\u010dnost\u00ed Solupak bylo \u00fasp\u011b\u0161n\u00e9... za\u010dali jsme zav\u00e1d\u011bt produkty Solupak v roce 2018 a tento p\u0159echod byl proveden s lehkost\u00ed, d\u00edky cenn\u00fdm \u0161kolic\u00edm materi\u00e1l\u016fm a slu\u017eb\u00e1m, kter\u00e9 poskytl jejich t\u00fdm. Produkty Solupak n\u00e1m b\u011b\u017eely tak hladce, jak jen to bylo mo\u017en\u00e9.\"<\/p>          \n                <strong>Mike Rowley<\/strong>\n                Provozn\u00ed \u0159editel\n              <img decoding=\"async\" src=\"\/wp-content\/uploads\/2022\/08\/Speech-Mark.png\">\n            <p>&#8220;We started using the Solupak products in 2018 after having some trouble with previous suppliers who turned out to be unreliable. We have never had an issue with obtaining stock from Solupak, and the products have been the most effective that we have tried.&#8221;<\/p>          \n                <strong>Eoin O&#8217;Brien<\/strong>\n                Provozn\u00ed \u0159editel\n              <img decoding=\"async\" src=\"\/wp-content\/uploads\/2022\/08\/Speech-Mark.png\">\n            <p>Reakce na\u0161ich koleg\u016f z maloobchodu byla vynikaj\u00edc\u00ed, rychle si toto inovativn\u00ed \u0159e\u0161en\u00ed osvojili a velmi si ho pochvalovali.<\/p>          \n                <strong>Ally Stephensonov\u00e1<\/strong>\n                Vedouc\u00ed odd\u011blen\u00ed n\u00e1kupu (GNFR)","protected":false},"excerpt":{"rendered":"<p>CLICK HERE to access our full range of product Key cards. For all the information and Instructions for each individual soluCLEAN product. Testimonials The biggest benefit for the end-user is the huge reduction in single use plastic waste, we estimate that we&#8217;ve saved over 6000 KGS of plastic from entering the waste streams in our&hellip;<\/p>","protected":false},"author":4,"featured_media":0,"parent":0,"menu_order":0,"comment_status":"closed","ping_status":"closed","template":"","meta":{"footnotes":""},"class_list":["post-1059","page","type-page","status-publish","hentry"],"_links":{"self":[{"href":"https:\/\/soluclean.eu\/cs\/wp-json\/wp\/v2\/pages\/1059","targetHints":{"allow":["GET"]}}],"collection":[{"href":"https:\/\/soluclean.eu\/cs\/wp-json\/wp\/v2\/pages"}],"about":[{"href":"https:\/\/soluclean.eu\/cs\/wp-json\/wp\/v2\/types\/page"}],"author":[{"embeddable":true,"href":"https:\/\/soluclean.eu\/cs\/wp-json\/wp\/v2\/users\/4"}],"replies":[{"embeddable":true,"href":"https:\/\/soluclean.eu\/cs\/wp-json\/wp\/v2\/comments?post=1059"}],"version-history":[{"count":4,"href":"https:\/\/soluclean.eu\/cs\/wp-json\/wp\/v2\/pages\/1059\/revisions"}],"predecessor-version":[{"id":1657,"href":"https:\/\/soluclean.eu\/cs\/wp-json\/wp\/v2\/pages\/1059\/revisions\/1657"}],"wp:attachment":[{"href":"https:\/\/soluclean.eu\/cs\/wp-json\/wp\/v2\/media?parent=1059"}],"curies":[{"name":"wp","href":"https:\/\/api.w.org\/{rel}","templated":true}]}}